{"id":7140,"date":"2026-04-08T14:01:30","date_gmt":"2026-04-08T14:01:30","guid":{"rendered":"https:\/\/educaredigital.online\/loja\/produto\/paradidaticos-n2-trombeta\/"},"modified":"2026-04-09T12:04:05","modified_gmt":"2026-04-09T12:04:05","slug":"paradidaticos-n2-trombeta","status":"publish","type":"product","link":"https:\/\/educaredigital.online\/loja\/produto\/paradidaticos-n2-trombeta\/","title":{"rendered":"Paradid\u00e1ticos &#8211; N2: Trombeteie"},"content":{"rendered":"<p><strong>Paradid\u00e1ticos &#8211; N2: Trombeteie<\/strong> conta a hist\u00f3ria de um instrumento musical que, ao ser tocado, espalha alegria e encanta quem est\u00e1 por perto. Com rimas divertidas e ilustra\u00e7\u00f5es coloridas, o livro apresenta de forma l\u00fadica o universo da m\u00fasica e da banda.<\/p>\n<p>Ideal para crian\u00e7as em fase de alfabetiza\u00e7\u00e3o, a obra trabalha temas como conviv\u00eancia, express\u00e3o art\u00edstica e educa\u00e7\u00e3o musical. Uma leitura que mistura som, poesia e divers\u00e3o para os pequenos.<\/p>\n<table class=\"product-details-table\">\n<tbody>\n<tr>\n<td>Autor<\/td>\n<td>Little Pearl Books<\/td>\n<\/tr>\n<tr>\n<td>Tradutor<\/td>\n<td>Ruth Marschalek<\/td>\n<\/tr>\n<tr>\n<td>ISBN<\/td>\n<td>9788537634509<\/td>\n<\/tr>\n<tr>\n<td>Editora<\/td>\n<td>Todolivro<\/td>\n<\/tr>\n<tr>\n<td>N\u00ba de p\u00e1ginas<\/td>\n<td>22<\/td>\n<\/tr>\n<\/tbody>\n<\/table>\n","protected":false},"excerpt":{"rendered":"<p>Paradid\u00e1ticos &#8211; N2: Trombeteie conta a hist\u00f3ria de um instrumento musical que, ao ser tocado, espalha alegria e encanta quem est\u00e1 por perto. Com rimas divertidas e ilustra\u00e7\u00f5es coloridas, o livro apresenta de forma l\u00fadica o universo da m\u00fasica e<\/p>\n","protected":false},"featured_media":7139,"comment_status":"open","ping_status":"closed","template":"","meta":[],"product_brand":[],"product_cat":[202],"product_tag":[],"class_list":{"0":"post-7140","1":"product","2":"type-product","3":"status-publish","6":"product_cat-fundamental1-1ao3","8":"first","9":"instock","10":"shipping-taxable","11":"purchasable","12":"product-type-simple"},"_links":{"self":[{"href":"https:\/\/educaredigital.online\/loja\/wp-json\/wp\/v2\/product\/7140","targetHints":{"allow":["GET"]}}],"collection":[{"href":"https:\/\/educaredigital.online\/loja\/wp-json\/wp\/v2\/product"}],"about":[{"href":"https:\/\/educaredigital.online\/loja\/wp-json\/wp\/v2\/types\/product"}],"replies":[{"embeddable":true,"href":"https:\/\/educaredigital.online\/loja\/wp-json\/wp\/v2\/comments?post=7140"}],"wp:featuredmedia":[{"embeddable":true,"href":"https:\/\/educaredigital.online\/loja\/wp-json\/wp\/v2\/media\/7139"}],"wp:attachment":[{"href":"https:\/\/educaredigital.online\/loja\/wp-json\/wp\/v2\/media?parent=7140"}],"wp:term":[{"taxonomy":"product_brand","embeddable":true,"href":"https:\/\/educaredigital.online\/loja\/wp-json\/wp\/v2\/product_brand?post=7140"},{"taxonomy":"product_cat","embeddable":true,"href":"https:\/\/educaredigital.online\/loja\/wp-json\/wp\/v2\/product_cat?post=7140"},{"taxonomy":"product_tag","embeddable":true,"href":"https:\/\/educaredigital.online\/loja\/wp-json\/wp\/v2\/product_tag?post=7140"}],"curies":[{"name":"wp","href":"https:\/\/api.w.org\/{rel}","templated":true}]}}