{"id":7134,"date":"2026-04-08T14:01:07","date_gmt":"2026-04-08T14:01:07","guid":{"rendered":"https:\/\/educaredigital.online\/loja\/produto\/paradidaticos-n2-um-pesadelo\/"},"modified":"2026-04-09T12:05:24","modified_gmt":"2026-04-09T12:05:24","slug":"paradidaticos-n2-um-pesadelo","status":"publish","type":"product","link":"https:\/\/educaredigital.online\/loja\/produto\/paradidaticos-n2-um-pesadelo\/","title":{"rendered":"Paradid\u00e1ticos &#8211; N2: Um Pesadelo!"},"content":{"rendered":"<p class=\"ds-markdown-paragraph\"><strong>Paradid\u00e1ticos &#8211; N2: Um Pesadelo!<\/strong> conta uma hist\u00f3ria misteriosa e divertida sobre algo que assusta o personagem durante o sono. Com frases mais extensas e vocabul\u00e1rio simples, o livro \u00e9 indicado para leitores iniciantes do N\u00edvel 2.<\/p>\n<p class=\"ds-markdown-paragraph\">A obra faz parte da cole\u00e7\u00e3o &#8220;Hora da Leitura&#8221; da Todolivro e traz belas ilustra\u00e7\u00f5es de Rajeeb &amp; Anil Khan . Al\u00e9m da narrativa, o livro inclui sugest\u00f5es de abordagens para pais e professores, atividades de interpreta\u00e7\u00e3o de texto e roda de conversa em sala de aula.<\/p>\n<table class=\"product-details-table\">\n<tbody>\n<tr>\n<td>Autor<\/td>\n<td>Little Pearl Books<\/td>\n<\/tr>\n<tr>\n<td>Tradutor<\/td>\n<td>Ruth Marschalek<\/td>\n<\/tr>\n<tr>\n<td>ISBN<\/td>\n<td>9788537632819<\/td>\n<\/tr>\n<tr>\n<td>Editora<\/td>\n<td>Todolivro<\/td>\n<\/tr>\n<tr>\n<td>N\u00ba de p\u00e1ginas<\/td>\n<td>38<\/td>\n<\/tr>\n<\/tbody>\n<\/table>\n","protected":false},"excerpt":{"rendered":"<p>Paradid\u00e1ticos &#8211; N2: Um Pesadelo! conta uma hist\u00f3ria misteriosa e divertida sobre algo que assusta o personagem durante o sono. Com frases mais extensas e vocabul\u00e1rio simples, o livro \u00e9 indicado para leitores iniciantes do N\u00edvel 2. A obra faz<\/p>\n","protected":false},"featured_media":7133,"comment_status":"open","ping_status":"closed","template":"","meta":[],"product_brand":[],"product_cat":[202],"product_tag":[],"class_list":{"0":"post-7134","1":"product","2":"type-product","3":"status-publish","6":"product_cat-fundamental1-1ao3","8":"first","9":"instock","10":"shipping-taxable","11":"purchasable","12":"product-type-simple"},"_links":{"self":[{"href":"https:\/\/educaredigital.online\/loja\/wp-json\/wp\/v2\/product\/7134","targetHints":{"allow":["GET"]}}],"collection":[{"href":"https:\/\/educaredigital.online\/loja\/wp-json\/wp\/v2\/product"}],"about":[{"href":"https:\/\/educaredigital.online\/loja\/wp-json\/wp\/v2\/types\/product"}],"replies":[{"embeddable":true,"href":"https:\/\/educaredigital.online\/loja\/wp-json\/wp\/v2\/comments?post=7134"}],"wp:featuredmedia":[{"embeddable":true,"href":"https:\/\/educaredigital.online\/loja\/wp-json\/wp\/v2\/media\/7133"}],"wp:attachment":[{"href":"https:\/\/educaredigital.online\/loja\/wp-json\/wp\/v2\/media?parent=7134"}],"wp:term":[{"taxonomy":"product_brand","embeddable":true,"href":"https:\/\/educaredigital.online\/loja\/wp-json\/wp\/v2\/product_brand?post=7134"},{"taxonomy":"product_cat","embeddable":true,"href":"https:\/\/educaredigital.online\/loja\/wp-json\/wp\/v2\/product_cat?post=7134"},{"taxonomy":"product_tag","embeddable":true,"href":"https:\/\/educaredigital.online\/loja\/wp-json\/wp\/v2\/product_tag?post=7134"}],"curies":[{"name":"wp","href":"https:\/\/api.w.org\/{rel}","templated":true}]}}