{"id":7132,"date":"2026-04-08T14:01:06","date_gmt":"2026-04-08T14:01:06","guid":{"rendered":"https:\/\/educaredigital.online\/loja\/produto\/paradidaticos-n1-rimas-encantadas\/"},"modified":"2026-04-09T11:50:01","modified_gmt":"2026-04-09T11:50:01","slug":"paradidaticos-n1-rimas-encantadas","status":"publish","type":"product","link":"https:\/\/educaredigital.online\/loja\/produto\/paradidaticos-n1-rimas-encantadas\/","title":{"rendered":"Paradid\u00e1ticos &#8211; N1: Rimas Encantadas"},"content":{"rendered":"<div class=\"details-table-wrapper\">\n<p><strong>Paradid\u00e1ticos &#8211; N1: Rimas Encantadas<\/strong> \u00e9 um livro que utiliza versos divertidos e jogos de palavras para estimular a linguagem infantil. Por meio da repeti\u00e7\u00e3o de sons, a obra ajuda a crian\u00e7a a desenvolver a no\u00e7\u00e3o de ritmo, a forma\u00e7\u00e3o de frases, a mem\u00f3ria e a percep\u00e7\u00e3o.<\/p>\n<p>Com ilustra\u00e7\u00f5es do Belli Studio e acabamento em capa dura, o livro mostra que brincar com palavras e rimas \u00e9 a melhor maneira de aprender a ler e a se expressar. \u00c9 uma ferramenta l\u00fadica que desperta a fantasia e auxilia no desenvolvimento da comunica\u00e7\u00e3o dos pequenos.<\/p>\n<table class=\"product-details-table\">\n<tbody>\n<tr>\n<td>Autor<\/td>\n<td>Todolivro<\/td>\n<\/tr>\n<tr>\n<td>Ilustrador(a)<\/td>\n<td>Belli Studio<\/td>\n<\/tr>\n<tr>\n<td>ISBN<\/td>\n<td>9788537634158<\/td>\n<\/tr>\n<tr>\n<td>Editora<\/td>\n<td>Todolivro<\/td>\n<\/tr>\n<tr>\n<td>N\u00ba de p\u00e1ginas<\/td>\n<td>26<\/td>\n<\/tr>\n<\/tbody>\n<\/table>\n<\/div>\n","protected":false},"excerpt":{"rendered":"<p>Paradid\u00e1ticos &#8211; N1: Rimas Encantadas \u00e9 um livro que utiliza versos divertidos e jogos de palavras para estimular a linguagem infantil. Por meio da repeti\u00e7\u00e3o de sons, a obra ajuda a crian\u00e7a a desenvolver a no\u00e7\u00e3o de ritmo, a forma\u00e7\u00e3o<\/p>\n","protected":false},"featured_media":7131,"comment_status":"open","ping_status":"closed","template":"","meta":[],"product_brand":[],"product_cat":[202],"product_tag":[],"class_list":{"0":"post-7132","1":"product","2":"type-product","3":"status-publish","6":"product_cat-fundamental1-1ao3","8":"first","9":"instock","10":"shipping-taxable","11":"purchasable","12":"product-type-simple"},"_links":{"self":[{"href":"https:\/\/educaredigital.online\/loja\/wp-json\/wp\/v2\/product\/7132","targetHints":{"allow":["GET"]}}],"collection":[{"href":"https:\/\/educaredigital.online\/loja\/wp-json\/wp\/v2\/product"}],"about":[{"href":"https:\/\/educaredigital.online\/loja\/wp-json\/wp\/v2\/types\/product"}],"replies":[{"embeddable":true,"href":"https:\/\/educaredigital.online\/loja\/wp-json\/wp\/v2\/comments?post=7132"}],"wp:featuredmedia":[{"embeddable":true,"href":"https:\/\/educaredigital.online\/loja\/wp-json\/wp\/v2\/media\/7131"}],"wp:attachment":[{"href":"https:\/\/educaredigital.online\/loja\/wp-json\/wp\/v2\/media?parent=7132"}],"wp:term":[{"taxonomy":"product_brand","embeddable":true,"href":"https:\/\/educaredigital.online\/loja\/wp-json\/wp\/v2\/product_brand?post=7132"},{"taxonomy":"product_cat","embeddable":true,"href":"https:\/\/educaredigital.online\/loja\/wp-json\/wp\/v2\/product_cat?post=7132"},{"taxonomy":"product_tag","embeddable":true,"href":"https:\/\/educaredigital.online\/loja\/wp-json\/wp\/v2\/product_tag?post=7132"}],"curies":[{"name":"wp","href":"https:\/\/api.w.org\/{rel}","templated":true}]}}