{"id":7128,"date":"2026-04-08T14:00:52","date_gmt":"2026-04-08T14:00:52","guid":{"rendered":"https:\/\/educaredigital.online\/loja\/produto\/paradidaticos-n1-vamos-comemorar\/"},"modified":"2026-04-09T11:53:48","modified_gmt":"2026-04-09T11:53:48","slug":"paradidaticos-n1-vamos-comemorar","status":"publish","type":"product","link":"https:\/\/educaredigital.online\/loja\/produto\/paradidaticos-n1-vamos-comemorar\/","title":{"rendered":"Paradid\u00e1ticos &#8211; N1: Vamos Comemorar!"},"content":{"rendered":"<div class=\"details-table-wrapper\">\n<p class=\"ds-markdown-paragraph\"><strong>Paradid\u00e1ticos &#8211; N1: Vamos Comemorar!<\/strong>\u00a0\u00e9 um livro que apresenta diferentes festas e celebra\u00e7\u00f5es do calend\u00e1rio brasileiro. Com linguagem simples e ilustra\u00e7\u00f5es coloridas, a obra ajuda a crian\u00e7a a compreender a import\u00e2ncia de datas como anivers\u00e1rios, festas juninas e Natal.<\/p>\n<p class=\"ds-markdown-paragraph\">Ideal para os primeiros anos escolares, o livro trabalha conceitos de tempo, cultura e conviv\u00eancia social. Uma ferramenta paradid\u00e1tica que ensina a celebrar com alegria e respeito \u00e0s tradi\u00e7\u00f5es.<\/p>\n<table class=\"product-details-table\">\n<tbody>\n<tr>\n<td>Autor<\/td>\n<td>Suelen Katerine A. Santos<\/td>\n<\/tr>\n<tr>\n<td>Ilustrador(a)<\/td>\n<td>Belli Studio<\/td>\n<\/tr>\n<tr>\n<td>ISBN<\/td>\n<td>9788537614839<\/td>\n<\/tr>\n<tr>\n<td>Editora<\/td>\n<td>Todolivro<\/td>\n<\/tr>\n<tr>\n<td>N\u00ba de p\u00e1ginas<\/td>\n<td>26<\/td>\n<\/tr>\n<\/tbody>\n<\/table>\n<\/div>\n","protected":false},"excerpt":{"rendered":"<p>Paradid\u00e1ticos &#8211; N1: Vamos Comemorar!\u00a0\u00e9 um livro que apresenta diferentes festas e celebra\u00e7\u00f5es do calend\u00e1rio brasileiro. Com linguagem simples e ilustra\u00e7\u00f5es coloridas, a obra ajuda a crian\u00e7a a compreender a import\u00e2ncia de datas como anivers\u00e1rios, festas juninas e Natal. Ideal<\/p>\n","protected":false},"featured_media":7127,"comment_status":"open","ping_status":"closed","template":"","meta":[],"product_brand":[],"product_cat":[202],"product_tag":[],"class_list":{"0":"post-7128","1":"product","2":"type-product","3":"status-publish","6":"product_cat-fundamental1-1ao3","8":"first","9":"instock","10":"shipping-taxable","11":"purchasable","12":"product-type-simple"},"_links":{"self":[{"href":"https:\/\/educaredigital.online\/loja\/wp-json\/wp\/v2\/product\/7128","targetHints":{"allow":["GET"]}}],"collection":[{"href":"https:\/\/educaredigital.online\/loja\/wp-json\/wp\/v2\/product"}],"about":[{"href":"https:\/\/educaredigital.online\/loja\/wp-json\/wp\/v2\/types\/product"}],"replies":[{"embeddable":true,"href":"https:\/\/educaredigital.online\/loja\/wp-json\/wp\/v2\/comments?post=7128"}],"wp:featuredmedia":[{"embeddable":true,"href":"https:\/\/educaredigital.online\/loja\/wp-json\/wp\/v2\/media\/7127"}],"wp:attachment":[{"href":"https:\/\/educaredigital.online\/loja\/wp-json\/wp\/v2\/media?parent=7128"}],"wp:term":[{"taxonomy":"product_brand","embeddable":true,"href":"https:\/\/educaredigital.online\/loja\/wp-json\/wp\/v2\/product_brand?post=7128"},{"taxonomy":"product_cat","embeddable":true,"href":"https:\/\/educaredigital.online\/loja\/wp-json\/wp\/v2\/product_cat?post=7128"},{"taxonomy":"product_tag","embeddable":true,"href":"https:\/\/educaredigital.online\/loja\/wp-json\/wp\/v2\/product_tag?post=7128"}],"curies":[{"name":"wp","href":"https:\/\/api.w.org\/{rel}","templated":true}]}}