{"id":7124,"date":"2026-04-08T14:00:29","date_gmt":"2026-04-08T14:00:29","guid":{"rendered":"https:\/\/educaredigital.online\/loja\/produto\/paradidaticos-n1-a-contagem-das-macas\/"},"modified":"2026-04-09T11:47:55","modified_gmt":"2026-04-09T11:47:55","slug":"paradidaticos-n1-a-contagem-das-macas","status":"publish","type":"product","link":"https:\/\/educaredigital.online\/loja\/produto\/paradidaticos-n1-a-contagem-das-macas\/","title":{"rendered":"Paradid\u00e1ticos &#8211; N1:  A Contagem das Ma\u00e7as"},"content":{"rendered":"<p><strong>Paradid\u00e1ticos &#8211; N1: A Contagem das Ma\u00e7\u00e3s<\/strong> acompanha uma turma em uma excurs\u00e3o a uma fazenda de ma\u00e7\u00e3s. A hist\u00f3ria conta de 20 a 1, incluindo 20 etiquetas, 19 crian\u00e7as no \u00f4nibus e 18 quil\u00f4metros at\u00e9 o destino .<\/p>\n<p>Com ilustra\u00e7\u00f5es vibrantes em aquarela, o livro trabalha contagem, no\u00e7\u00f5es de conjunto e adi\u00e7\u00e3o simples. No final, o personagem L\u00e9o revela uma grande surpresa para os pequenos leitores<\/p>\n<div class=\"details-table-wrapper\">\n<table class=\"product-details-table\">\n<tbody>\n<tr>\n<td>Autor<\/td>\n<td>Joan Holub<\/td>\n<\/tr>\n<tr>\n<td>Tradutor<\/td>\n<td>Madalena Parisi Duarte<\/td>\n<\/tr>\n<tr>\n<td>Ilustrador(a)<\/td>\n<td>Jan Smith<\/td>\n<\/tr>\n<tr>\n<td>ISBN<\/td>\n<td>9788537639375<\/td>\n<\/tr>\n<tr>\n<td>Editora<\/td>\n<td>Todolivro<\/td>\n<\/tr>\n<tr>\n<td>N\u00ba de p\u00e1ginas<\/td>\n<td>38<\/td>\n<\/tr>\n<\/tbody>\n<\/table>\n<\/div>\n","protected":false},"excerpt":{"rendered":"<p>Paradid\u00e1ticos &#8211; N1: A Contagem das Ma\u00e7\u00e3s acompanha uma turma em uma excurs\u00e3o a uma fazenda de ma\u00e7\u00e3s. A hist\u00f3ria conta de 20 a 1, incluindo 20 etiquetas, 19 crian\u00e7as no \u00f4nibus e 18 quil\u00f4metros at\u00e9 o destino . Com<\/p>\n","protected":false},"featured_media":7123,"comment_status":"open","ping_status":"closed","template":"","meta":[],"product_brand":[],"product_cat":[202],"product_tag":[],"class_list":{"0":"post-7124","1":"product","2":"type-product","3":"status-publish","6":"product_cat-fundamental1-1ao3","8":"first","9":"instock","10":"shipping-taxable","11":"purchasable","12":"product-type-simple"},"_links":{"self":[{"href":"https:\/\/educaredigital.online\/loja\/wp-json\/wp\/v2\/product\/7124","targetHints":{"allow":["GET"]}}],"collection":[{"href":"https:\/\/educaredigital.online\/loja\/wp-json\/wp\/v2\/product"}],"about":[{"href":"https:\/\/educaredigital.online\/loja\/wp-json\/wp\/v2\/types\/product"}],"replies":[{"embeddable":true,"href":"https:\/\/educaredigital.online\/loja\/wp-json\/wp\/v2\/comments?post=7124"}],"wp:featuredmedia":[{"embeddable":true,"href":"https:\/\/educaredigital.online\/loja\/wp-json\/wp\/v2\/media\/7123"}],"wp:attachment":[{"href":"https:\/\/educaredigital.online\/loja\/wp-json\/wp\/v2\/media?parent=7124"}],"wp:term":[{"taxonomy":"product_brand","embeddable":true,"href":"https:\/\/educaredigital.online\/loja\/wp-json\/wp\/v2\/product_brand?post=7124"},{"taxonomy":"product_cat","embeddable":true,"href":"https:\/\/educaredigital.online\/loja\/wp-json\/wp\/v2\/product_cat?post=7124"},{"taxonomy":"product_tag","embeddable":true,"href":"https:\/\/educaredigital.online\/loja\/wp-json\/wp\/v2\/product_tag?post=7124"}],"curies":[{"name":"wp","href":"https:\/\/api.w.org\/{rel}","templated":true}]}}