{"id":7122,"date":"2026-04-08T14:00:22","date_gmt":"2026-04-08T14:00:22","guid":{"rendered":"https:\/\/educaredigital.online\/loja\/produto\/mini-fabulas-o-rato-do-campo-e-o-rato-da-cidade\/"},"modified":"2026-04-09T11:42:11","modified_gmt":"2026-04-09T11:42:11","slug":"mini-fabulas-o-rato-do-campo-e-o-rato-da-cidade","status":"publish","type":"product","link":"https:\/\/educaredigital.online\/loja\/produto\/mini-fabulas-o-rato-do-campo-e-o-rato-da-cidade\/","title":{"rendered":"Mini F\u00e1bulas: O Rato do Campo e o Rato da Cidade"},"content":{"rendered":"<div class=\"details-table-wrapper\">\n<p class=\"ds-markdown-paragraph\"><strong>Mini F\u00e1bulas: O Rato do Campo e o Rato da Cidade<\/strong>\u00a0conta a hist\u00f3ria de dois primos: um vivia simplesmente no campo, outro morava com luxo na cidade. O rato da cidade visitou o campo e convidou o primo para conhecer as del\u00edcias urbanas.<\/p>\n<p class=\"ds-markdown-paragraph\">Na cidade, eles encontraram banquetes, mas tamb\u00e9m sustos com c\u00e3es e gatos a todo momento. O rato do campo preferiu voltar para sua vida pacata e segura, ensinando que \u00e9 melhor ter paz do que luxo cheio de perigos.<\/p>\n<table class=\"product-details-table\">\n<tbody>\n<tr>\n<td>Autor<\/td>\n<td>Roberto Belli<\/td>\n<\/tr>\n<tr>\n<td>ilustrador(a)<\/td>\n<td>Belli Studio<\/td>\n<\/tr>\n<tr>\n<td>ISBN<\/td>\n<td>9788537601617<\/td>\n<\/tr>\n<tr>\n<td>Editora<\/td>\n<td>Todolivro<\/td>\n<\/tr>\n<tr>\n<td>N\u00ba de p\u00e1ginas<\/td>\n<td>16<\/td>\n<\/tr>\n<\/tbody>\n<\/table>\n<\/div>\n","protected":false},"excerpt":{"rendered":"<p>Mini F\u00e1bulas: O Rato do Campo e o Rato da Cidade\u00a0conta a hist\u00f3ria de dois primos: um vivia simplesmente no campo, outro morava com luxo na cidade. O rato da cidade visitou o campo e convidou o primo para conhecer<\/p>\n","protected":false},"featured_media":7121,"comment_status":"open","ping_status":"closed","template":"","meta":[],"product_brand":[],"product_cat":[202],"product_tag":[],"class_list":{"0":"post-7122","1":"product","2":"type-product","3":"status-publish","6":"product_cat-fundamental1-1ao3","8":"first","9":"instock","10":"shipping-taxable","11":"purchasable","12":"product-type-simple"},"_links":{"self":[{"href":"https:\/\/educaredigital.online\/loja\/wp-json\/wp\/v2\/product\/7122","targetHints":{"allow":["GET"]}}],"collection":[{"href":"https:\/\/educaredigital.online\/loja\/wp-json\/wp\/v2\/product"}],"about":[{"href":"https:\/\/educaredigital.online\/loja\/wp-json\/wp\/v2\/types\/product"}],"replies":[{"embeddable":true,"href":"https:\/\/educaredigital.online\/loja\/wp-json\/wp\/v2\/comments?post=7122"}],"wp:featuredmedia":[{"embeddable":true,"href":"https:\/\/educaredigital.online\/loja\/wp-json\/wp\/v2\/media\/7121"}],"wp:attachment":[{"href":"https:\/\/educaredigital.online\/loja\/wp-json\/wp\/v2\/media?parent=7122"}],"wp:term":[{"taxonomy":"product_brand","embeddable":true,"href":"https:\/\/educaredigital.online\/loja\/wp-json\/wp\/v2\/product_brand?post=7122"},{"taxonomy":"product_cat","embeddable":true,"href":"https:\/\/educaredigital.online\/loja\/wp-json\/wp\/v2\/product_cat?post=7122"},{"taxonomy":"product_tag","embeddable":true,"href":"https:\/\/educaredigital.online\/loja\/wp-json\/wp\/v2\/product_tag?post=7122"}],"curies":[{"name":"wp","href":"https:\/\/api.w.org\/{rel}","templated":true}]}}