{"id":7120,"date":"2026-04-08T14:00:21","date_gmt":"2026-04-08T14:00:21","guid":{"rendered":"https:\/\/educaredigital.online\/loja\/produto\/mini-fabulas-a-lebre-e-a-tartaruga\/"},"modified":"2026-04-09T11:41:56","modified_gmt":"2026-04-09T11:41:56","slug":"mini-fabulas-a-lebre-e-a-tartaruga","status":"publish","type":"product","link":"https:\/\/educaredigital.online\/loja\/produto\/mini-fabulas-a-lebre-e-a-tartaruga\/","title":{"rendered":"Mini F\u00e1bulas:  A Lebre e a Tartaruga"},"content":{"rendered":"<div class=\"details-table-wrapper\">\n<p class=\"ds-markdown-paragraph\"><strong>Mini F\u00e1bulas: A Lebre e a Tartaruga<\/strong>\u00a0conta a hist\u00f3ria da lebre que, por ser muito veloz, zombava da tartaruga lenta. Desafiada para uma corrida, a lebre saiu na frente e resolveu cochilar no meio do caminho.<\/p>\n<p class=\"ds-markdown-paragraph\">A tartaruga, sem parar, continuou andando devagar e chegou primeiro. A f\u00e1bula ensina que a perseveran\u00e7a e a humildade vencem a arrog\u00e2ncia e a pressa.<\/p>\n<table class=\"product-details-table\">\n<tbody>\n<tr>\n<td>Autor<\/td>\n<td>Roberto Belli<\/td>\n<\/tr>\n<tr>\n<td>ilustrador(a)<\/td>\n<td>Belli Studio<\/td>\n<\/tr>\n<tr>\n<td>ISBN<\/td>\n<td>9788537601334<\/td>\n<\/tr>\n<tr>\n<td>Editora<\/td>\n<td>Todolivro<\/td>\n<\/tr>\n<tr>\n<td>N\u00ba de p\u00e1ginas<\/td>\n<td>16<\/td>\n<\/tr>\n<\/tbody>\n<\/table>\n<\/div>\n","protected":false},"excerpt":{"rendered":"<p>Mini F\u00e1bulas: A Lebre e a Tartaruga\u00a0conta a hist\u00f3ria da lebre que, por ser muito veloz, zombava da tartaruga lenta. Desafiada para uma corrida, a lebre saiu na frente e resolveu cochilar no meio do caminho. A tartaruga, sem parar,<\/p>\n","protected":false},"featured_media":7119,"comment_status":"open","ping_status":"closed","template":"","meta":[],"product_brand":[],"product_cat":[202],"product_tag":[],"class_list":{"0":"post-7120","1":"product","2":"type-product","3":"status-publish","6":"product_cat-fundamental1-1ao3","8":"first","9":"instock","10":"shipping-taxable","11":"purchasable","12":"product-type-simple"},"_links":{"self":[{"href":"https:\/\/educaredigital.online\/loja\/wp-json\/wp\/v2\/product\/7120","targetHints":{"allow":["GET"]}}],"collection":[{"href":"https:\/\/educaredigital.online\/loja\/wp-json\/wp\/v2\/product"}],"about":[{"href":"https:\/\/educaredigital.online\/loja\/wp-json\/wp\/v2\/types\/product"}],"replies":[{"embeddable":true,"href":"https:\/\/educaredigital.online\/loja\/wp-json\/wp\/v2\/comments?post=7120"}],"wp:featuredmedia":[{"embeddable":true,"href":"https:\/\/educaredigital.online\/loja\/wp-json\/wp\/v2\/media\/7119"}],"wp:attachment":[{"href":"https:\/\/educaredigital.online\/loja\/wp-json\/wp\/v2\/media?parent=7120"}],"wp:term":[{"taxonomy":"product_brand","embeddable":true,"href":"https:\/\/educaredigital.online\/loja\/wp-json\/wp\/v2\/product_brand?post=7120"},{"taxonomy":"product_cat","embeddable":true,"href":"https:\/\/educaredigital.online\/loja\/wp-json\/wp\/v2\/product_cat?post=7120"},{"taxonomy":"product_tag","embeddable":true,"href":"https:\/\/educaredigital.online\/loja\/wp-json\/wp\/v2\/product_tag?post=7120"}],"curies":[{"name":"wp","href":"https:\/\/api.w.org\/{rel}","templated":true}]}}