{"id":7114,"date":"2026-04-08T13:59:46","date_gmt":"2026-04-08T13:59:46","guid":{"rendered":"https:\/\/educaredigital.online\/loja\/produto\/mini-fabulas-a-galinha-e-os-ovos-de-ouro\/"},"modified":"2026-04-09T11:41:17","modified_gmt":"2026-04-09T11:41:17","slug":"mini-fabulas-a-galinha-e-os-ovos-de-ouro","status":"publish","type":"product","link":"https:\/\/educaredigital.online\/loja\/produto\/mini-fabulas-a-galinha-e-os-ovos-de-ouro\/","title":{"rendered":"Mini F\u00e1bulas: A Galinha e os Ovos de Ouro"},"content":{"rendered":"<div class=\"details-table-wrapper\">\n<p class=\"ds-markdown-paragraph\"><strong>Mini F\u00e1bulas: A Galinha dos Ovos de Ouro<\/strong>\u00a0conta a hist\u00f3ria de um campon\u00eas que possu\u00eda uma galinha capaz de botar ovos de ouro puro. Insatisfeito com um ovo por dia, ele matou a galinha pensando em pegar todo o ouro de uma s\u00f3 vez.<\/p>\n<p class=\"ds-markdown-paragraph\">Ao abri-la, descobriu que ela era igual a qualquer outra galinha por dentro. A f\u00e1bula ensina que a gan\u00e2ncia pode destruir aquilo que nos traz sustento.<\/p>\n<table class=\"product-details-table\">\n<tbody>\n<tr>\n<td>Autor<\/td>\n<td>Roberto Belli<\/td>\n<\/tr>\n<tr>\n<td>ilustrador(a)<\/td>\n<td>Belli Studio<\/td>\n<\/tr>\n<tr>\n<td>ISBN<\/td>\n<td>9788537601310<\/td>\n<\/tr>\n<tr>\n<td>Editora<\/td>\n<td>Todolivro<\/td>\n<\/tr>\n<tr>\n<td>N\u00ba de p\u00e1ginas<\/td>\n<td>16<\/td>\n<\/tr>\n<\/tbody>\n<\/table>\n<\/div>\n","protected":false},"excerpt":{"rendered":"<p>Mini F\u00e1bulas: A Galinha dos Ovos de Ouro\u00a0conta a hist\u00f3ria de um campon\u00eas que possu\u00eda uma galinha capaz de botar ovos de ouro puro. Insatisfeito com um ovo por dia, ele matou a galinha pensando em pegar todo o ouro<\/p>\n","protected":false},"featured_media":0,"comment_status":"open","ping_status":"closed","template":"","meta":[],"product_brand":[],"product_cat":[202],"product_tag":[],"class_list":{"1":"product","2":"type-product","3":"status-publish","5":"product_cat-fundamental1-1ao3","7":"first","8":"instock","9":"shipping-taxable","10":"purchasable","11":"product-type-simple"},"_links":{"self":[{"href":"https:\/\/educaredigital.online\/loja\/wp-json\/wp\/v2\/product\/7114","targetHints":{"allow":["GET"]}}],"collection":[{"href":"https:\/\/educaredigital.online\/loja\/wp-json\/wp\/v2\/product"}],"about":[{"href":"https:\/\/educaredigital.online\/loja\/wp-json\/wp\/v2\/types\/product"}],"replies":[{"embeddable":true,"href":"https:\/\/educaredigital.online\/loja\/wp-json\/wp\/v2\/comments?post=7114"}],"wp:attachment":[{"href":"https:\/\/educaredigital.online\/loja\/wp-json\/wp\/v2\/media?parent=7114"}],"wp:term":[{"taxonomy":"product_brand","embeddable":true,"href":"https:\/\/educaredigital.online\/loja\/wp-json\/wp\/v2\/product_brand?post=7114"},{"taxonomy":"product_cat","embeddable":true,"href":"https:\/\/educaredigital.online\/loja\/wp-json\/wp\/v2\/product_cat?post=7114"},{"taxonomy":"product_tag","embeddable":true,"href":"https:\/\/educaredigital.online\/loja\/wp-json\/wp\/v2\/product_tag?post=7114"}],"curies":[{"name":"wp","href":"https:\/\/api.w.org\/{rel}","templated":true}]}}