{"id":7111,"date":"2026-04-08T13:59:23","date_gmt":"2026-04-08T13:59:23","guid":{"rendered":"https:\/\/educaredigital.online\/loja\/produto\/mini-fabulas-a-asssembleia-dos-ratos\/"},"modified":"2026-04-09T11:40:45","modified_gmt":"2026-04-09T11:40:45","slug":"mini-fabulas-a-asssembleia-dos-ratos","status":"publish","type":"product","link":"https:\/\/educaredigital.online\/loja\/produto\/mini-fabulas-a-asssembleia-dos-ratos\/","title":{"rendered":"Mini F\u00e1bulas: A Asssembleia dos Ratos"},"content":{"rendered":"<div class=\"details-table-wrapper\">\n<p class=\"ds-markdown-paragraph\"><strong>Mini F\u00e1bulas: A Assembleia dos Ratos<\/strong>\u00a0conta a hist\u00f3ria de ratos que viviam aterrorizados por um gato. Em uma reuni\u00e3o, um jovem rato prop\u00f5e colocar um sino no pesco\u00e7o do gato para ouvir sua chegada.<\/p>\n<p class=\"ds-markdown-paragraph\">Todos acham a ideia genial, at\u00e9 que um rato mais velho pergunta: &#8220;Quem vai amarrar o sino?&#8221; Ningu\u00e9m se oferece. A f\u00e1bula ensina que ter boas ideias \u00e9 f\u00e1cil; o dif\u00edcil \u00e9 coloc\u00e1-las em pr\u00e1tica.<\/p>\n<table class=\"product-details-table\">\n<tbody>\n<tr>\n<td>Autor<\/td>\n<td>Roberto Belli<\/td>\n<\/tr>\n<tr>\n<td>ilustrador(a)<\/td>\n<td>Belli Studio<\/td>\n<\/tr>\n<tr>\n<td>ISBN<\/td>\n<td>9788537601273<\/td>\n<\/tr>\n<tr>\n<td>Editora<\/td>\n<td>Todolivro<\/td>\n<\/tr>\n<tr>\n<td>N\u00ba de p\u00e1ginas<\/td>\n<td>16<\/td>\n<\/tr>\n<\/tbody>\n<\/table>\n<\/div>\n","protected":false},"excerpt":{"rendered":"<p>Mini F\u00e1bulas: A Assembleia dos Ratos\u00a0conta a hist\u00f3ria de ratos que viviam aterrorizados por um gato. Em uma reuni\u00e3o, um jovem rato prop\u00f5e colocar um sino no pesco\u00e7o do gato para ouvir sua chegada. Todos acham a ideia genial, at\u00e9<\/p>\n","protected":false},"featured_media":7110,"comment_status":"open","ping_status":"closed","template":"","meta":[],"product_brand":[],"product_cat":[202],"product_tag":[],"class_list":{"0":"post-7111","1":"product","2":"type-product","3":"status-publish","6":"product_cat-fundamental1-1ao3","8":"first","9":"instock","10":"shipping-taxable","11":"purchasable","12":"product-type-simple"},"_links":{"self":[{"href":"https:\/\/educaredigital.online\/loja\/wp-json\/wp\/v2\/product\/7111","targetHints":{"allow":["GET"]}}],"collection":[{"href":"https:\/\/educaredigital.online\/loja\/wp-json\/wp\/v2\/product"}],"about":[{"href":"https:\/\/educaredigital.online\/loja\/wp-json\/wp\/v2\/types\/product"}],"replies":[{"embeddable":true,"href":"https:\/\/educaredigital.online\/loja\/wp-json\/wp\/v2\/comments?post=7111"}],"wp:featuredmedia":[{"embeddable":true,"href":"https:\/\/educaredigital.online\/loja\/wp-json\/wp\/v2\/media\/7110"}],"wp:attachment":[{"href":"https:\/\/educaredigital.online\/loja\/wp-json\/wp\/v2\/media?parent=7111"}],"wp:term":[{"taxonomy":"product_brand","embeddable":true,"href":"https:\/\/educaredigital.online\/loja\/wp-json\/wp\/v2\/product_brand?post=7111"},{"taxonomy":"product_cat","embeddable":true,"href":"https:\/\/educaredigital.online\/loja\/wp-json\/wp\/v2\/product_cat?post=7111"},{"taxonomy":"product_tag","embeddable":true,"href":"https:\/\/educaredigital.online\/loja\/wp-json\/wp\/v2\/product_tag?post=7111"}],"curies":[{"name":"wp","href":"https:\/\/api.w.org\/{rel}","templated":true}]}}