{"id":7108,"date":"2026-04-08T13:58:56","date_gmt":"2026-04-08T13:58:56","guid":{"rendered":"https:\/\/educaredigital.online\/loja\/produto\/meu-sonho-de-princesa-sherazade\/"},"modified":"2026-04-09T11:25:42","modified_gmt":"2026-04-09T11:25:42","slug":"meu-sonho-de-princesa-sherazade","status":"publish","type":"product","link":"https:\/\/educaredigital.online\/loja\/produto\/meu-sonho-de-princesa-sherazade\/","title":{"rendered":"Meu Sonho de Princesa: Sherazade"},"content":{"rendered":"<div class=\"details-table-wrapper\">\n<p><strong>Meu Sonho de Princesa: Sherazade<\/strong> conta a hist\u00f3ria da jovem inteligente que decide se casar com o rei Shariar, que se casava com uma mulher diferente a cada noite e a mandava matar ao amanhecer. Na primeira noite, ela come\u00e7a a contar uma hist\u00f3ria fascinante e a interrompe no ponto mais emocionante, fazendo o rei adiar sua morte para ouvir o final.<\/p>\n<p>Com ilustra\u00e7\u00f5es delicadas e linguagem acess\u00edvel, a cole\u00e7\u00e3o Meu Sonho de Princesa encanta as pequenas leitoras. Sherazade continua contando hist\u00f3rias por mil e uma noites, at\u00e9 que o rei se apaixona por ela e revoga a senten\u00e7a, mostrando o poder da intelig\u00eancia e das palavras.<\/p>\n<table class=\"product-details-table\">\n<tbody>\n<tr>\n<td>Autor<\/td>\n<td>Cristina Marques<\/td>\n<\/tr>\n<tr>\n<td>ISBN<\/td>\n<td>9786556176338<\/td>\n<\/tr>\n<tr>\n<td>Editora<\/td>\n<td>Todolivro<\/td>\n<\/tr>\n<tr>\n<td>N\u00ba de p\u00e1ginas<\/td>\n<td>20<\/td>\n<\/tr>\n<\/tbody>\n<\/table>\n<\/div>\n","protected":false},"excerpt":{"rendered":"<p>Meu Sonho de Princesa: Sherazade conta a hist\u00f3ria da jovem inteligente que decide se casar com o rei Shariar, que se casava com uma mulher diferente a cada noite e a mandava matar ao amanhecer. Na primeira noite, ela come\u00e7a<\/p>\n","protected":false},"featured_media":7107,"comment_status":"open","ping_status":"closed","template":"","meta":[],"product_brand":[],"product_cat":[202],"product_tag":[],"class_list":{"0":"post-7108","1":"product","2":"type-product","3":"status-publish","6":"product_cat-fundamental1-1ao3","8":"first","9":"instock","10":"shipping-taxable","11":"purchasable","12":"product-type-simple"},"_links":{"self":[{"href":"https:\/\/educaredigital.online\/loja\/wp-json\/wp\/v2\/product\/7108","targetHints":{"allow":["GET"]}}],"collection":[{"href":"https:\/\/educaredigital.online\/loja\/wp-json\/wp\/v2\/product"}],"about":[{"href":"https:\/\/educaredigital.online\/loja\/wp-json\/wp\/v2\/types\/product"}],"replies":[{"embeddable":true,"href":"https:\/\/educaredigital.online\/loja\/wp-json\/wp\/v2\/comments?post=7108"}],"wp:featuredmedia":[{"embeddable":true,"href":"https:\/\/educaredigital.online\/loja\/wp-json\/wp\/v2\/media\/7107"}],"wp:attachment":[{"href":"https:\/\/educaredigital.online\/loja\/wp-json\/wp\/v2\/media?parent=7108"}],"wp:term":[{"taxonomy":"product_brand","embeddable":true,"href":"https:\/\/educaredigital.online\/loja\/wp-json\/wp\/v2\/product_brand?post=7108"},{"taxonomy":"product_cat","embeddable":true,"href":"https:\/\/educaredigital.online\/loja\/wp-json\/wp\/v2\/product_cat?post=7108"},{"taxonomy":"product_tag","embeddable":true,"href":"https:\/\/educaredigital.online\/loja\/wp-json\/wp\/v2\/product_tag?post=7108"}],"curies":[{"name":"wp","href":"https:\/\/api.w.org\/{rel}","templated":true}]}}