{"id":7100,"date":"2026-04-08T13:58:18","date_gmt":"2026-04-08T13:58:18","guid":{"rendered":"https:\/\/educaredigital.online\/loja\/produto\/meu-sonho-de-princesa-a-princesa-e-a-ervilha\/"},"modified":"2026-04-09T11:24:16","modified_gmt":"2026-04-09T11:24:16","slug":"meu-sonho-de-princesa-a-princesa-e-a-ervilha","status":"publish","type":"product","link":"https:\/\/educaredigital.online\/loja\/produto\/meu-sonho-de-princesa-a-princesa-e-a-ervilha\/","title":{"rendered":"Meu Sonho de Princesa: A Princesa e a Ervilha"},"content":{"rendered":"<div class=\"details-table-wrapper\">\n<p class=\"ds-markdown-paragraph\"><strong>Meu Sonho de Princesa: A Princesa e a Ervilha<\/strong>\u00a0conta a hist\u00f3ria de um pr\u00edncipe que buscava uma princesa de verdade para se casar. Certa noite, uma jovem chega ao castelo em meio a uma tempestade, dizendo ser princesa.<\/p>\n<p class=\"ds-markdown-paragraph\">A rainha coloca uma ervilha sob vinte colch\u00f5es e vinte edredons para testar sua sensibilidade. Na manh\u00e3 seguinte, a princesa reclama de ter dormido muito mal, provando que era uma princesa de verdade. A hist\u00f3ria ensina sobre nobreza e autenticidade.<\/p>\n<table class=\"product-details-table\">\n<tbody>\n<tr>\n<td>Autor<\/td>\n<td>Cristina Marques<\/td>\n<\/tr>\n<tr>\n<td>ISBN<\/td>\n<td>9786556176307<\/td>\n<\/tr>\n<tr>\n<td>Editora<\/td>\n<td>Todolivro<\/td>\n<\/tr>\n<tr>\n<td>N\u00ba de p\u00e1ginas<\/td>\n<td>20<\/td>\n<\/tr>\n<\/tbody>\n<\/table>\n<\/div>\n","protected":false},"excerpt":{"rendered":"<p>Meu Sonho de Princesa: A Princesa e a Ervilha\u00a0conta a hist\u00f3ria de um pr\u00edncipe que buscava uma princesa de verdade para se casar. Certa noite, uma jovem chega ao castelo em meio a uma tempestade, dizendo ser princesa. A rainha<\/p>\n","protected":false},"featured_media":7099,"comment_status":"open","ping_status":"closed","template":"","meta":[],"product_brand":[],"product_cat":[202],"product_tag":[],"class_list":{"0":"post-7100","1":"product","2":"type-product","3":"status-publish","6":"product_cat-fundamental1-1ao3","8":"first","9":"instock","10":"shipping-taxable","11":"purchasable","12":"product-type-simple"},"_links":{"self":[{"href":"https:\/\/educaredigital.online\/loja\/wp-json\/wp\/v2\/product\/7100","targetHints":{"allow":["GET"]}}],"collection":[{"href":"https:\/\/educaredigital.online\/loja\/wp-json\/wp\/v2\/product"}],"about":[{"href":"https:\/\/educaredigital.online\/loja\/wp-json\/wp\/v2\/types\/product"}],"replies":[{"embeddable":true,"href":"https:\/\/educaredigital.online\/loja\/wp-json\/wp\/v2\/comments?post=7100"}],"wp:featuredmedia":[{"embeddable":true,"href":"https:\/\/educaredigital.online\/loja\/wp-json\/wp\/v2\/media\/7099"}],"wp:attachment":[{"href":"https:\/\/educaredigital.online\/loja\/wp-json\/wp\/v2\/media?parent=7100"}],"wp:term":[{"taxonomy":"product_brand","embeddable":true,"href":"https:\/\/educaredigital.online\/loja\/wp-json\/wp\/v2\/product_brand?post=7100"},{"taxonomy":"product_cat","embeddable":true,"href":"https:\/\/educaredigital.online\/loja\/wp-json\/wp\/v2\/product_cat?post=7100"},{"taxonomy":"product_tag","embeddable":true,"href":"https:\/\/educaredigital.online\/loja\/wp-json\/wp\/v2\/product_tag?post=7100"}],"curies":[{"name":"wp","href":"https:\/\/api.w.org\/{rel}","templated":true}]}}