{"id":7097,"date":"2026-04-08T13:58:06","date_gmt":"2026-04-08T13:58:06","guid":{"rendered":"https:\/\/educaredigital.online\/loja\/produto\/meu-sonho-de-princesa-a-polegarzinha\/"},"modified":"2026-04-09T11:23:56","modified_gmt":"2026-04-09T11:23:56","slug":"meu-sonho-de-princesa-a-polegarzinha","status":"publish","type":"product","link":"https:\/\/educaredigital.online\/loja\/produto\/meu-sonho-de-princesa-a-polegarzinha\/","title":{"rendered":"Meu Sonho de Princesa: A Polegarzinha"},"content":{"rendered":"<div class=\"details-table-wrapper\">\n<p><strong>Meu Sonho de Princesa: Polegarzinha<\/strong> conta a hist\u00f3ria de uma menina min\u00fascula, nascida de uma flor, que vive diversas aventuras at\u00e9 encontrar seu lugar no mundo. Ela \u00e9 sequestrada por um sapo, acolhida por um rato do campo e salva por uma andorinha amiga.<\/p>\n<p>Com ilustra\u00e7\u00f5es delicadas e elementos interativos, a cole\u00e7\u00e3o Meu Sonho de Princesa encanta as pequenas leitoras. No final, Polegarzinha conhece um principezinho do tamanho dela e vive feliz entre as flores.<\/p>\n<table class=\"product-details-table\">\n<tbody>\n<tr>\n<td>Autor<\/td>\n<td>Cristina Marques<\/td>\n<\/tr>\n<tr>\n<td>ISBN<\/td>\n<td>9786556176291<\/td>\n<\/tr>\n<tr>\n<td>Editora<\/td>\n<td>Todolivro<\/td>\n<\/tr>\n<tr>\n<td>N\u00ba de p\u00e1ginas<\/td>\n<td>20<\/td>\n<\/tr>\n<\/tbody>\n<\/table>\n<\/div>\n","protected":false},"excerpt":{"rendered":"<p>Meu Sonho de Princesa: Polegarzinha conta a hist\u00f3ria de uma menina min\u00fascula, nascida de uma flor, que vive diversas aventuras at\u00e9 encontrar seu lugar no mundo. Ela \u00e9 sequestrada por um sapo, acolhida por um rato do campo e salva<\/p>\n","protected":false},"featured_media":7096,"comment_status":"open","ping_status":"closed","template":"","meta":[],"product_brand":[],"product_cat":[202],"product_tag":[],"class_list":{"0":"post-7097","1":"product","2":"type-product","3":"status-publish","6":"product_cat-fundamental1-1ao3","8":"first","9":"instock","10":"shipping-taxable","11":"purchasable","12":"product-type-simple"},"_links":{"self":[{"href":"https:\/\/educaredigital.online\/loja\/wp-json\/wp\/v2\/product\/7097","targetHints":{"allow":["GET"]}}],"collection":[{"href":"https:\/\/educaredigital.online\/loja\/wp-json\/wp\/v2\/product"}],"about":[{"href":"https:\/\/educaredigital.online\/loja\/wp-json\/wp\/v2\/types\/product"}],"replies":[{"embeddable":true,"href":"https:\/\/educaredigital.online\/loja\/wp-json\/wp\/v2\/comments?post=7097"}],"wp:featuredmedia":[{"embeddable":true,"href":"https:\/\/educaredigital.online\/loja\/wp-json\/wp\/v2\/media\/7096"}],"wp:attachment":[{"href":"https:\/\/educaredigital.online\/loja\/wp-json\/wp\/v2\/media?parent=7097"}],"wp:term":[{"taxonomy":"product_brand","embeddable":true,"href":"https:\/\/educaredigital.online\/loja\/wp-json\/wp\/v2\/product_brand?post=7097"},{"taxonomy":"product_cat","embeddable":true,"href":"https:\/\/educaredigital.online\/loja\/wp-json\/wp\/v2\/product_cat?post=7097"},{"taxonomy":"product_tag","embeddable":true,"href":"https:\/\/educaredigital.online\/loja\/wp-json\/wp\/v2\/product_tag?post=7097"}],"curies":[{"name":"wp","href":"https:\/\/api.w.org\/{rel}","templated":true}]}}