{"id":7094,"date":"2026-04-08T13:57:38","date_gmt":"2026-04-08T13:57:38","guid":{"rendered":"https:\/\/educaredigital.online\/loja\/produto\/meu-sonho-de-princesa-a-pequena-sereia\/"},"modified":"2026-04-09T11:23:21","modified_gmt":"2026-04-09T11:23:21","slug":"meu-sonho-de-princesa-a-pequena-sereia","status":"publish","type":"product","link":"https:\/\/educaredigital.online\/loja\/produto\/meu-sonho-de-princesa-a-pequena-sereia\/","title":{"rendered":"Meu Sonho de Princesa: A Pequena Sereia"},"content":{"rendered":"<div class=\"details-table-wrapper\">\n<div class=\"ds-message _63c77b1\">\n<div class=\"ds-markdown\">\n<p class=\"ds-markdown-paragraph\"><strong>Meu Sonho de Princesa: A Pequena Sereia<\/strong>\u00a0conta a hist\u00f3ria da sereia Ariel, que se apaixona por um pr\u00edncipe humano e faz um pacto com a bruxa do mar, trocando sua voz por pernas. Ela precisa conquistar o amor do pr\u00edncipe em tr\u00eas dias, mas ele acaba se casando com outra.<\/p>\n<p class=\"ds-markdown-paragraph\">Com ilustra\u00e7\u00f5es delicadas e elementos interativos, a cole\u00e7\u00e3o Meu Sonho de Princesa encanta as pequenas leitoras. Por sua bondade, Ariel ganha uma alma imortal, ensinando sobre amor e sacrif\u00edcio.<\/p>\n<\/div>\n<\/div>\n<table class=\"product-details-table\">\n<tbody>\n<tr>\n<td>Autor<\/td>\n<td>Cristina Marques<\/td>\n<\/tr>\n<tr>\n<td>ISBN<\/td>\n<td>9786556176284<\/td>\n<\/tr>\n<tr>\n<td>Editora<\/td>\n<td>Todolivro<\/td>\n<\/tr>\n<tr>\n<td>N\u00ba de p\u00e1ginas<\/td>\n<td>20<\/td>\n<\/tr>\n<\/tbody>\n<\/table>\n<\/div>\n","protected":false},"excerpt":{"rendered":"<p>Meu Sonho de Princesa: A Pequena Sereia\u00a0conta a hist\u00f3ria da sereia Ariel, que se apaixona por um pr\u00edncipe humano e faz um pacto com a bruxa do mar, trocando sua voz por pernas. Ela precisa conquistar o amor do pr\u00edncipe<\/p>\n","protected":false},"featured_media":7093,"comment_status":"open","ping_status":"closed","template":"","meta":[],"product_brand":[],"product_cat":[202],"product_tag":[],"class_list":{"0":"post-7094","1":"product","2":"type-product","3":"status-publish","6":"product_cat-fundamental1-1ao3","8":"first","9":"instock","10":"shipping-taxable","11":"purchasable","12":"product-type-simple"},"_links":{"self":[{"href":"https:\/\/educaredigital.online\/loja\/wp-json\/wp\/v2\/product\/7094","targetHints":{"allow":["GET"]}}],"collection":[{"href":"https:\/\/educaredigital.online\/loja\/wp-json\/wp\/v2\/product"}],"about":[{"href":"https:\/\/educaredigital.online\/loja\/wp-json\/wp\/v2\/types\/product"}],"replies":[{"embeddable":true,"href":"https:\/\/educaredigital.online\/loja\/wp-json\/wp\/v2\/comments?post=7094"}],"wp:featuredmedia":[{"embeddable":true,"href":"https:\/\/educaredigital.online\/loja\/wp-json\/wp\/v2\/media\/7093"}],"wp:attachment":[{"href":"https:\/\/educaredigital.online\/loja\/wp-json\/wp\/v2\/media?parent=7094"}],"wp:term":[{"taxonomy":"product_brand","embeddable":true,"href":"https:\/\/educaredigital.online\/loja\/wp-json\/wp\/v2\/product_brand?post=7094"},{"taxonomy":"product_cat","embeddable":true,"href":"https:\/\/educaredigital.online\/loja\/wp-json\/wp\/v2\/product_cat?post=7094"},{"taxonomy":"product_tag","embeddable":true,"href":"https:\/\/educaredigital.online\/loja\/wp-json\/wp\/v2\/product_tag?post=7094"}],"curies":[{"name":"wp","href":"https:\/\/api.w.org\/{rel}","templated":true}]}}