{"id":7092,"date":"2026-04-08T13:57:11","date_gmt":"2026-04-08T13:57:11","guid":{"rendered":"https:\/\/educaredigital.online\/loja\/produto\/meu-sonho-de-princesa-cinderela\/"},"modified":"2026-04-09T11:22:46","modified_gmt":"2026-04-09T11:22:46","slug":"meu-sonho-de-princesa-cinderela","status":"publish","type":"product","link":"https:\/\/educaredigital.online\/loja\/produto\/meu-sonho-de-princesa-cinderela\/","title":{"rendered":"Meu Sonho de Princesa: Cinderela"},"content":{"rendered":"<div class=\"details-table-wrapper\">\n<p class=\"ds-markdown-paragraph\"><strong>Meu Sonho de Princesa: Cinderela<\/strong>\u00a0conta a hist\u00f3ria da jovem que, com a ajuda de sua fada madrinha, vai ao baile do pr\u00edncipe e perde seu sapatinho de cristal \u00e0 meia-noite. O pr\u00edncipe ent\u00e3o procura por toda parte a dona do sapato, que se encaixa perfeitamente no p\u00e9 de Cinderela.<\/p>\n<p class=\"ds-markdown-paragraph\">Com ilustra\u00e7\u00f5es delicadas e elementos interativos, a cole\u00e7\u00e3o Meu Sonho de Princesa encanta as pequenas leitoras. A hist\u00f3ria ensina sobre bondade, perseveran\u00e7a e a recompensa de um cora\u00e7\u00e3o puro.<\/p>\n<table class=\"product-details-table\">\n<tbody>\n<tr>\n<td>Autor<\/td>\n<td>Cristina Marques<\/td>\n<\/tr>\n<tr>\n<td>ISBN<\/td>\n<td>9786556176277<\/td>\n<\/tr>\n<tr>\n<td>Editora<\/td>\n<td>Todolivro<\/td>\n<\/tr>\n<tr>\n<td>N\u00ba de p\u00e1ginas<\/td>\n<td>20<\/td>\n<\/tr>\n<\/tbody>\n<\/table>\n<\/div>\n","protected":false},"excerpt":{"rendered":"<p>Meu Sonho de Princesa: Cinderela\u00a0conta a hist\u00f3ria da jovem que, com a ajuda de sua fada madrinha, vai ao baile do pr\u00edncipe e perde seu sapatinho de cristal \u00e0 meia-noite. O pr\u00edncipe ent\u00e3o procura por toda parte a dona do<\/p>\n","protected":false},"featured_media":7091,"comment_status":"open","ping_status":"closed","template":"","meta":[],"product_brand":[],"product_cat":[202],"product_tag":[],"class_list":{"0":"post-7092","1":"product","2":"type-product","3":"status-publish","6":"product_cat-fundamental1-1ao3","8":"first","9":"instock","10":"shipping-taxable","11":"purchasable","12":"product-type-simple"},"_links":{"self":[{"href":"https:\/\/educaredigital.online\/loja\/wp-json\/wp\/v2\/product\/7092","targetHints":{"allow":["GET"]}}],"collection":[{"href":"https:\/\/educaredigital.online\/loja\/wp-json\/wp\/v2\/product"}],"about":[{"href":"https:\/\/educaredigital.online\/loja\/wp-json\/wp\/v2\/types\/product"}],"replies":[{"embeddable":true,"href":"https:\/\/educaredigital.online\/loja\/wp-json\/wp\/v2\/comments?post=7092"}],"wp:featuredmedia":[{"embeddable":true,"href":"https:\/\/educaredigital.online\/loja\/wp-json\/wp\/v2\/media\/7091"}],"wp:attachment":[{"href":"https:\/\/educaredigital.online\/loja\/wp-json\/wp\/v2\/media?parent=7092"}],"wp:term":[{"taxonomy":"product_brand","embeddable":true,"href":"https:\/\/educaredigital.online\/loja\/wp-json\/wp\/v2\/product_brand?post=7092"},{"taxonomy":"product_cat","embeddable":true,"href":"https:\/\/educaredigital.online\/loja\/wp-json\/wp\/v2\/product_cat?post=7092"},{"taxonomy":"product_tag","embeddable":true,"href":"https:\/\/educaredigital.online\/loja\/wp-json\/wp\/v2\/product_tag?post=7092"}],"curies":[{"name":"wp","href":"https:\/\/api.w.org\/{rel}","templated":true}]}}