{"id":7090,"date":"2026-04-08T13:56:49","date_gmt":"2026-04-08T13:56:49","guid":{"rendered":"https:\/\/educaredigital.online\/loja\/produto\/meu-sonho-de-princesa-a-branca-de-neve-e-os-7-anoes\/"},"modified":"2026-04-09T11:22:16","modified_gmt":"2026-04-09T11:22:16","slug":"meu-sonho-de-princesa-a-branca-de-neve-e-os-7-anoes","status":"publish","type":"product","link":"https:\/\/educaredigital.online\/loja\/produto\/meu-sonho-de-princesa-a-branca-de-neve-e-os-7-anoes\/","title":{"rendered":"Meu Sonho de Princesa: A Branca de Neve e os 7 An\u00f5es"},"content":{"rendered":"<div class=\"details-table-wrapper\">\n<p><strong>Meu Sonho de Princesa: Branca de Neve e os Sete An\u00f5es<\/strong> conta a hist\u00f3ria da princesa que foge da madrasta invejosa e encontra abrigo na casa dos sete an\u00f5es. A rainha m\u00e1, disfar\u00e7ada de velhinha, oferece uma ma\u00e7\u00e3 envenenada que a leva a um sono profundo.<\/p>\n<p>Com ilustra\u00e7\u00f5es delicadas e elementos interativos, a cole\u00e7\u00e3o Meu Sonho de Princesa encanta as pequenas leitoras. Apenas o beijo do pr\u00edncipe pode despert\u00e1-la, ensinando sobre bondade e o triunfo do bem sobre o mal.<\/p>\n<table class=\"product-details-table\">\n<tbody>\n<tr>\n<td>Autor<\/td>\n<td>Cristina Marques<\/td>\n<\/tr>\n<tr>\n<td>ISBN<\/td>\n<td>9786556176260<\/td>\n<\/tr>\n<tr>\n<td>Editora<\/td>\n<td>Todolivro<\/td>\n<\/tr>\n<tr>\n<td>N\u00ba de p\u00e1ginas<\/td>\n<td>20<\/td>\n<\/tr>\n<\/tbody>\n<\/table>\n<\/div>\n","protected":false},"excerpt":{"rendered":"<p>Meu Sonho de Princesa: Branca de Neve e os Sete An\u00f5es conta a hist\u00f3ria da princesa que foge da madrasta invejosa e encontra abrigo na casa dos sete an\u00f5es. A rainha m\u00e1, disfar\u00e7ada de velhinha, oferece uma ma\u00e7\u00e3 envenenada que<\/p>\n","protected":false},"featured_media":7089,"comment_status":"open","ping_status":"closed","template":"","meta":[],"product_brand":[],"product_cat":[202],"product_tag":[],"class_list":{"0":"post-7090","1":"product","2":"type-product","3":"status-publish","6":"product_cat-fundamental1-1ao3","8":"first","9":"instock","10":"shipping-taxable","11":"purchasable","12":"product-type-simple"},"_links":{"self":[{"href":"https:\/\/educaredigital.online\/loja\/wp-json\/wp\/v2\/product\/7090","targetHints":{"allow":["GET"]}}],"collection":[{"href":"https:\/\/educaredigital.online\/loja\/wp-json\/wp\/v2\/product"}],"about":[{"href":"https:\/\/educaredigital.online\/loja\/wp-json\/wp\/v2\/types\/product"}],"replies":[{"embeddable":true,"href":"https:\/\/educaredigital.online\/loja\/wp-json\/wp\/v2\/comments?post=7090"}],"wp:featuredmedia":[{"embeddable":true,"href":"https:\/\/educaredigital.online\/loja\/wp-json\/wp\/v2\/media\/7089"}],"wp:attachment":[{"href":"https:\/\/educaredigital.online\/loja\/wp-json\/wp\/v2\/media?parent=7090"}],"wp:term":[{"taxonomy":"product_brand","embeddable":true,"href":"https:\/\/educaredigital.online\/loja\/wp-json\/wp\/v2\/product_brand?post=7090"},{"taxonomy":"product_cat","embeddable":true,"href":"https:\/\/educaredigital.online\/loja\/wp-json\/wp\/v2\/product_cat?post=7090"},{"taxonomy":"product_tag","embeddable":true,"href":"https:\/\/educaredigital.online\/loja\/wp-json\/wp\/v2\/product_tag?post=7090"}],"curies":[{"name":"wp","href":"https:\/\/api.w.org\/{rel}","templated":true}]}}