{"id":7083,"date":"2026-04-08T13:55:58","date_gmt":"2026-04-08T13:55:58","guid":{"rendered":"https:\/\/educaredigital.online\/loja\/produto\/fabulas-para-aprender-o-rato-do-campo-e-o-rato-da-cidade\/"},"modified":"2026-04-09T15:04:26","modified_gmt":"2026-04-09T15:04:26","slug":"fabulas-para-aprender-o-rato-do-campo-e-o-rato-da-cidade","status":"publish","type":"product","link":"https:\/\/educaredigital.online\/loja\/produto\/fabulas-para-aprender-o-rato-do-campo-e-o-rato-da-cidade\/","title":{"rendered":"F\u00e1bulas Para Aprender: O Rato do Campo e o Rato da Cidade"},"content":{"rendered":"<p><strong>F\u00e1bulas para Aprender: O Rato do Campo e o Rato da Cidade<\/strong> conta a hist\u00f3ria de dois primos: um vivia simplesmente no campo, outro morava com luxo na cidade. O rato da cidade visitou o campo e criticou a vida simples, convidando o primo para conhecer as del\u00edcias urbanas.<\/p>\n<p>Na cidade, eles encontraram banquetes, mas tamb\u00e9m sustos com c\u00e3es e gatos a todo momento. O rato do campo preferiu voltar para sua vida pacata e segura. A f\u00e1bula ensina que \u00e9 melhor ter paz e simplicidade do que luxo cheio de perigos.<\/p>\n<table class=\"product-details-table\">\n<tbody>\n<tr>\n<td>Autor<\/td>\n<td>Roberto Belli<\/td>\n<\/tr>\n<tr>\n<td>Ilustrador(a)<\/td>\n<td>Belli Studio<\/td>\n<\/tr>\n<tr>\n<td>ISBN<\/td>\n<td>9788537635360<\/td>\n<\/tr>\n<tr>\n<td>Editora<\/td>\n<td>Todolivro<\/td>\n<\/tr>\n<tr>\n<td>N\u00ba de p\u00e1ginas<\/td>\n<td>22<\/td>\n<\/tr>\n<\/tbody>\n<\/table>\n","protected":false},"excerpt":{"rendered":"<p>F\u00e1bulas para Aprender: O Rato do Campo e o Rato da Cidade conta a hist\u00f3ria de dois primos: um vivia simplesmente no campo, outro morava com luxo na cidade. O rato da cidade visitou o campo e criticou a vida<\/p>\n","protected":false},"featured_media":7082,"comment_status":"open","ping_status":"closed","template":"","meta":[],"product_brand":[],"product_cat":[202],"product_tag":[],"class_list":{"0":"post-7083","1":"product","2":"type-product","3":"status-publish","6":"product_cat-fundamental1-1ao3","8":"first","9":"instock","10":"shipping-taxable","11":"purchasable","12":"product-type-simple"},"_links":{"self":[{"href":"https:\/\/educaredigital.online\/loja\/wp-json\/wp\/v2\/product\/7083","targetHints":{"allow":["GET"]}}],"collection":[{"href":"https:\/\/educaredigital.online\/loja\/wp-json\/wp\/v2\/product"}],"about":[{"href":"https:\/\/educaredigital.online\/loja\/wp-json\/wp\/v2\/types\/product"}],"replies":[{"embeddable":true,"href":"https:\/\/educaredigital.online\/loja\/wp-json\/wp\/v2\/comments?post=7083"}],"wp:featuredmedia":[{"embeddable":true,"href":"https:\/\/educaredigital.online\/loja\/wp-json\/wp\/v2\/media\/7082"}],"wp:attachment":[{"href":"https:\/\/educaredigital.online\/loja\/wp-json\/wp\/v2\/media?parent=7083"}],"wp:term":[{"taxonomy":"product_brand","embeddable":true,"href":"https:\/\/educaredigital.online\/loja\/wp-json\/wp\/v2\/product_brand?post=7083"},{"taxonomy":"product_cat","embeddable":true,"href":"https:\/\/educaredigital.online\/loja\/wp-json\/wp\/v2\/product_cat?post=7083"},{"taxonomy":"product_tag","embeddable":true,"href":"https:\/\/educaredigital.online\/loja\/wp-json\/wp\/v2\/product_tag?post=7083"}],"curies":[{"name":"wp","href":"https:\/\/api.w.org\/{rel}","templated":true}]}}