{"id":7081,"date":"2026-04-08T13:55:31","date_gmt":"2026-04-08T13:55:31","guid":{"rendered":"https:\/\/educaredigital.online\/loja\/produto\/fabulas-para-aprender-a-raposa-e-o-galo\/"},"modified":"2026-04-09T15:04:26","modified_gmt":"2026-04-09T15:04:26","slug":"fabulas-para-aprender-a-raposa-e-o-galo","status":"publish","type":"product","link":"https:\/\/educaredigital.online\/loja\/produto\/fabulas-para-aprender-a-raposa-e-o-galo\/","title":{"rendered":"F\u00e1bulas Para Aprender: A Raposa e o Galo"},"content":{"rendered":"<p><strong>F\u00e1bulas para Aprender: A Raposa e o Galo<\/strong> conta a hist\u00f3ria de uma raposa que tentou enganar um galo empoleirado em uma \u00e1rvore. Ela elogiou a beleza do canto do galo e sugeriu que ele descesse para cantarem juntos.<\/p>\n<p>O galo, esperto, disse que s\u00f3 desceria se a raposa chamasse o cachorro para testemunhar o encontro. Ao ouvir o nome do cachorro, a raposa fugiu assustada. A f\u00e1bula ensina que a prud\u00eancia e a intelig\u00eancia vencem a ast\u00facia dos enganadores.<\/p>\n<table class=\"product-details-table\">\n<tbody>\n<tr>\n<td>Autor<\/td>\n<td>Roberto Belli<\/td>\n<\/tr>\n<tr>\n<td>Ilustrador(a)<\/td>\n<td>Belli Studio<\/td>\n<\/tr>\n<tr>\n<td>ISBN<\/td>\n<td>9788537635353<\/td>\n<\/tr>\n<tr>\n<td>Editora<\/td>\n<td>Todolivro<\/td>\n<\/tr>\n<tr>\n<td>N\u00ba de p\u00e1ginas<\/td>\n<td>22<\/td>\n<\/tr>\n<\/tbody>\n<\/table>\n","protected":false},"excerpt":{"rendered":"<p>F\u00e1bulas para Aprender: A Raposa e o Galo conta a hist\u00f3ria de uma raposa que tentou enganar um galo empoleirado em uma \u00e1rvore. Ela elogiou a beleza do canto do galo e sugeriu que ele descesse para cantarem juntos. O<\/p>\n","protected":false},"featured_media":7080,"comment_status":"open","ping_status":"closed","template":"","meta":[],"product_brand":[],"product_cat":[202],"product_tag":[],"class_list":{"0":"post-7081","1":"product","2":"type-product","3":"status-publish","6":"product_cat-fundamental1-1ao3","8":"first","9":"instock","10":"shipping-taxable","11":"purchasable","12":"product-type-simple"},"_links":{"self":[{"href":"https:\/\/educaredigital.online\/loja\/wp-json\/wp\/v2\/product\/7081","targetHints":{"allow":["GET"]}}],"collection":[{"href":"https:\/\/educaredigital.online\/loja\/wp-json\/wp\/v2\/product"}],"about":[{"href":"https:\/\/educaredigital.online\/loja\/wp-json\/wp\/v2\/types\/product"}],"replies":[{"embeddable":true,"href":"https:\/\/educaredigital.online\/loja\/wp-json\/wp\/v2\/comments?post=7081"}],"wp:featuredmedia":[{"embeddable":true,"href":"https:\/\/educaredigital.online\/loja\/wp-json\/wp\/v2\/media\/7080"}],"wp:attachment":[{"href":"https:\/\/educaredigital.online\/loja\/wp-json\/wp\/v2\/media?parent=7081"}],"wp:term":[{"taxonomy":"product_brand","embeddable":true,"href":"https:\/\/educaredigital.online\/loja\/wp-json\/wp\/v2\/product_brand?post=7081"},{"taxonomy":"product_cat","embeddable":true,"href":"https:\/\/educaredigital.online\/loja\/wp-json\/wp\/v2\/product_cat?post=7081"},{"taxonomy":"product_tag","embeddable":true,"href":"https:\/\/educaredigital.online\/loja\/wp-json\/wp\/v2\/product_tag?post=7081"}],"curies":[{"name":"wp","href":"https:\/\/api.w.org\/{rel}","templated":true}]}}