{"id":7078,"date":"2026-04-08T13:55:03","date_gmt":"2026-04-08T13:55:03","guid":{"rendered":"https:\/\/educaredigital.online\/loja\/produto\/fabulas-para-aprender-a-raposa-e-as-uvas\/"},"modified":"2026-04-09T15:04:26","modified_gmt":"2026-04-09T15:04:26","slug":"fabulas-para-aprender-a-raposa-e-as-uvas","status":"publish","type":"product","link":"https:\/\/educaredigital.online\/loja\/produto\/fabulas-para-aprender-a-raposa-e-as-uvas\/","title":{"rendered":"F\u00e1bulas Para Aprender: A Raposa e as Uvas"},"content":{"rendered":"<p><strong>F\u00e1bulas para Aprender: A Raposa e as Uvas<\/strong> conta a hist\u00f3ria de uma raposa faminta que avistou um cacho de uvas maduras pendurado em uma parreira alta. Ap\u00f3s v\u00e1rias tentativas frustradas de alcan\u00e7\u00e1-las, ela desistiu e disse: &#8220;Est\u00e3o verdes, n\u00e3o prestam para comer.&#8221;<\/p>\n<p>A f\u00e1bula ensina sobre a tend\u00eancia humana de menosprezar aquilo que n\u00e3o podemos alcan\u00e7ar. Uma li\u00e7\u00e3o sobre lidar com a frustra\u00e7\u00e3o e o orgulho disfar\u00e7ado.<\/p>\n<table class=\"product-details-table\">\n<tbody>\n<tr>\n<td>Autor<\/td>\n<td>Roberto Belli<\/td>\n<\/tr>\n<tr>\n<td>Ilustrador(a)<\/td>\n<td>Belli Studio<\/td>\n<\/tr>\n<tr>\n<td>ISBN<\/td>\n<td>9788537635346<\/td>\n<\/tr>\n<tr>\n<td>Editora<\/td>\n<td>Todolivro<\/td>\n<\/tr>\n<tr>\n<td>N\u00ba de p\u00e1ginas<\/td>\n<td>22<\/td>\n<\/tr>\n<\/tbody>\n<\/table>\n","protected":false},"excerpt":{"rendered":"<p>F\u00e1bulas para Aprender: A Raposa e as Uvas conta a hist\u00f3ria de uma raposa faminta que avistou um cacho de uvas maduras pendurado em uma parreira alta. Ap\u00f3s v\u00e1rias tentativas frustradas de alcan\u00e7\u00e1-las, ela desistiu e disse: &#8220;Est\u00e3o verdes, n\u00e3o<\/p>\n","protected":false},"featured_media":7077,"comment_status":"open","ping_status":"closed","template":"","meta":[],"product_brand":[],"product_cat":[202],"product_tag":[],"class_list":{"0":"post-7078","1":"product","2":"type-product","3":"status-publish","6":"product_cat-fundamental1-1ao3","8":"first","9":"instock","10":"shipping-taxable","11":"purchasable","12":"product-type-simple"},"_links":{"self":[{"href":"https:\/\/educaredigital.online\/loja\/wp-json\/wp\/v2\/product\/7078","targetHints":{"allow":["GET"]}}],"collection":[{"href":"https:\/\/educaredigital.online\/loja\/wp-json\/wp\/v2\/product"}],"about":[{"href":"https:\/\/educaredigital.online\/loja\/wp-json\/wp\/v2\/types\/product"}],"replies":[{"embeddable":true,"href":"https:\/\/educaredigital.online\/loja\/wp-json\/wp\/v2\/comments?post=7078"}],"wp:featuredmedia":[{"embeddable":true,"href":"https:\/\/educaredigital.online\/loja\/wp-json\/wp\/v2\/media\/7077"}],"wp:attachment":[{"href":"https:\/\/educaredigital.online\/loja\/wp-json\/wp\/v2\/media?parent=7078"}],"wp:term":[{"taxonomy":"product_brand","embeddable":true,"href":"https:\/\/educaredigital.online\/loja\/wp-json\/wp\/v2\/product_brand?post=7078"},{"taxonomy":"product_cat","embeddable":true,"href":"https:\/\/educaredigital.online\/loja\/wp-json\/wp\/v2\/product_cat?post=7078"},{"taxonomy":"product_tag","embeddable":true,"href":"https:\/\/educaredigital.online\/loja\/wp-json\/wp\/v2\/product_tag?post=7078"}],"curies":[{"name":"wp","href":"https:\/\/api.w.org\/{rel}","templated":true}]}}