{"id":7076,"date":"2026-04-08T13:54:53","date_gmt":"2026-04-08T13:54:53","guid":{"rendered":"https:\/\/educaredigital.online\/loja\/produto\/fabulas-para-aprender-a-lebre-e-a-tartaruga\/"},"modified":"2026-04-09T15:04:26","modified_gmt":"2026-04-09T15:04:26","slug":"fabulas-para-aprender-a-lebre-e-a-tartaruga","status":"publish","type":"product","link":"https:\/\/educaredigital.online\/loja\/produto\/fabulas-para-aprender-a-lebre-e-a-tartaruga\/","title":{"rendered":"F\u00e1bulas Para Aprender: A Lebre e a Tartaruga"},"content":{"rendered":"<p><strong>F\u00e1bulas para Aprender: A Lebre e a Tartaruga<\/strong> conta a hist\u00f3ria da lebre que, por ser muito veloz, zombava da tartaruga lenta. Desafiada para uma corrida, a lebre saiu na frente e, confiante na vit\u00f3ria, resolveu cochilar no meio do caminho.<\/p>\n<p>A tartaruga, sem parar, continuou andando devagar e chegou primeiro \u00e0 linha de chegada. A f\u00e1bula ensina que a perseveran\u00e7a e a humildade vencem a arrog\u00e2ncia e a pressa.<\/p>\n<table class=\"product-details-table\">\n<tbody>\n<tr>\n<td>Autor<\/td>\n<td>Roberto Belli<\/td>\n<\/tr>\n<tr>\n<td>Ilustrador(a)<\/td>\n<td>Belli Studio<\/td>\n<\/tr>\n<tr>\n<td>ISBN<\/td>\n<td>9788537635339<\/td>\n<\/tr>\n<tr>\n<td>Editora<\/td>\n<td>Todolivro<\/td>\n<\/tr>\n<tr>\n<td>N\u00ba de p\u00e1ginas<\/td>\n<td>22<\/td>\n<\/tr>\n<\/tbody>\n<\/table>\n","protected":false},"excerpt":{"rendered":"<p>F\u00e1bulas para Aprender: A Lebre e a Tartaruga conta a hist\u00f3ria da lebre que, por ser muito veloz, zombava da tartaruga lenta. Desafiada para uma corrida, a lebre saiu na frente e, confiante na vit\u00f3ria, resolveu cochilar no meio do<\/p>\n","protected":false},"featured_media":7075,"comment_status":"open","ping_status":"closed","template":"","meta":[],"product_brand":[],"product_cat":[202],"product_tag":[],"class_list":{"0":"post-7076","1":"product","2":"type-product","3":"status-publish","6":"product_cat-fundamental1-1ao3","8":"first","9":"instock","10":"shipping-taxable","11":"purchasable","12":"product-type-simple"},"_links":{"self":[{"href":"https:\/\/educaredigital.online\/loja\/wp-json\/wp\/v2\/product\/7076","targetHints":{"allow":["GET"]}}],"collection":[{"href":"https:\/\/educaredigital.online\/loja\/wp-json\/wp\/v2\/product"}],"about":[{"href":"https:\/\/educaredigital.online\/loja\/wp-json\/wp\/v2\/types\/product"}],"replies":[{"embeddable":true,"href":"https:\/\/educaredigital.online\/loja\/wp-json\/wp\/v2\/comments?post=7076"}],"wp:featuredmedia":[{"embeddable":true,"href":"https:\/\/educaredigital.online\/loja\/wp-json\/wp\/v2\/media\/7075"}],"wp:attachment":[{"href":"https:\/\/educaredigital.online\/loja\/wp-json\/wp\/v2\/media?parent=7076"}],"wp:term":[{"taxonomy":"product_brand","embeddable":true,"href":"https:\/\/educaredigital.online\/loja\/wp-json\/wp\/v2\/product_brand?post=7076"},{"taxonomy":"product_cat","embeddable":true,"href":"https:\/\/educaredigital.online\/loja\/wp-json\/wp\/v2\/product_cat?post=7076"},{"taxonomy":"product_tag","embeddable":true,"href":"https:\/\/educaredigital.online\/loja\/wp-json\/wp\/v2\/product_tag?post=7076"}],"curies":[{"name":"wp","href":"https:\/\/api.w.org\/{rel}","templated":true}]}}