{"id":7066,"date":"2026-04-08T13:54:28","date_gmt":"2026-04-08T13:54:28","guid":{"rendered":"https:\/\/educaredigital.online\/loja\/produto\/fabulas-para-aprender-a-cigarra-e-a-formiga\/"},"modified":"2026-04-09T15:04:26","modified_gmt":"2026-04-09T15:04:26","slug":"fabulas-para-aprender-a-cigarra-e-a-formiga","status":"publish","type":"product","link":"https:\/\/educaredigital.online\/loja\/produto\/fabulas-para-aprender-a-cigarra-e-a-formiga\/","title":{"rendered":"F\u00e1bulas Para Aprender: A Cigarra e a Formiga"},"content":{"rendered":"<p><strong>F\u00e1bulas para Aprender: A Cigarra e a Formiga<\/strong> conta a hist\u00f3ria da cigarra que passou o ver\u00e3o todo cantando e se divertindo, enquanto a formiga trabalhava sem parar para juntar comida. Quando o inverno chegou, a cigarra ficou com fome e frio, e pediu ajuda \u00e0 formiga.<\/p>\n<p>A formiga ent\u00e3o perguntou o que ela fez durante o ver\u00e3o, e a cigarra respondeu que apenas cantou. A formiga disse: &#8220;J\u00e1 que cantou no ver\u00e3o, dance agora no inverno&#8221;, e n\u00e3o a ajudou. A f\u00e1bula ensina sobre a import\u00e2ncia do trabalho e do planejamento para o futuro.<\/p>\n<table class=\"product-details-table\">\n<tbody>\n<tr>\n<td>Autor<\/td>\n<td>Roberto Belli<\/td>\n<\/tr>\n<tr>\n<td>Ilustrador(a)<\/td>\n<td>Belli Studio<\/td>\n<\/tr>\n<tr>\n<td>ISBN<\/td>\n<td>9788537635292<\/td>\n<\/tr>\n<tr>\n<td>Editora<\/td>\n<td>Todolivro<\/td>\n<\/tr>\n<tr>\n<td>N\u00ba de p\u00e1ginas<\/td>\n<td>22<\/td>\n<\/tr>\n<\/tbody>\n<\/table>\n","protected":false},"excerpt":{"rendered":"<p>F\u00e1bulas para Aprender: A Cigarra e a Formiga conta a hist\u00f3ria da cigarra que passou o ver\u00e3o todo cantando e se divertindo, enquanto a formiga trabalhava sem parar para juntar comida. Quando o inverno chegou, a cigarra ficou com fome<\/p>\n","protected":false},"featured_media":7065,"comment_status":"open","ping_status":"closed","template":"","meta":[],"product_brand":[],"product_cat":[202],"product_tag":[],"class_list":{"0":"post-7066","1":"product","2":"type-product","3":"status-publish","6":"product_cat-fundamental1-1ao3","8":"first","9":"instock","10":"shipping-taxable","11":"purchasable","12":"product-type-simple"},"_links":{"self":[{"href":"https:\/\/educaredigital.online\/loja\/wp-json\/wp\/v2\/product\/7066","targetHints":{"allow":["GET"]}}],"collection":[{"href":"https:\/\/educaredigital.online\/loja\/wp-json\/wp\/v2\/product"}],"about":[{"href":"https:\/\/educaredigital.online\/loja\/wp-json\/wp\/v2\/types\/product"}],"replies":[{"embeddable":true,"href":"https:\/\/educaredigital.online\/loja\/wp-json\/wp\/v2\/comments?post=7066"}],"wp:featuredmedia":[{"embeddable":true,"href":"https:\/\/educaredigital.online\/loja\/wp-json\/wp\/v2\/media\/7065"}],"wp:attachment":[{"href":"https:\/\/educaredigital.online\/loja\/wp-json\/wp\/v2\/media?parent=7066"}],"wp:term":[{"taxonomy":"product_brand","embeddable":true,"href":"https:\/\/educaredigital.online\/loja\/wp-json\/wp\/v2\/product_brand?post=7066"},{"taxonomy":"product_cat","embeddable":true,"href":"https:\/\/educaredigital.online\/loja\/wp-json\/wp\/v2\/product_cat?post=7066"},{"taxonomy":"product_tag","embeddable":true,"href":"https:\/\/educaredigital.online\/loja\/wp-json\/wp\/v2\/product_tag?post=7066"}],"curies":[{"name":"wp","href":"https:\/\/api.w.org\/{rel}","templated":true}]}}