{"id":7064,"date":"2026-04-08T13:54:15","date_gmt":"2026-04-08T13:54:15","guid":{"rendered":"https:\/\/educaredigital.online\/loja\/produto\/fabulas-para-aprender-o-burro-e-a-pele-de-leao\/"},"modified":"2026-04-08T20:40:36","modified_gmt":"2026-04-08T20:40:36","slug":"fabulas-para-aprender-o-burro-e-a-pele-de-leao","status":"publish","type":"product","link":"https:\/\/educaredigital.online\/loja\/produto\/fabulas-para-aprender-o-burro-e-a-pele-de-leao\/","title":{"rendered":"F\u00e1bulas Para Aprender: O Burro e a Pele de Le\u00e3o"},"content":{"rendered":"<p><strong>F\u00e1bulas para Aprender: O Burro e a Pele de Le\u00e3o<\/strong> conta a hist\u00f3ria de um burro que encontra uma pele de le\u00e3o e decide us\u00e1-la para assustar os outros animais. Vestido com a pele, ele sai pela floresta e todos fogem com medo.<\/p>\n<p>Orgulhoso, o burro tenta soltar sua voz para se exibir, mas seu zurro revela quem ele realmente \u00e9. A f\u00e1bula ensina que disfarces podem enganar os outros, mas a verdade sempre vem \u00e0 tona.<\/p>\n<table class=\"product-details-table\">\n<tbody>\n<tr>\n<td>Autor<\/td>\n<td>Roberto Belli<\/td>\n<\/tr>\n<tr>\n<td>Ilustrador(a)<\/td>\n<td>Belli Studio<\/td>\n<\/tr>\n<tr>\n<td>ISBN<\/td>\n<td>9788537635285<\/td>\n<\/tr>\n<tr>\n<td>Editora<\/td>\n<td>Todolivro<\/td>\n<\/tr>\n<tr>\n<td>N\u00ba de p\u00e1ginas<\/td>\n<td>22<\/td>\n<\/tr>\n<\/tbody>\n<\/table>\n","protected":false},"excerpt":{"rendered":"<p>F\u00e1bulas para Aprender: O Burro e a Pele de Le\u00e3o conta a hist\u00f3ria de um burro que encontra uma pele de le\u00e3o e decide us\u00e1-la para assustar os outros animais. Vestido com a pele, ele sai pela floresta e todos<\/p>\n","protected":false},"featured_media":7063,"comment_status":"open","ping_status":"closed","template":"","meta":[],"product_brand":[],"product_cat":[15],"product_tag":[],"class_list":{"0":"post-7064","1":"product","2":"type-product","3":"status-publish","6":"product_cat-livros","8":"first","9":"instock","10":"shipping-taxable","11":"purchasable","12":"product-type-simple"},"_links":{"self":[{"href":"https:\/\/educaredigital.online\/loja\/wp-json\/wp\/v2\/product\/7064","targetHints":{"allow":["GET"]}}],"collection":[{"href":"https:\/\/educaredigital.online\/loja\/wp-json\/wp\/v2\/product"}],"about":[{"href":"https:\/\/educaredigital.online\/loja\/wp-json\/wp\/v2\/types\/product"}],"replies":[{"embeddable":true,"href":"https:\/\/educaredigital.online\/loja\/wp-json\/wp\/v2\/comments?post=7064"}],"wp:featuredmedia":[{"embeddable":true,"href":"https:\/\/educaredigital.online\/loja\/wp-json\/wp\/v2\/media\/7063"}],"wp:attachment":[{"href":"https:\/\/educaredigital.online\/loja\/wp-json\/wp\/v2\/media?parent=7064"}],"wp:term":[{"taxonomy":"product_brand","embeddable":true,"href":"https:\/\/educaredigital.online\/loja\/wp-json\/wp\/v2\/product_brand?post=7064"},{"taxonomy":"product_cat","embeddable":true,"href":"https:\/\/educaredigital.online\/loja\/wp-json\/wp\/v2\/product_cat?post=7064"},{"taxonomy":"product_tag","embeddable":true,"href":"https:\/\/educaredigital.online\/loja\/wp-json\/wp\/v2\/product_tag?post=7064"}],"curies":[{"name":"wp","href":"https:\/\/api.w.org\/{rel}","templated":true}]}}