{"id":7062,"date":"2026-04-08T13:54:08","date_gmt":"2026-04-08T13:54:08","guid":{"rendered":"https:\/\/educaredigital.online\/loja\/produto\/fabulas-para-aprender-a-assembleia-de-ratos\/"},"modified":"2026-04-09T15:04:26","modified_gmt":"2026-04-09T15:04:26","slug":"fabulas-para-aprender-a-assembleia-de-ratos","status":"publish","type":"product","link":"https:\/\/educaredigital.online\/loja\/produto\/fabulas-para-aprender-a-assembleia-de-ratos\/","title":{"rendered":"F\u00e1bulas Para Aprender: A Assembleia de Ratos"},"content":{"rendered":"<div class=\"details-table-wrapper\">\n<p><strong>F\u00e1bulas para Aprender: A Assembleia de Ratos<\/strong> conta a hist\u00f3ria de uma col\u00f4nia de ratos que vive aterrorizada por um gato feroz. Durante uma assembleia, um jovem rato prop\u00f5e colocar um sino no pesco\u00e7o do gato para avisar sua chegada.<\/p>\n<p>Todos acham a ideia brilhante at\u00e9 que um velho rato pergunta: &#8220;Quem ir\u00e1 amarrar o sino?&#8221; A f\u00e1bula ensina sobre a diferen\u00e7a entre ter boas ideias e coloc\u00e1-las em pr\u00e1tica com coragem.<\/p>\n<table class=\"product-details-table\">\n<tbody>\n<tr>\n<td>Autor<\/td>\n<td>Roberto Belli<\/td>\n<\/tr>\n<tr>\n<td>Ilustrador(a)<\/td>\n<td>Belli Studio<\/td>\n<\/tr>\n<tr>\n<td>ISBN<\/td>\n<td>9788537635278<\/td>\n<\/tr>\n<tr>\n<td>Editora<\/td>\n<td>Todolivro<\/td>\n<\/tr>\n<tr>\n<td>N\u00ba de p\u00e1ginas<\/td>\n<td>22<\/td>\n<\/tr>\n<\/tbody>\n<\/table>\n<\/div>\n","protected":false},"excerpt":{"rendered":"<p>F\u00e1bulas para Aprender: A Assembleia de Ratos conta a hist\u00f3ria de uma col\u00f4nia de ratos que vive aterrorizada por um gato feroz. Durante uma assembleia, um jovem rato prop\u00f5e colocar um sino no pesco\u00e7o do gato para avisar sua chegada.<\/p>\n","protected":false},"featured_media":7061,"comment_status":"open","ping_status":"closed","template":"","meta":[],"product_brand":[],"product_cat":[202],"product_tag":[],"class_list":{"0":"post-7062","1":"product","2":"type-product","3":"status-publish","6":"product_cat-fundamental1-1ao3","8":"first","9":"instock","10":"shipping-taxable","11":"purchasable","12":"product-type-simple"},"_links":{"self":[{"href":"https:\/\/educaredigital.online\/loja\/wp-json\/wp\/v2\/product\/7062","targetHints":{"allow":["GET"]}}],"collection":[{"href":"https:\/\/educaredigital.online\/loja\/wp-json\/wp\/v2\/product"}],"about":[{"href":"https:\/\/educaredigital.online\/loja\/wp-json\/wp\/v2\/types\/product"}],"replies":[{"embeddable":true,"href":"https:\/\/educaredigital.online\/loja\/wp-json\/wp\/v2\/comments?post=7062"}],"wp:featuredmedia":[{"embeddable":true,"href":"https:\/\/educaredigital.online\/loja\/wp-json\/wp\/v2\/media\/7061"}],"wp:attachment":[{"href":"https:\/\/educaredigital.online\/loja\/wp-json\/wp\/v2\/media?parent=7062"}],"wp:term":[{"taxonomy":"product_brand","embeddable":true,"href":"https:\/\/educaredigital.online\/loja\/wp-json\/wp\/v2\/product_brand?post=7062"},{"taxonomy":"product_cat","embeddable":true,"href":"https:\/\/educaredigital.online\/loja\/wp-json\/wp\/v2\/product_cat?post=7062"},{"taxonomy":"product_tag","embeddable":true,"href":"https:\/\/educaredigital.online\/loja\/wp-json\/wp\/v2\/product_tag?post=7062"}],"curies":[{"name":"wp","href":"https:\/\/api.w.org\/{rel}","templated":true}]}}