{"id":7051,"date":"2026-04-08T13:53:09","date_gmt":"2026-04-08T13:53:09","guid":{"rendered":"https:\/\/educaredigital.online\/loja\/produto\/classicos-todolivro-cinderela\/"},"modified":"2026-04-09T15:04:26","modified_gmt":"2026-04-09T15:04:26","slug":"classicos-todolivro-cinderela","status":"publish","type":"product","link":"https:\/\/educaredigital.online\/loja\/produto\/classicos-todolivro-cinderela\/","title":{"rendered":"Cl\u00e1ssicos Todolivro: Cinderela"},"content":{"rendered":"<div class=\"details-table-wrapper\">\n<p>Cl\u00e1ssicos Todolivro: Cinderela reconta a hist\u00f3ria da jovem que, com a ajuda de sua fada madrinha, vai ao baile do pr\u00edncipe e perde seu sapatinho de cristal \u00e0 meia-noite. O pr\u00edncipe, ent\u00e3o, procura por toda parte a dona do sapato, que se encaixa perfeitamente no p\u00e9 de Cinderela.<\/p>\n<p>Com ilustra\u00e7\u00f5es encantadoras e linguagem acess\u00edvel, o livro ensina sobre bondade, perseveran\u00e7a e a recompensa de um cora\u00e7\u00e3o puro. Uma hist\u00f3ria cl\u00e1ssica que atravessa gera\u00e7\u00f5es e inspira a acreditar que sonhos podem se realizar.<\/p>\n<table class=\"product-details-table\">\n<tbody>\n<tr>\n<td>Autor<\/td>\n<td>Cristina Marques<\/td>\n<\/tr>\n<tr>\n<td>Ilustrador(a)<\/td>\n<td>Belli Studio<\/td>\n<\/tr>\n<tr>\n<td>ISBN<\/td>\n<td>9788537603642<\/td>\n<\/tr>\n<tr>\n<td>Editora<\/td>\n<td>Todolivro<\/td>\n<\/tr>\n<tr>\n<td>N\u00ba de p\u00e1ginas<\/td>\n<td>16<\/td>\n<\/tr>\n<\/tbody>\n<\/table>\n<\/div>\n","protected":false},"excerpt":{"rendered":"<p>Cl\u00e1ssicos Todolivro: Cinderela reconta a hist\u00f3ria da jovem que, com a ajuda de sua fada madrinha, vai ao baile do pr\u00edncipe e perde seu sapatinho de cristal \u00e0 meia-noite. O pr\u00edncipe, ent\u00e3o, procura por toda parte a dona do sapato,<\/p>\n","protected":false},"featured_media":7050,"comment_status":"open","ping_status":"closed","template":"","meta":[],"product_brand":[],"product_cat":[202],"product_tag":[],"class_list":{"0":"post-7051","1":"product","2":"type-product","3":"status-publish","6":"product_cat-fundamental1-1ao3","8":"first","9":"instock","10":"shipping-taxable","11":"purchasable","12":"product-type-simple"},"_links":{"self":[{"href":"https:\/\/educaredigital.online\/loja\/wp-json\/wp\/v2\/product\/7051","targetHints":{"allow":["GET"]}}],"collection":[{"href":"https:\/\/educaredigital.online\/loja\/wp-json\/wp\/v2\/product"}],"about":[{"href":"https:\/\/educaredigital.online\/loja\/wp-json\/wp\/v2\/types\/product"}],"replies":[{"embeddable":true,"href":"https:\/\/educaredigital.online\/loja\/wp-json\/wp\/v2\/comments?post=7051"}],"wp:featuredmedia":[{"embeddable":true,"href":"https:\/\/educaredigital.online\/loja\/wp-json\/wp\/v2\/media\/7050"}],"wp:attachment":[{"href":"https:\/\/educaredigital.online\/loja\/wp-json\/wp\/v2\/media?parent=7051"}],"wp:term":[{"taxonomy":"product_brand","embeddable":true,"href":"https:\/\/educaredigital.online\/loja\/wp-json\/wp\/v2\/product_brand?post=7051"},{"taxonomy":"product_cat","embeddable":true,"href":"https:\/\/educaredigital.online\/loja\/wp-json\/wp\/v2\/product_cat?post=7051"},{"taxonomy":"product_tag","embeddable":true,"href":"https:\/\/educaredigital.online\/loja\/wp-json\/wp\/v2\/product_tag?post=7051"}],"curies":[{"name":"wp","href":"https:\/\/api.w.org\/{rel}","templated":true}]}}