{"id":7049,"date":"2026-04-08T13:52:58","date_gmt":"2026-04-08T13:52:58","guid":{"rendered":"https:\/\/educaredigital.online\/loja\/produto\/classicos-todolivro-chapeuzinho-vermelho\/"},"modified":"2026-04-09T15:04:26","modified_gmt":"2026-04-09T15:04:26","slug":"classicos-todolivro-chapeuzinho-vermelho","status":"publish","type":"product","link":"https:\/\/educaredigital.online\/loja\/produto\/classicos-todolivro-chapeuzinho-vermelho\/","title":{"rendered":"Cl\u00e1ssicos Todolivro: Chapeuzinho Vermelho"},"content":{"rendered":"<div class=\"details-table-wrapper\">\n<p><strong>Cl\u00e1ssicos Todolivro: Chapeuzinho Vermelho<\/strong> reconta a hist\u00f3ria da menina que leva doces para a av\u00f3 e encontra o lobo mau no caminho. O lobo engana Chapeuzinho, corre para a casa da vov\u00f3, a devora e se veste com as roupas dela.<\/p>\n<p>Quando Chapeuzinho chega, percebe as orelhas, olhos e dentes grandes do &#8220;av\u00f4&#8221;. Um ca\u00e7ador aparece e salva as duas, cortando a barriga do lobo e ensinando sobre os perigos de falar com estranhos.<\/p>\n<table class=\"product-details-table\">\n<tbody>\n<tr>\n<td>Autor<\/td>\n<td>Cristina Marques<\/td>\n<\/tr>\n<tr>\n<td>Ilustrador(a)<\/td>\n<td>Belli Studio<\/td>\n<\/tr>\n<tr>\n<td>ISBN<\/td>\n<td>9788537603635<\/td>\n<\/tr>\n<tr>\n<td>Editora<\/td>\n<td>Todolivro<\/td>\n<\/tr>\n<tr>\n<td>N\u00ba de p\u00e1ginas<\/td>\n<td>16<\/td>\n<\/tr>\n<\/tbody>\n<\/table>\n<\/div>\n","protected":false},"excerpt":{"rendered":"<p>Cl\u00e1ssicos Todolivro: Chapeuzinho Vermelho reconta a hist\u00f3ria da menina que leva doces para a av\u00f3 e encontra o lobo mau no caminho. O lobo engana Chapeuzinho, corre para a casa da vov\u00f3, a devora e se veste com as roupas<\/p>\n","protected":false},"featured_media":7048,"comment_status":"open","ping_status":"closed","template":"","meta":[],"product_brand":[],"product_cat":[202],"product_tag":[],"class_list":{"0":"post-7049","1":"product","2":"type-product","3":"status-publish","6":"product_cat-fundamental1-1ao3","8":"first","9":"instock","10":"shipping-taxable","11":"purchasable","12":"product-type-simple"},"_links":{"self":[{"href":"https:\/\/educaredigital.online\/loja\/wp-json\/wp\/v2\/product\/7049","targetHints":{"allow":["GET"]}}],"collection":[{"href":"https:\/\/educaredigital.online\/loja\/wp-json\/wp\/v2\/product"}],"about":[{"href":"https:\/\/educaredigital.online\/loja\/wp-json\/wp\/v2\/types\/product"}],"replies":[{"embeddable":true,"href":"https:\/\/educaredigital.online\/loja\/wp-json\/wp\/v2\/comments?post=7049"}],"wp:featuredmedia":[{"embeddable":true,"href":"https:\/\/educaredigital.online\/loja\/wp-json\/wp\/v2\/media\/7048"}],"wp:attachment":[{"href":"https:\/\/educaredigital.online\/loja\/wp-json\/wp\/v2\/media?parent=7049"}],"wp:term":[{"taxonomy":"product_brand","embeddable":true,"href":"https:\/\/educaredigital.online\/loja\/wp-json\/wp\/v2\/product_brand?post=7049"},{"taxonomy":"product_cat","embeddable":true,"href":"https:\/\/educaredigital.online\/loja\/wp-json\/wp\/v2\/product_cat?post=7049"},{"taxonomy":"product_tag","embeddable":true,"href":"https:\/\/educaredigital.online\/loja\/wp-json\/wp\/v2\/product_tag?post=7049"}],"curies":[{"name":"wp","href":"https:\/\/api.w.org\/{rel}","templated":true}]}}