{"id":7047,"date":"2026-04-08T13:52:52","date_gmt":"2026-04-08T13:52:52","guid":{"rendered":"https:\/\/educaredigital.online\/loja\/produto\/classicos-todolivro-branca-de-neve\/"},"modified":"2026-04-09T15:04:26","modified_gmt":"2026-04-09T15:04:26","slug":"classicos-todolivro-branca-de-neve","status":"publish","type":"product","link":"https:\/\/educaredigital.online\/loja\/produto\/classicos-todolivro-branca-de-neve\/","title":{"rendered":"Cl\u00e1ssicos Todolivro: Branca de Neve"},"content":{"rendered":"<div class=\"details-table-wrapper\">\n<p><strong>Cl\u00e1ssicos Todolivro: Branca de Neve<\/strong> reconta a hist\u00f3ria da princesa que foge da madrasta invejosa e encontra abrigo na casa dos sete an\u00f5es. A rainha m\u00e1, disfar\u00e7ada de velhinha, oferece uma ma\u00e7\u00e3 envenenada que a leva a um sono profundo.<\/p>\n<p>Apenas o beijo do pr\u00edncipe pode despert\u00e1-la e quebrar o feiti\u00e7o. Com ilustra\u00e7\u00f5es encantadoras, o livro ensina sobre bondade, amizade e o triunfo do bem sobre o mal.<\/p>\n<table class=\"product-details-table\">\n<tbody>\n<tr>\n<td>Autor<\/td>\n<td>Cristina Marques<\/td>\n<\/tr>\n<tr>\n<td>Ilustrador(a)<\/td>\n<td>Belli Studio<\/td>\n<\/tr>\n<tr>\n<td>ISBN<\/td>\n<td>9788537603628<\/td>\n<\/tr>\n<tr>\n<td>Editora<\/td>\n<td>Todolivro<\/td>\n<\/tr>\n<tr>\n<td>N\u00ba de p\u00e1ginas<\/td>\n<td>16<\/td>\n<\/tr>\n<\/tbody>\n<\/table>\n<\/div>\n","protected":false},"excerpt":{"rendered":"<p>Cl\u00e1ssicos Todolivro: Branca de Neve reconta a hist\u00f3ria da princesa que foge da madrasta invejosa e encontra abrigo na casa dos sete an\u00f5es. A rainha m\u00e1, disfar\u00e7ada de velhinha, oferece uma ma\u00e7\u00e3 envenenada que a leva a um sono profundo.<\/p>\n","protected":false},"featured_media":7046,"comment_status":"open","ping_status":"closed","template":"","meta":[],"product_brand":[],"product_cat":[202],"product_tag":[],"class_list":{"0":"post-7047","1":"product","2":"type-product","3":"status-publish","6":"product_cat-fundamental1-1ao3","8":"first","9":"instock","10":"shipping-taxable","11":"purchasable","12":"product-type-simple"},"_links":{"self":[{"href":"https:\/\/educaredigital.online\/loja\/wp-json\/wp\/v2\/product\/7047","targetHints":{"allow":["GET"]}}],"collection":[{"href":"https:\/\/educaredigital.online\/loja\/wp-json\/wp\/v2\/product"}],"about":[{"href":"https:\/\/educaredigital.online\/loja\/wp-json\/wp\/v2\/types\/product"}],"replies":[{"embeddable":true,"href":"https:\/\/educaredigital.online\/loja\/wp-json\/wp\/v2\/comments?post=7047"}],"wp:featuredmedia":[{"embeddable":true,"href":"https:\/\/educaredigital.online\/loja\/wp-json\/wp\/v2\/media\/7046"}],"wp:attachment":[{"href":"https:\/\/educaredigital.online\/loja\/wp-json\/wp\/v2\/media?parent=7047"}],"wp:term":[{"taxonomy":"product_brand","embeddable":true,"href":"https:\/\/educaredigital.online\/loja\/wp-json\/wp\/v2\/product_brand?post=7047"},{"taxonomy":"product_cat","embeddable":true,"href":"https:\/\/educaredigital.online\/loja\/wp-json\/wp\/v2\/product_cat?post=7047"},{"taxonomy":"product_tag","embeddable":true,"href":"https:\/\/educaredigital.online\/loja\/wp-json\/wp\/v2\/product_tag?post=7047"}],"curies":[{"name":"wp","href":"https:\/\/api.w.org\/{rel}","templated":true}]}}