{"id":7045,"date":"2026-04-08T13:52:47","date_gmt":"2026-04-08T13:52:47","guid":{"rendered":"https:\/\/educaredigital.online\/loja\/produto\/classicos-todolivro-bela-e-a-fera\/"},"modified":"2026-04-09T15:04:26","modified_gmt":"2026-04-09T15:04:26","slug":"classicos-todolivro-bela-e-a-fera","status":"publish","type":"product","link":"https:\/\/educaredigital.online\/loja\/produto\/classicos-todolivro-bela-e-a-fera\/","title":{"rendered":"Cl\u00e1ssicos Todolivro: Bela e a Fera"},"content":{"rendered":"<div class=\"details-table-wrapper\">\n<p><strong>Cl\u00e1ssicos Todolivro: Bela e a Fera<\/strong> reconta a hist\u00f3ria da jovem Bela, que se oferece para viver em um castelo encantado com uma terr\u00edvel Fera para salvar seu pai. Aos poucos, ela descobre que por tr\u00e1s da apar\u00eancia monstruosa existe um pr\u00edncipe gentil preso por um feiti\u00e7o.<\/p>\n<p>Com o amor verdadeiro, Bela quebra a maldi\u00e7\u00e3o e transforma a Fera de volta em pr\u00edncipe. A hist\u00f3ria ensina sobre amor, coragem e a import\u00e2ncia de enxergar al\u00e9m das apar\u00eancias.<\/p>\n<table class=\"product-details-table\">\n<tbody>\n<tr>\n<td>Autor<\/td>\n<td>Cristina Marques<\/td>\n<\/tr>\n<tr>\n<td>Ilustrador(a)<\/td>\n<td>Belli Studio<\/td>\n<\/tr>\n<tr>\n<td>ISBN<\/td>\n<td>9788537603598<\/td>\n<\/tr>\n<tr>\n<td>Editora<\/td>\n<td>Todolivro<\/td>\n<\/tr>\n<tr>\n<td>N\u00ba de p\u00e1ginas<\/td>\n<td>16<\/td>\n<\/tr>\n<\/tbody>\n<\/table>\n<\/div>\n","protected":false},"excerpt":{"rendered":"<p>Cl\u00e1ssicos Todolivro: Bela e a Fera reconta a hist\u00f3ria da jovem Bela, que se oferece para viver em um castelo encantado com uma terr\u00edvel Fera para salvar seu pai. Aos poucos, ela descobre que por tr\u00e1s da apar\u00eancia monstruosa existe<\/p>\n","protected":false},"featured_media":7044,"comment_status":"open","ping_status":"closed","template":"","meta":[],"product_brand":[],"product_cat":[202],"product_tag":[],"class_list":{"0":"post-7045","1":"product","2":"type-product","3":"status-publish","6":"product_cat-fundamental1-1ao3","8":"first","9":"instock","10":"shipping-taxable","11":"purchasable","12":"product-type-simple"},"_links":{"self":[{"href":"https:\/\/educaredigital.online\/loja\/wp-json\/wp\/v2\/product\/7045","targetHints":{"allow":["GET"]}}],"collection":[{"href":"https:\/\/educaredigital.online\/loja\/wp-json\/wp\/v2\/product"}],"about":[{"href":"https:\/\/educaredigital.online\/loja\/wp-json\/wp\/v2\/types\/product"}],"replies":[{"embeddable":true,"href":"https:\/\/educaredigital.online\/loja\/wp-json\/wp\/v2\/comments?post=7045"}],"wp:featuredmedia":[{"embeddable":true,"href":"https:\/\/educaredigital.online\/loja\/wp-json\/wp\/v2\/media\/7044"}],"wp:attachment":[{"href":"https:\/\/educaredigital.online\/loja\/wp-json\/wp\/v2\/media?parent=7045"}],"wp:term":[{"taxonomy":"product_brand","embeddable":true,"href":"https:\/\/educaredigital.online\/loja\/wp-json\/wp\/v2\/product_brand?post=7045"},{"taxonomy":"product_cat","embeddable":true,"href":"https:\/\/educaredigital.online\/loja\/wp-json\/wp\/v2\/product_cat?post=7045"},{"taxonomy":"product_tag","embeddable":true,"href":"https:\/\/educaredigital.online\/loja\/wp-json\/wp\/v2\/product_tag?post=7045"}],"curies":[{"name":"wp","href":"https:\/\/api.w.org\/{rel}","templated":true}]}}