{"id":7043,"date":"2026-04-08T13:52:46","date_gmt":"2026-04-08T13:52:46","guid":{"rendered":"https:\/\/educaredigital.online\/loja\/produto\/classicos-todolivro-bela-adormecida\/"},"modified":"2026-04-09T15:04:26","modified_gmt":"2026-04-09T15:04:26","slug":"classicos-todolivro-bela-adormecida","status":"publish","type":"product","link":"https:\/\/educaredigital.online\/loja\/produto\/classicos-todolivro-bela-adormecida\/","title":{"rendered":"Cl\u00e1ssicos Todolivro: Bela Adormecida"},"content":{"rendered":"<div class=\"details-table-wrapper\">\n<p><strong>Cl\u00e1ssicos Todolivro: Bela Adormecida<\/strong> reconta a hist\u00f3ria da princesa que, ao completar 15 anos, cai em um sono profundo ao tocar o fuso amaldi\u00e7oado. Apenas o beijo de um pr\u00edncipe corajoso pode despert\u00e1-la e quebrar o feiti\u00e7o.<\/p>\n<p>Com ilustra\u00e7\u00f5es encantadoras e linguagem acess\u00edvel, o livro \u00e9 ideal para os pequenos leitores. Uma hist\u00f3ria cl\u00e1ssica sobre amor, coragem e o triunfo do bem sobre o mal.<\/p>\n<table class=\"product-details-table\">\n<tbody>\n<tr>\n<td>Autor<\/td>\n<td>Cristina Marques<\/td>\n<\/tr>\n<tr>\n<td>Ilustrador(a)<\/td>\n<td>Belli Studio<\/td>\n<\/tr>\n<tr>\n<td>ISBN<\/td>\n<td>9788537603581<\/td>\n<\/tr>\n<tr>\n<td>Editora<\/td>\n<td>Todolivro<\/td>\n<\/tr>\n<tr>\n<td>N\u00ba de p\u00e1ginas<\/td>\n<td>16<\/td>\n<\/tr>\n<\/tbody>\n<\/table>\n<\/div>\n","protected":false},"excerpt":{"rendered":"<p>Cl\u00e1ssicos Todolivro: Bela Adormecida reconta a hist\u00f3ria da princesa que, ao completar 15 anos, cai em um sono profundo ao tocar o fuso amaldi\u00e7oado. Apenas o beijo de um pr\u00edncipe corajoso pode despert\u00e1-la e quebrar o feiti\u00e7o. Com ilustra\u00e7\u00f5es encantadoras<\/p>\n","protected":false},"featured_media":7042,"comment_status":"open","ping_status":"closed","template":"","meta":[],"product_brand":[],"product_cat":[202],"product_tag":[],"class_list":{"0":"post-7043","1":"product","2":"type-product","3":"status-publish","6":"product_cat-fundamental1-1ao3","8":"first","9":"instock","10":"shipping-taxable","11":"purchasable","12":"product-type-simple"},"_links":{"self":[{"href":"https:\/\/educaredigital.online\/loja\/wp-json\/wp\/v2\/product\/7043","targetHints":{"allow":["GET"]}}],"collection":[{"href":"https:\/\/educaredigital.online\/loja\/wp-json\/wp\/v2\/product"}],"about":[{"href":"https:\/\/educaredigital.online\/loja\/wp-json\/wp\/v2\/types\/product"}],"replies":[{"embeddable":true,"href":"https:\/\/educaredigital.online\/loja\/wp-json\/wp\/v2\/comments?post=7043"}],"wp:featuredmedia":[{"embeddable":true,"href":"https:\/\/educaredigital.online\/loja\/wp-json\/wp\/v2\/media\/7042"}],"wp:attachment":[{"href":"https:\/\/educaredigital.online\/loja\/wp-json\/wp\/v2\/media?parent=7043"}],"wp:term":[{"taxonomy":"product_brand","embeddable":true,"href":"https:\/\/educaredigital.online\/loja\/wp-json\/wp\/v2\/product_brand?post=7043"},{"taxonomy":"product_cat","embeddable":true,"href":"https:\/\/educaredigital.online\/loja\/wp-json\/wp\/v2\/product_cat?post=7043"},{"taxonomy":"product_tag","embeddable":true,"href":"https:\/\/educaredigital.online\/loja\/wp-json\/wp\/v2\/product_tag?post=7043"}],"curies":[{"name":"wp","href":"https:\/\/api.w.org\/{rel}","templated":true}]}}