{"id":7041,"date":"2026-04-08T13:52:45","date_gmt":"2026-04-08T13:52:45","guid":{"rendered":"https:\/\/educaredigital.online\/loja\/produto\/classicos-todolivro-bambi\/"},"modified":"2026-04-09T15:04:26","modified_gmt":"2026-04-09T15:04:26","slug":"classicos-todolivro-bambi","status":"publish","type":"product","link":"https:\/\/educaredigital.online\/loja\/produto\/classicos-todolivro-bambi\/","title":{"rendered":"Cl\u00e1ssicos Todolivro: Bambi"},"content":{"rendered":"<div class=\"details-table-wrapper\">\n<p><strong>O Cl\u00e1ssicos Todolivro: Bambi<\/strong> reconta a hist\u00f3ria do pequeno veado que nasce na floresta e faz amigos como o coelho e o esquilo. A narrativa acompanha Bambi desde sua inf\u00e2ncia cheia de descobertas at\u00e9 o momento em que perde a m\u00e3e, v\u00edtima de ca\u00e7adores.<\/p>\n<p>Com o tempo e com a ajuda do pr\u00edncipe dos veados, Bambi cresce, se torna forte e conquista sua amada. Ao final, ele se torna o novo pr\u00edncipe da floresta, respons\u00e1vel por proteger e ensinar os animais mais jovens<\/p>\n<table class=\"product-details-table\">\n<tbody>\n<tr>\n<td>Autor<\/td>\n<td>Cristina Marques<\/td>\n<\/tr>\n<tr>\n<td>Ilustrador(a)<\/td>\n<td>Belli Studio<\/td>\n<\/tr>\n<tr>\n<td>ISBN<\/td>\n<td>9788537603611<\/td>\n<\/tr>\n<tr>\n<td>Editora<\/td>\n<td>Todolivro<\/td>\n<\/tr>\n<tr>\n<td>N\u00ba de p\u00e1ginas<\/td>\n<td>16<\/td>\n<\/tr>\n<\/tbody>\n<\/table>\n<\/div>\n","protected":false},"excerpt":{"rendered":"<p>O Cl\u00e1ssicos Todolivro: Bambi reconta a hist\u00f3ria do pequeno veado que nasce na floresta e faz amigos como o coelho e o esquilo. A narrativa acompanha Bambi desde sua inf\u00e2ncia cheia de descobertas at\u00e9 o momento em que perde a<\/p>\n","protected":false},"featured_media":7040,"comment_status":"open","ping_status":"closed","template":"","meta":[],"product_brand":[],"product_cat":[202],"product_tag":[],"class_list":{"0":"post-7041","1":"product","2":"type-product","3":"status-publish","6":"product_cat-fundamental1-1ao3","8":"first","9":"instock","10":"shipping-taxable","11":"purchasable","12":"product-type-simple"},"_links":{"self":[{"href":"https:\/\/educaredigital.online\/loja\/wp-json\/wp\/v2\/product\/7041","targetHints":{"allow":["GET"]}}],"collection":[{"href":"https:\/\/educaredigital.online\/loja\/wp-json\/wp\/v2\/product"}],"about":[{"href":"https:\/\/educaredigital.online\/loja\/wp-json\/wp\/v2\/types\/product"}],"replies":[{"embeddable":true,"href":"https:\/\/educaredigital.online\/loja\/wp-json\/wp\/v2\/comments?post=7041"}],"wp:featuredmedia":[{"embeddable":true,"href":"https:\/\/educaredigital.online\/loja\/wp-json\/wp\/v2\/media\/7040"}],"wp:attachment":[{"href":"https:\/\/educaredigital.online\/loja\/wp-json\/wp\/v2\/media?parent=7041"}],"wp:term":[{"taxonomy":"product_brand","embeddable":true,"href":"https:\/\/educaredigital.online\/loja\/wp-json\/wp\/v2\/product_brand?post=7041"},{"taxonomy":"product_cat","embeddable":true,"href":"https:\/\/educaredigital.online\/loja\/wp-json\/wp\/v2\/product_cat?post=7041"},{"taxonomy":"product_tag","embeddable":true,"href":"https:\/\/educaredigital.online\/loja\/wp-json\/wp\/v2\/product_tag?post=7041"}],"curies":[{"name":"wp","href":"https:\/\/api.w.org\/{rel}","templated":true}]}}