{"id":7039,"date":"2026-04-08T13:52:42","date_gmt":"2026-04-08T13:52:42","guid":{"rendered":"https:\/\/educaredigital.online\/loja\/produto\/classicos-favoritos-o-soldadinho-de-chumbo\/"},"modified":"2026-04-09T15:04:26","modified_gmt":"2026-04-09T15:04:26","slug":"classicos-favoritos-o-soldadinho-de-chumbo","status":"publish","type":"product","link":"https:\/\/educaredigital.online\/loja\/produto\/classicos-favoritos-o-soldadinho-de-chumbo\/","title":{"rendered":"Cl\u00e1ssicos Favoritos: O Soldadinho de Chumbo"},"content":{"rendered":"<p><strong>Cl\u00e1ssicos Favoritos: O Soldadinho de Chumbo<\/strong>, da Todolivro, reconta a emocionante hist\u00f3ria do soldado que tem apenas uma perna e se apaixona por uma bailarina de porcelana. Ap\u00f3s cair da janela, ele vive uma grande aventura por bueiros e rios at\u00e9 voltar para casa.<\/p>\n<p>No final, tanto o soldado quanto a bailarina s\u00e3o queimados juntos na lareira, restando apenas um cora\u00e7\u00e3o de chumbo. A hist\u00f3ria fala sobre amor, coragem e perseveran\u00e7a.<\/p>\n<div class=\"details-table-wrapper\">\n<table class=\"product-details-table\">\n<tbody>\n<tr>\n<td>Autor<\/td>\n<td>Mammoth World<\/td>\n<\/tr>\n<tr>\n<td>Tradutor(a)<\/td>\n<td>Ruth Marschalek<\/td>\n<\/tr>\n<tr>\n<td>ISBN<\/td>\n<td>9786556176918<\/td>\n<\/tr>\n<tr>\n<td>Editora<\/td>\n<td>Todolivro<\/td>\n<\/tr>\n<tr>\n<td>N\u00ba de p\u00e1ginas<\/td>\n<td>16<\/td>\n<\/tr>\n<\/tbody>\n<\/table>\n<\/div>\n","protected":false},"excerpt":{"rendered":"<p>Cl\u00e1ssicos Favoritos: O Soldadinho de Chumbo, da Todolivro, reconta a emocionante hist\u00f3ria do soldado que tem apenas uma perna e se apaixona por uma bailarina de porcelana. Ap\u00f3s cair da janela, ele vive uma grande aventura por bueiros e rios<\/p>\n","protected":false},"featured_media":7038,"comment_status":"open","ping_status":"closed","template":"","meta":[],"product_brand":[],"product_cat":[202],"product_tag":[],"class_list":{"0":"post-7039","1":"product","2":"type-product","3":"status-publish","6":"product_cat-fundamental1-1ao3","8":"first","9":"instock","10":"shipping-taxable","11":"purchasable","12":"product-type-simple"},"_links":{"self":[{"href":"https:\/\/educaredigital.online\/loja\/wp-json\/wp\/v2\/product\/7039","targetHints":{"allow":["GET"]}}],"collection":[{"href":"https:\/\/educaredigital.online\/loja\/wp-json\/wp\/v2\/product"}],"about":[{"href":"https:\/\/educaredigital.online\/loja\/wp-json\/wp\/v2\/types\/product"}],"replies":[{"embeddable":true,"href":"https:\/\/educaredigital.online\/loja\/wp-json\/wp\/v2\/comments?post=7039"}],"wp:featuredmedia":[{"embeddable":true,"href":"https:\/\/educaredigital.online\/loja\/wp-json\/wp\/v2\/media\/7038"}],"wp:attachment":[{"href":"https:\/\/educaredigital.online\/loja\/wp-json\/wp\/v2\/media?parent=7039"}],"wp:term":[{"taxonomy":"product_brand","embeddable":true,"href":"https:\/\/educaredigital.online\/loja\/wp-json\/wp\/v2\/product_brand?post=7039"},{"taxonomy":"product_cat","embeddable":true,"href":"https:\/\/educaredigital.online\/loja\/wp-json\/wp\/v2\/product_cat?post=7039"},{"taxonomy":"product_tag","embeddable":true,"href":"https:\/\/educaredigital.online\/loja\/wp-json\/wp\/v2\/product_tag?post=7039"}],"curies":[{"name":"wp","href":"https:\/\/api.w.org\/{rel}","templated":true}]}}