{"id":7034,"date":"2026-04-08T13:52:14","date_gmt":"2026-04-08T13:52:14","guid":{"rendered":"https:\/\/educaredigital.online\/loja\/produto\/classicos-favoritos-o-rei-midas\/"},"modified":"2026-04-09T15:04:26","modified_gmt":"2026-04-09T15:04:26","slug":"classicos-favoritos-o-rei-midas","status":"publish","type":"product","link":"https:\/\/educaredigital.online\/loja\/produto\/classicos-favoritos-o-rei-midas\/","title":{"rendered":"Cl\u00e1ssicos Favoritos: O Rei Midas"},"content":{"rendered":"<p><strong>Cl\u00e1ssicos Favoritos: O Rei Midas<\/strong> reconta a lenda grega do rei que desejava que tudo o que tocasse virasse ouro. Seu pedido foi realizado, mas ele logo percebeu o erro ao transformar at\u00e9 a pr\u00f3pria filha em est\u00e1tua dourada.<\/p>\n<p>Desesperado, Midas suplicou aos deuses que tirassem o dom amaldi\u00e7oado. A hist\u00f3ria ensina sobre gan\u00e2ncia e o verdadeiro valor das coisas simples da vida.<\/p>\n<div class=\"details-table-wrapper\">\n<table class=\"product-details-table\">\n<tbody>\n<tr>\n<td>Autor<\/td>\n<td>Mammoth World<\/td>\n<\/tr>\n<tr>\n<td>Tradutor(a)<\/td>\n<td>Ruth Marschalek<\/td>\n<\/tr>\n<tr>\n<td>ISBN<\/td>\n<td>9786556176895<\/td>\n<\/tr>\n<tr>\n<td>Editora<\/td>\n<td>Todolivro<\/td>\n<\/tr>\n<tr>\n<td>N\u00ba de p\u00e1ginas<\/td>\n<td>16<\/td>\n<\/tr>\n<\/tbody>\n<\/table>\n<\/div>\n","protected":false},"excerpt":{"rendered":"<p>Cl\u00e1ssicos Favoritos: O Rei Midas reconta a lenda grega do rei que desejava que tudo o que tocasse virasse ouro. Seu pedido foi realizado, mas ele logo percebeu o erro ao transformar at\u00e9 a pr\u00f3pria filha em est\u00e1tua dourada. Desesperado,<\/p>\n","protected":false},"featured_media":7033,"comment_status":"open","ping_status":"closed","template":"","meta":[],"product_brand":[],"product_cat":[202],"product_tag":[],"class_list":{"0":"post-7034","1":"product","2":"type-product","3":"status-publish","6":"product_cat-fundamental1-1ao3","8":"first","9":"instock","10":"shipping-taxable","11":"purchasable","12":"product-type-simple"},"_links":{"self":[{"href":"https:\/\/educaredigital.online\/loja\/wp-json\/wp\/v2\/product\/7034","targetHints":{"allow":["GET"]}}],"collection":[{"href":"https:\/\/educaredigital.online\/loja\/wp-json\/wp\/v2\/product"}],"about":[{"href":"https:\/\/educaredigital.online\/loja\/wp-json\/wp\/v2\/types\/product"}],"replies":[{"embeddable":true,"href":"https:\/\/educaredigital.online\/loja\/wp-json\/wp\/v2\/comments?post=7034"}],"wp:featuredmedia":[{"embeddable":true,"href":"https:\/\/educaredigital.online\/loja\/wp-json\/wp\/v2\/media\/7033"}],"wp:attachment":[{"href":"https:\/\/educaredigital.online\/loja\/wp-json\/wp\/v2\/media?parent=7034"}],"wp:term":[{"taxonomy":"product_brand","embeddable":true,"href":"https:\/\/educaredigital.online\/loja\/wp-json\/wp\/v2\/product_brand?post=7034"},{"taxonomy":"product_cat","embeddable":true,"href":"https:\/\/educaredigital.online\/loja\/wp-json\/wp\/v2\/product_cat?post=7034"},{"taxonomy":"product_tag","embeddable":true,"href":"https:\/\/educaredigital.online\/loja\/wp-json\/wp\/v2\/product_tag?post=7034"}],"curies":[{"name":"wp","href":"https:\/\/api.w.org\/{rel}","templated":true}]}}