{"id":7032,"date":"2026-04-08T13:52:08","date_gmt":"2026-04-08T13:52:08","guid":{"rendered":"https:\/\/educaredigital.online\/loja\/produto\/classicos-favoritos-o-lobo-e-os-sete-cabritinhos\/"},"modified":"2026-04-09T15:04:26","modified_gmt":"2026-04-09T15:04:26","slug":"classicos-favoritos-o-lobo-e-os-sete-cabritinhos","status":"publish","type":"product","link":"https:\/\/educaredigital.online\/loja\/produto\/classicos-favoritos-o-lobo-e-os-sete-cabritinhos\/","title":{"rendered":"Cl\u00e1ssicos Favoritos: O Lobo e os Sete Cabritinhos"},"content":{"rendered":"<p><strong>O Cl\u00e1ssicos Favoritos: O Lobo e os Sete Cabritinhos<\/strong> reconta a hist\u00f3ria dos sete filhotes que s\u00e3o enganados pelo lobo enquanto a m\u00e3e sai para comprar mantimentos. O lobo usa uma voz fina e patas branqueadas para tentar entrar na casa.<\/p>\n<p>Os cabritinhos, aos poucos, s\u00e3o devorados, exceto o ca\u00e7ula que se esconde. A m\u00e3e, ao voltar, corta a barriga do lobo dormindo e salva seus filhos, colocando pedras dentro do animal.<\/p>\n<div class=\"details-table-wrapper\">\n<table class=\"product-details-table\">\n<tbody>\n<tr>\n<td>Autor<\/td>\n<td>Mammoth World<\/td>\n<\/tr>\n<tr>\n<td>Tradutor(a)<\/td>\n<td>Ruth Marschalek<\/td>\n<\/tr>\n<tr>\n<td>ISBN<\/td>\n<td>9786556176888<\/td>\n<\/tr>\n<tr>\n<td>Editora<\/td>\n<td>Todolivro<\/td>\n<\/tr>\n<tr>\n<td>N\u00ba de p\u00e1ginas<\/td>\n<td>16<\/td>\n<\/tr>\n<\/tbody>\n<\/table>\n<\/div>\n","protected":false},"excerpt":{"rendered":"<p>O Cl\u00e1ssicos Favoritos: O Lobo e os Sete Cabritinhos reconta a hist\u00f3ria dos sete filhotes que s\u00e3o enganados pelo lobo enquanto a m\u00e3e sai para comprar mantimentos. O lobo usa uma voz fina e patas branqueadas para tentar entrar na<\/p>\n","protected":false},"featured_media":7031,"comment_status":"open","ping_status":"closed","template":"","meta":[],"product_brand":[],"product_cat":[202],"product_tag":[],"class_list":{"0":"post-7032","1":"product","2":"type-product","3":"status-publish","6":"product_cat-fundamental1-1ao3","8":"first","9":"instock","10":"shipping-taxable","11":"purchasable","12":"product-type-simple"},"_links":{"self":[{"href":"https:\/\/educaredigital.online\/loja\/wp-json\/wp\/v2\/product\/7032","targetHints":{"allow":["GET"]}}],"collection":[{"href":"https:\/\/educaredigital.online\/loja\/wp-json\/wp\/v2\/product"}],"about":[{"href":"https:\/\/educaredigital.online\/loja\/wp-json\/wp\/v2\/types\/product"}],"replies":[{"embeddable":true,"href":"https:\/\/educaredigital.online\/loja\/wp-json\/wp\/v2\/comments?post=7032"}],"wp:featuredmedia":[{"embeddable":true,"href":"https:\/\/educaredigital.online\/loja\/wp-json\/wp\/v2\/media\/7031"}],"wp:attachment":[{"href":"https:\/\/educaredigital.online\/loja\/wp-json\/wp\/v2\/media?parent=7032"}],"wp:term":[{"taxonomy":"product_brand","embeddable":true,"href":"https:\/\/educaredigital.online\/loja\/wp-json\/wp\/v2\/product_brand?post=7032"},{"taxonomy":"product_cat","embeddable":true,"href":"https:\/\/educaredigital.online\/loja\/wp-json\/wp\/v2\/product_cat?post=7032"},{"taxonomy":"product_tag","embeddable":true,"href":"https:\/\/educaredigital.online\/loja\/wp-json\/wp\/v2\/product_tag?post=7032"}],"curies":[{"name":"wp","href":"https:\/\/api.w.org\/{rel}","templated":true}]}}