{"id":7027,"date":"2026-04-08T13:51:44","date_gmt":"2026-04-08T13:51:44","guid":{"rendered":"https:\/\/educaredigital.online\/loja\/produto\/aprendendo-sobre-personalidade\/"},"modified":"2026-04-09T15:04:26","modified_gmt":"2026-04-09T15:04:26","slug":"aprendendo-sobre-personalidade","status":"publish","type":"product","link":"https:\/\/educaredigital.online\/loja\/produto\/aprendendo-sobre-personalidade\/","title":{"rendered":"Aprendendo Sobre Personalidade"},"content":{"rendered":"<p><strong>Aprendendo Sobre Personalidade<\/strong> oferece uma introdu\u00e7\u00e3o acess\u00edvel ao estudo dos tra\u00e7os e temperamentos humanos. A obra explora as principais teorias, desde os tipos cl\u00e1ssicos at\u00e9 abordagens modernas, ajudando o leitor a se compreender melhor.<\/p>\n<div class=\"details-table-wrapper\">\n<table class=\"product-details-table\">\n<tbody>\n<tr>\n<td>Autor<\/td>\n<td>Jenifer Moore-Malinos<\/td>\n<\/tr>\n<tr>\n<td>ISBN<\/td>\n<td>9786556179865<\/td>\n<\/tr>\n<tr>\n<td>Editora<\/td>\n<td>Todolivro<\/td>\n<\/tr>\n<\/tbody>\n<\/table>\n<\/div>\n","protected":false},"excerpt":{"rendered":"<p>Aprendendo Sobre Personalidade oferece uma introdu\u00e7\u00e3o acess\u00edvel ao estudo dos tra\u00e7os e temperamentos humanos. A obra explora as principais teorias, desde os tipos cl\u00e1ssicos at\u00e9 abordagens modernas, ajudando o leitor a se compreender melhor. Autor Jenifer Moore-Malinos ISBN 9786556179865 Editora<\/p>\n","protected":false},"featured_media":7026,"comment_status":"open","ping_status":"closed","template":"","meta":[],"product_brand":[],"product_cat":[202],"product_tag":[],"class_list":{"0":"post-7027","1":"product","2":"type-product","3":"status-publish","6":"product_cat-fundamental1-1ao3","8":"first","9":"instock","10":"shipping-taxable","11":"purchasable","12":"product-type-simple"},"_links":{"self":[{"href":"https:\/\/educaredigital.online\/loja\/wp-json\/wp\/v2\/product\/7027","targetHints":{"allow":["GET"]}}],"collection":[{"href":"https:\/\/educaredigital.online\/loja\/wp-json\/wp\/v2\/product"}],"about":[{"href":"https:\/\/educaredigital.online\/loja\/wp-json\/wp\/v2\/types\/product"}],"replies":[{"embeddable":true,"href":"https:\/\/educaredigital.online\/loja\/wp-json\/wp\/v2\/comments?post=7027"}],"wp:featuredmedia":[{"embeddable":true,"href":"https:\/\/educaredigital.online\/loja\/wp-json\/wp\/v2\/media\/7026"}],"wp:attachment":[{"href":"https:\/\/educaredigital.online\/loja\/wp-json\/wp\/v2\/media?parent=7027"}],"wp:term":[{"taxonomy":"product_brand","embeddable":true,"href":"https:\/\/educaredigital.online\/loja\/wp-json\/wp\/v2\/product_brand?post=7027"},{"taxonomy":"product_cat","embeddable":true,"href":"https:\/\/educaredigital.online\/loja\/wp-json\/wp\/v2\/product_cat?post=7027"},{"taxonomy":"product_tag","embeddable":true,"href":"https:\/\/educaredigital.online\/loja\/wp-json\/wp\/v2\/product_tag?post=7027"}],"curies":[{"name":"wp","href":"https:\/\/api.w.org\/{rel}","templated":true}]}}