{"id":7017,"date":"2026-04-08T13:51:33","date_gmt":"2026-04-08T13:51:33","guid":{"rendered":"https:\/\/educaredigital.online\/loja\/produto\/agora-eu-consigo-ler-ii-historias-de-animais\/"},"modified":"2026-04-09T15:04:26","modified_gmt":"2026-04-09T15:04:26","slug":"agora-eu-consigo-ler-ii-historias-de-animais","status":"publish","type":"product","link":"https:\/\/educaredigital.online\/loja\/produto\/agora-eu-consigo-ler-ii-historias-de-animais\/","title":{"rendered":"Agora eu consigo ler II: Hist\u00f3rias de Animais"},"content":{"rendered":"<div class=\"details-table-wrapper\">\n<p><strong>O Agora eu Consigo Ler II: Hist\u00f3rias de Animais,<\/strong> da Todolivro, re\u00fane contos divertidos protagonizados por bichos como le\u00f5es, macacos e coelhos. Com letras grandes em CAIXA ALTA, \u00e9 ideal para crian\u00e7as em fase de alfabetiza\u00e7\u00e3o.<\/p>\n<p>Cada hist\u00f3ria traz palavras-chave ao final para ajudar na amplia\u00e7\u00e3o do vocabul\u00e1rio. Com ilustra\u00e7\u00f5es coloridas e capa almofadada, estimula o amor pela leitura a partir de 3 anos.<\/p>\n<table class=\"product-details-table\">\n<tbody>\n<tr>\n<td>Autor<\/td>\n<td>Mammoth World<\/td>\n<\/tr>\n<tr>\n<td>Tradutor<\/td>\n<td>Ruth Marschalek<\/td>\n<\/tr>\n<tr>\n<td>ISBN<\/td>\n<td>9788537642207<\/td>\n<\/tr>\n<tr>\n<td>Editora<\/td>\n<td>Todolivro<\/td>\n<\/tr>\n<tr>\n<td>N\u00ba de p\u00e1ginas<\/td>\n<td>96<\/td>\n<\/tr>\n<\/tbody>\n<\/table>\n<\/div>\n","protected":false},"excerpt":{"rendered":"<p>O Agora eu Consigo Ler II: Hist\u00f3rias de Animais, da Todolivro, re\u00fane contos divertidos protagonizados por bichos como le\u00f5es, macacos e coelhos. Com letras grandes em CAIXA ALTA, \u00e9 ideal para crian\u00e7as em fase de alfabetiza\u00e7\u00e3o. Cada hist\u00f3ria traz palavras-chave<\/p>\n","protected":false},"featured_media":7016,"comment_status":"open","ping_status":"closed","template":"","meta":[],"product_brand":[],"product_cat":[202],"product_tag":[],"class_list":{"0":"post-7017","1":"product","2":"type-product","3":"status-publish","6":"product_cat-fundamental1-1ao3","8":"first","9":"instock","10":"shipping-taxable","11":"purchasable","12":"product-type-simple"},"_links":{"self":[{"href":"https:\/\/educaredigital.online\/loja\/wp-json\/wp\/v2\/product\/7017","targetHints":{"allow":["GET"]}}],"collection":[{"href":"https:\/\/educaredigital.online\/loja\/wp-json\/wp\/v2\/product"}],"about":[{"href":"https:\/\/educaredigital.online\/loja\/wp-json\/wp\/v2\/types\/product"}],"replies":[{"embeddable":true,"href":"https:\/\/educaredigital.online\/loja\/wp-json\/wp\/v2\/comments?post=7017"}],"wp:featuredmedia":[{"embeddable":true,"href":"https:\/\/educaredigital.online\/loja\/wp-json\/wp\/v2\/media\/7016"}],"wp:attachment":[{"href":"https:\/\/educaredigital.online\/loja\/wp-json\/wp\/v2\/media?parent=7017"}],"wp:term":[{"taxonomy":"product_brand","embeddable":true,"href":"https:\/\/educaredigital.online\/loja\/wp-json\/wp\/v2\/product_brand?post=7017"},{"taxonomy":"product_cat","embeddable":true,"href":"https:\/\/educaredigital.online\/loja\/wp-json\/wp\/v2\/product_cat?post=7017"},{"taxonomy":"product_tag","embeddable":true,"href":"https:\/\/educaredigital.online\/loja\/wp-json\/wp\/v2\/product_tag?post=7017"}],"curies":[{"name":"wp","href":"https:\/\/api.w.org\/{rel}","templated":true}]}}