{"id":7013,"date":"2026-04-08T13:51:22","date_gmt":"2026-04-08T13:51:22","guid":{"rendered":"https:\/\/educaredigital.online\/loja\/produto\/agora-eu-consigo-ler-ii-contos-de-fadas\/"},"modified":"2026-04-09T15:04:26","modified_gmt":"2026-04-09T15:04:26","slug":"agora-eu-consigo-ler-ii-contos-de-fadas","status":"publish","type":"product","link":"https:\/\/educaredigital.online\/loja\/produto\/agora-eu-consigo-ler-ii-contos-de-fadas\/","title":{"rendered":"Agora eu consigo ler II: Contos de Fadas"},"content":{"rendered":"<div class=\"details-table-wrapper\">\n<p><strong>O Agora eu Consigo Ler II: Contos de Fadas<\/strong>, da Todolivro, re\u00fane hist\u00f3rias cl\u00e1ssicas como Cinderela, Chapeuzinho Vermelho e Bela Adormecida. Com letras grandes em CAIXA ALTA, \u00e9 ideal para crian\u00e7as em fase de alfabetiza\u00e7\u00e3o.<\/p>\n<p>Cada conto inclui palavras-chave ao final para ampliar o vocabul\u00e1rio. Com ilustra\u00e7\u00f5es coloridas e capa almofadada, incentiva a leitura independente a partir de 3 anos.<\/p>\n<table class=\"product-details-table\">\n<tbody>\n<tr>\n<td>Autor<\/td>\n<td>Mammoth World<\/td>\n<\/tr>\n<tr>\n<td>Tradutor<\/td>\n<td>Ruth Marschalek<\/td>\n<\/tr>\n<tr>\n<td>ISBN<\/td>\n<td>9788537644416<\/td>\n<\/tr>\n<tr>\n<td>Editora<\/td>\n<td>Todolivro<\/td>\n<\/tr>\n<tr>\n<td>N\u00ba de p\u00e1ginas<\/td>\n<td>96<\/td>\n<\/tr>\n<\/tbody>\n<\/table>\n<\/div>\n","protected":false},"excerpt":{"rendered":"<p>O Agora eu Consigo Ler II: Contos de Fadas, da Todolivro, re\u00fane hist\u00f3rias cl\u00e1ssicas como Cinderela, Chapeuzinho Vermelho e Bela Adormecida. Com letras grandes em CAIXA ALTA, \u00e9 ideal para crian\u00e7as em fase de alfabetiza\u00e7\u00e3o. Cada conto inclui palavras-chave ao<\/p>\n","protected":false},"featured_media":7012,"comment_status":"open","ping_status":"closed","template":"","meta":[],"product_brand":[],"product_cat":[202],"product_tag":[],"class_list":{"0":"post-7013","1":"product","2":"type-product","3":"status-publish","6":"product_cat-fundamental1-1ao3","8":"first","9":"instock","10":"shipping-taxable","11":"purchasable","12":"product-type-simple"},"_links":{"self":[{"href":"https:\/\/educaredigital.online\/loja\/wp-json\/wp\/v2\/product\/7013","targetHints":{"allow":["GET"]}}],"collection":[{"href":"https:\/\/educaredigital.online\/loja\/wp-json\/wp\/v2\/product"}],"about":[{"href":"https:\/\/educaredigital.online\/loja\/wp-json\/wp\/v2\/types\/product"}],"replies":[{"embeddable":true,"href":"https:\/\/educaredigital.online\/loja\/wp-json\/wp\/v2\/comments?post=7013"}],"wp:featuredmedia":[{"embeddable":true,"href":"https:\/\/educaredigital.online\/loja\/wp-json\/wp\/v2\/media\/7012"}],"wp:attachment":[{"href":"https:\/\/educaredigital.online\/loja\/wp-json\/wp\/v2\/media?parent=7013"}],"wp:term":[{"taxonomy":"product_brand","embeddable":true,"href":"https:\/\/educaredigital.online\/loja\/wp-json\/wp\/v2\/product_brand?post=7013"},{"taxonomy":"product_cat","embeddable":true,"href":"https:\/\/educaredigital.online\/loja\/wp-json\/wp\/v2\/product_cat?post=7013"},{"taxonomy":"product_tag","embeddable":true,"href":"https:\/\/educaredigital.online\/loja\/wp-json\/wp\/v2\/product_tag?post=7013"}],"curies":[{"name":"wp","href":"https:\/\/api.w.org\/{rel}","templated":true}]}}