{"id":7011,"date":"2026-04-08T13:51:14","date_gmt":"2026-04-08T13:51:14","guid":{"rendered":"https:\/\/educaredigital.online\/loja\/produto\/agora-eu-consigo-ler-ii-contos-da-vovo\/"},"modified":"2026-04-09T15:04:26","modified_gmt":"2026-04-09T15:04:26","slug":"agora-eu-consigo-ler-ii-contos-da-vovo","status":"publish","type":"product","link":"https:\/\/educaredigital.online\/loja\/produto\/agora-eu-consigo-ler-ii-contos-da-vovo\/","title":{"rendered":"Agora eu consigo ler II: Contos da Vov\u00f3"},"content":{"rendered":"<div class=\"ds-message _63c77b1\">\n<div class=\"ds-markdown\">\n<p class=\"ds-markdown-paragraph\"><strong>Agora eu Consigo Ler<\/strong> II:<em>Contos da Vov\u00f3<\/em>, da Todolivro, re\u00fane mais de 20 hist\u00f3rias curtas e envolventes para crian\u00e7as em fase de alfabetiza\u00e7\u00e3o. Com letras grandes em CAIXA ALTA, o livro foi desenvolvido para estimular a leitura independente de forma gradual e divertida.<\/p>\n<p class=\"ds-markdown-paragraph\">Cada conto inclui uma lista de palavras-chave ao final, ajudando os pequenos a ampliar o vocabul\u00e1rio. Com ilustra\u00e7\u00f5es coloridas e capa almofadada, \u00e9 indicado para crian\u00e7as a partir de 3 anos.<\/p>\n<\/div>\n<\/div>\n<div class=\"details-table-wrapper\">\n<table class=\"product-details-table\">\n<tbody>\n<tr>\n<td>Autor<\/td>\n<td>Mammoth World<\/td>\n<\/tr>\n<tr>\n<td>Tradutor<\/td>\n<td>Ruth Marschalek<\/td>\n<\/tr>\n<tr>\n<td>ISBN<\/td>\n<td>9788537642184<\/td>\n<\/tr>\n<tr>\n<td>Editora<\/td>\n<td>Todolivro<\/td>\n<\/tr>\n<tr>\n<td>N\u00ba de p\u00e1ginas<\/td>\n<td>96<\/td>\n<\/tr>\n<\/tbody>\n<\/table>\n<\/div>\n","protected":false},"excerpt":{"rendered":"<p>Agora eu Consigo Ler II:Contos da Vov\u00f3, da Todolivro, re\u00fane mais de 20 hist\u00f3rias curtas e envolventes para crian\u00e7as em fase de alfabetiza\u00e7\u00e3o. Com letras grandes em CAIXA ALTA, o livro foi desenvolvido para estimular a leitura independente de forma<\/p>\n","protected":false},"featured_media":7010,"comment_status":"open","ping_status":"closed","template":"","meta":[],"product_brand":[],"product_cat":[202],"product_tag":[],"class_list":{"0":"post-7011","1":"product","2":"type-product","3":"status-publish","6":"product_cat-fundamental1-1ao3","8":"first","9":"instock","10":"shipping-taxable","11":"purchasable","12":"product-type-simple"},"_links":{"self":[{"href":"https:\/\/educaredigital.online\/loja\/wp-json\/wp\/v2\/product\/7011","targetHints":{"allow":["GET"]}}],"collection":[{"href":"https:\/\/educaredigital.online\/loja\/wp-json\/wp\/v2\/product"}],"about":[{"href":"https:\/\/educaredigital.online\/loja\/wp-json\/wp\/v2\/types\/product"}],"replies":[{"embeddable":true,"href":"https:\/\/educaredigital.online\/loja\/wp-json\/wp\/v2\/comments?post=7011"}],"wp:featuredmedia":[{"embeddable":true,"href":"https:\/\/educaredigital.online\/loja\/wp-json\/wp\/v2\/media\/7010"}],"wp:attachment":[{"href":"https:\/\/educaredigital.online\/loja\/wp-json\/wp\/v2\/media?parent=7011"}],"wp:term":[{"taxonomy":"product_brand","embeddable":true,"href":"https:\/\/educaredigital.online\/loja\/wp-json\/wp\/v2\/product_brand?post=7011"},{"taxonomy":"product_cat","embeddable":true,"href":"https:\/\/educaredigital.online\/loja\/wp-json\/wp\/v2\/product_cat?post=7011"},{"taxonomy":"product_tag","embeddable":true,"href":"https:\/\/educaredigital.online\/loja\/wp-json\/wp\/v2\/product_tag?post=7011"}],"curies":[{"name":"wp","href":"https:\/\/api.w.org\/{rel}","templated":true}]}}