{"id":7005,"date":"2026-04-08T13:50:57","date_gmt":"2026-04-08T13:50:57","guid":{"rendered":"https:\/\/educaredigital.online\/loja\/produto\/scottini-dicionario-lingua-inglesa\/"},"modified":"2026-04-09T14:17:19","modified_gmt":"2026-04-09T14:17:19","slug":"scottini-dicionario-lingua-inglesa","status":"publish","type":"product","link":"https:\/\/educaredigital.online\/loja\/produto\/scottini-dicionario-lingua-inglesa\/","title":{"rendered":"Scottini Dicion\u00e1rio: L\u00edngua Inglesa"},"content":{"rendered":"<p><strong>Scottini Dicion\u00e1rio: L\u00edngua Inglesa<\/strong> \u00e9 uma ferramenta pr\u00e1tica bil\u00edngue (ingl\u00eas-portugu\u00eas \/ portugu\u00eas-ingl\u00eas), ideal para estudantes brasileiros. Traz defini\u00e7\u00f5es claras, pron\u00fancia simplificada e vocabul\u00e1rio atualizado.<\/p>\n<p>Compacto e de f\u00e1cil consulta, auxilia na compreens\u00e3o de textos e na amplia\u00e7\u00e3o do vocabul\u00e1rio. Perfeito para uso escolar ou viagens.<\/p>\n<div class=\"details-table-wrapper\">\n<table class=\"product-details-table\">\n<tbody>\n<tr>\n<td>Autor<\/td>\n<td>ALFREDO SCOTTINI<\/td>\n<\/tr>\n<tr>\n<td>ISBN<\/td>\n<td>9788537636572<\/td>\n<\/tr>\n<tr>\n<td>Editora<\/td>\n<td>Todolivro<\/td>\n<\/tr>\n<tr>\n<td>N\u00ba de p\u00e1ginas<\/td>\n<td>656<\/td>\n<\/tr>\n<\/tbody>\n<\/table>\n<\/div>\n","protected":false},"excerpt":{"rendered":"<p>Scottini Dicion\u00e1rio: L\u00edngua Inglesa \u00e9 uma ferramenta pr\u00e1tica bil\u00edngue (ingl\u00eas-portugu\u00eas \/ portugu\u00eas-ingl\u00eas), ideal para estudantes brasileiros. Traz defini\u00e7\u00f5es claras, pron\u00fancia simplificada e vocabul\u00e1rio atualizado. Compacto e de f\u00e1cil consulta, auxilia na compreens\u00e3o de textos e na amplia\u00e7\u00e3o do vocabul\u00e1rio. Perfeito<\/p>\n","protected":false},"featured_media":7004,"comment_status":"open","ping_status":"closed","template":"","meta":[],"product_brand":[],"product_cat":[205],"product_tag":[],"class_list":{"0":"post-7005","1":"product","2":"type-product","3":"status-publish","6":"product_cat-fundamental-4-ao-5","8":"first","9":"instock","10":"shipping-taxable","11":"purchasable","12":"product-type-simple"},"_links":{"self":[{"href":"https:\/\/educaredigital.online\/loja\/wp-json\/wp\/v2\/product\/7005","targetHints":{"allow":["GET"]}}],"collection":[{"href":"https:\/\/educaredigital.online\/loja\/wp-json\/wp\/v2\/product"}],"about":[{"href":"https:\/\/educaredigital.online\/loja\/wp-json\/wp\/v2\/types\/product"}],"replies":[{"embeddable":true,"href":"https:\/\/educaredigital.online\/loja\/wp-json\/wp\/v2\/comments?post=7005"}],"wp:featuredmedia":[{"embeddable":true,"href":"https:\/\/educaredigital.online\/loja\/wp-json\/wp\/v2\/media\/7004"}],"wp:attachment":[{"href":"https:\/\/educaredigital.online\/loja\/wp-json\/wp\/v2\/media?parent=7005"}],"wp:term":[{"taxonomy":"product_brand","embeddable":true,"href":"https:\/\/educaredigital.online\/loja\/wp-json\/wp\/v2\/product_brand?post=7005"},{"taxonomy":"product_cat","embeddable":true,"href":"https:\/\/educaredigital.online\/loja\/wp-json\/wp\/v2\/product_cat?post=7005"},{"taxonomy":"product_tag","embeddable":true,"href":"https:\/\/educaredigital.online\/loja\/wp-json\/wp\/v2\/product_tag?post=7005"}],"curies":[{"name":"wp","href":"https:\/\/api.w.org\/{rel}","templated":true}]}}