{"id":7003,"date":"2026-04-08T13:50:54","date_gmt":"2026-04-08T13:50:54","guid":{"rendered":"https:\/\/educaredigital.online\/loja\/produto\/como-eu-me-sinto-ii-box-c-7-und\/"},"modified":"2026-04-09T15:04:26","modified_gmt":"2026-04-09T15:04:26","slug":"como-eu-me-sinto-ii-box-c-7-und","status":"publish","type":"product","link":"https:\/\/educaredigital.online\/loja\/produto\/como-eu-me-sinto-ii-box-c-7-und\/","title":{"rendered":"BOX Como Eu Me Sinto II"},"content":{"rendered":"<p><strong>Box Como Eu Me Sinto<\/strong> com 7 livros, da Todolivro, \u00e9 uma cole\u00e7\u00e3o desenvolvida pela terapeuta Cornelia Maude Spelman para ensinar crian\u00e7as a identificar e lidar com suas emo\u00e7\u00f5es . Com uma linguagem simples e acolhedora, os livros ajudam os pequenos a compreender sentimentos e a se relacionar melhor com os outros .<\/p>\n<p>Com ilustra\u00e7\u00f5es de Kathy Parkinson e capa dura, o box \u00e9 uma ferramenta valiosa para o desenvolvimento da intelig\u00eancia emocional infantil . A cole\u00e7\u00e3o aborda desde emo\u00e7\u00f5es agrad\u00e1veis at\u00e9 aquelas mais desafiadoras, sempre de forma l\u00fadica e educativa<\/p>\n<div class=\"details-table-wrapper\">\n<table class=\"product-details-table\">\n<tbody>\n<tr>\n<td>Autor<\/td>\n<td>Larissa Justino Vanessa &amp; Freitas<\/td>\n<\/tr>\n<tr>\n<td>ISBN<\/td>\n<td>9788537663936<\/td>\n<\/tr>\n<tr>\n<td>Editora<\/td>\n<td>Todolivro<\/td>\n<\/tr>\n<tr>\n<td>7 t\u00edtulos<\/td>\n<td>Quando eu tenho Medo, Quando eu tenho Raiva, Quando eu estou Triste, Quando estou com Ci\u00fames, Quando sinto sua Falta, Quando me sinto Bem e Quando me Importo com os Outros.<\/td>\n<\/tr>\n<\/tbody>\n<\/table>\n<\/div>\n","protected":false},"excerpt":{"rendered":"<p>Box Como Eu Me Sinto com 7 livros, da Todolivro, \u00e9 uma cole\u00e7\u00e3o desenvolvida pela terapeuta Cornelia Maude Spelman para ensinar crian\u00e7as a identificar e lidar com suas emo\u00e7\u00f5es . Com uma linguagem simples e acolhedora, os livros ajudam os<\/p>\n","protected":false},"featured_media":7002,"comment_status":"open","ping_status":"closed","template":"","meta":[],"product_brand":[],"product_cat":[202],"product_tag":[],"class_list":{"0":"post-7003","1":"product","2":"type-product","3":"status-publish","6":"product_cat-fundamental1-1ao3","8":"first","9":"instock","10":"shipping-taxable","11":"purchasable","12":"product-type-simple"},"_links":{"self":[{"href":"https:\/\/educaredigital.online\/loja\/wp-json\/wp\/v2\/product\/7003","targetHints":{"allow":["GET"]}}],"collection":[{"href":"https:\/\/educaredigital.online\/loja\/wp-json\/wp\/v2\/product"}],"about":[{"href":"https:\/\/educaredigital.online\/loja\/wp-json\/wp\/v2\/types\/product"}],"replies":[{"embeddable":true,"href":"https:\/\/educaredigital.online\/loja\/wp-json\/wp\/v2\/comments?post=7003"}],"wp:featuredmedia":[{"embeddable":true,"href":"https:\/\/educaredigital.online\/loja\/wp-json\/wp\/v2\/media\/7002"}],"wp:attachment":[{"href":"https:\/\/educaredigital.online\/loja\/wp-json\/wp\/v2\/media?parent=7003"}],"wp:term":[{"taxonomy":"product_brand","embeddable":true,"href":"https:\/\/educaredigital.online\/loja\/wp-json\/wp\/v2\/product_brand?post=7003"},{"taxonomy":"product_cat","embeddable":true,"href":"https:\/\/educaredigital.online\/loja\/wp-json\/wp\/v2\/product_cat?post=7003"},{"taxonomy":"product_tag","embeddable":true,"href":"https:\/\/educaredigital.online\/loja\/wp-json\/wp\/v2\/product_tag?post=7003"}],"curies":[{"name":"wp","href":"https:\/\/api.w.org\/{rel}","templated":true}]}}