{"id":6339,"date":"2026-04-07T21:02:14","date_gmt":"2026-04-07T21:02:14","guid":{"rendered":"https:\/\/educaredigital.online\/loja\/produto\/one-piece-vol-2\/"},"modified":"2026-04-09T14:39:07","modified_gmt":"2026-04-09T14:39:07","slug":"one-piece-vol-2","status":"publish","type":"product","link":"https:\/\/educaredigital.online\/loja\/produto\/one-piece-vol-2\/","title":{"rendered":"One Piece &#8211; Vol. 2"},"content":{"rendered":"<div class=\"details-table-wrapper\"><strong>One Piece &#8211; Vol. 2<\/strong> segue a jornada de Luffy rumo ao lend\u00e1rio tesouro. O volume apresenta novos aliados e inimigos, como o palha\u00e7o Buggy, um pirata com poderes da Fruta do Diabo que se torna um dos primeiros grandes desafios do protagonista. Al\u00e9m disso, a amizade entre Luffy e Zoro \u00e9 fortalecida, enquanto novos personagens, como Nami, come\u00e7am a ganhar destaque na trama.<\/p>\n<table class=\"product-details-table\">\n<tbody>\n<tr>\n<td>Autor<\/td>\n<td>Eiichiro Oda<\/td>\n<\/tr>\n<tr>\n<td>ISBN<\/td>\n<td>9788573518849<\/td>\n<\/tr>\n<tr>\n<td>Editora<\/td>\n<td>Panini<\/td>\n<\/tr>\n<tr>\n<td>N\u00ba de p\u00e1ginas<\/td>\n<td>192<\/td>\n<\/tr>\n<\/tbody>\n<\/table>\n<\/div>\n","protected":false},"excerpt":{"rendered":"<p>One Piece &#8211; Vol. 2 segue a jornada de Luffy rumo ao lend\u00e1rio tesouro. O volume apresenta novos aliados e inimigos, como o palha\u00e7o Buggy, um pirata com poderes da Fruta do Diabo que se torna um dos primeiros grandes<\/p>\n","protected":false},"featured_media":6338,"comment_status":"open","ping_status":"closed","template":"","meta":[],"product_brand":[],"product_cat":[216],"product_tag":[],"class_list":{"0":"post-6339","1":"product","2":"type-product","3":"status-publish","6":"product_cat-gibiteca-livros-projetos","8":"first","9":"instock","10":"shipping-taxable","11":"purchasable","12":"product-type-simple"},"_links":{"self":[{"href":"https:\/\/educaredigital.online\/loja\/wp-json\/wp\/v2\/product\/6339","targetHints":{"allow":["GET"]}}],"collection":[{"href":"https:\/\/educaredigital.online\/loja\/wp-json\/wp\/v2\/product"}],"about":[{"href":"https:\/\/educaredigital.online\/loja\/wp-json\/wp\/v2\/types\/product"}],"replies":[{"embeddable":true,"href":"https:\/\/educaredigital.online\/loja\/wp-json\/wp\/v2\/comments?post=6339"}],"wp:featuredmedia":[{"embeddable":true,"href":"https:\/\/educaredigital.online\/loja\/wp-json\/wp\/v2\/media\/6338"}],"wp:attachment":[{"href":"https:\/\/educaredigital.online\/loja\/wp-json\/wp\/v2\/media?parent=6339"}],"wp:term":[{"taxonomy":"product_brand","embeddable":true,"href":"https:\/\/educaredigital.online\/loja\/wp-json\/wp\/v2\/product_brand?post=6339"},{"taxonomy":"product_cat","embeddable":true,"href":"https:\/\/educaredigital.online\/loja\/wp-json\/wp\/v2\/product_cat?post=6339"},{"taxonomy":"product_tag","embeddable":true,"href":"https:\/\/educaredigital.online\/loja\/wp-json\/wp\/v2\/product_tag?post=6339"}],"curies":[{"name":"wp","href":"https:\/\/api.w.org\/{rel}","templated":true}]}}