{"id":6335,"date":"2026-04-07T21:02:12","date_gmt":"2026-04-07T21:02:12","guid":{"rendered":"https:\/\/educaredigital.online\/loja\/produto\/dragon-ball-super-vol-7\/"},"modified":"2026-04-09T14:35:07","modified_gmt":"2026-04-09T14:35:07","slug":"dragon-ball-super-vol-7","status":"publish","type":"product","link":"https:\/\/educaredigital.online\/loja\/produto\/dragon-ball-super-vol-7\/","title":{"rendered":"Dragon Ball Super &#8211; Vol. 7"},"content":{"rendered":"<p><strong>Dragon Ball Super &#8211; Vol. 7<\/strong> d\u00e1 in\u00edcio ao Torneio do Poder, com Goku tentando enfrentar o poderoso Jiren. Enquanto Freeza faz um acordo com Frost, v\u00e1rias elimina\u00e7\u00f5es acontecem \u2014 incluindo Krillin, Piccolo e #18 \u2014 restando Goku, Vegeta, Gohan, Mestre Kame, #17 e Freeza na luta pela sobreviv\u00eancia.<\/p>\n<div class=\"details-table-wrapper\">\n<table class=\"product-details-table\">\n<tbody>\n<tr>\n<td>Autor<\/td>\n<td>Akira Toriyama<\/td>\n<\/tr>\n<tr>\n<td>ISBN<\/td>\n<td>9788542619874<\/td>\n<\/tr>\n<tr>\n<td>Editora<\/td>\n<td>Panini<\/td>\n<\/tr>\n<tr>\n<td>N\u00ba de p\u00e1ginas<\/td>\n<td>192<\/td>\n<\/tr>\n<\/tbody>\n<\/table>\n<\/div>\n","protected":false},"excerpt":{"rendered":"<p>Dragon Ball Super &#8211; Vol. 7 d\u00e1 in\u00edcio ao Torneio do Poder, com Goku tentando enfrentar o poderoso Jiren. Enquanto Freeza faz um acordo com Frost, v\u00e1rias elimina\u00e7\u00f5es acontecem \u2014 incluindo Krillin, Piccolo e #18 \u2014 restando Goku, Vegeta, Gohan,<\/p>\n","protected":false},"featured_media":6334,"comment_status":"open","ping_status":"closed","template":"","meta":[],"product_brand":[],"product_cat":[216],"product_tag":[],"class_list":{"0":"post-6335","1":"product","2":"type-product","3":"status-publish","6":"product_cat-gibiteca-livros-projetos","8":"first","9":"instock","10":"shipping-taxable","11":"purchasable","12":"product-type-simple"},"_links":{"self":[{"href":"https:\/\/educaredigital.online\/loja\/wp-json\/wp\/v2\/product\/6335","targetHints":{"allow":["GET"]}}],"collection":[{"href":"https:\/\/educaredigital.online\/loja\/wp-json\/wp\/v2\/product"}],"about":[{"href":"https:\/\/educaredigital.online\/loja\/wp-json\/wp\/v2\/types\/product"}],"replies":[{"embeddable":true,"href":"https:\/\/educaredigital.online\/loja\/wp-json\/wp\/v2\/comments?post=6335"}],"wp:featuredmedia":[{"embeddable":true,"href":"https:\/\/educaredigital.online\/loja\/wp-json\/wp\/v2\/media\/6334"}],"wp:attachment":[{"href":"https:\/\/educaredigital.online\/loja\/wp-json\/wp\/v2\/media?parent=6335"}],"wp:term":[{"taxonomy":"product_brand","embeddable":true,"href":"https:\/\/educaredigital.online\/loja\/wp-json\/wp\/v2\/product_brand?post=6335"},{"taxonomy":"product_cat","embeddable":true,"href":"https:\/\/educaredigital.online\/loja\/wp-json\/wp\/v2\/product_cat?post=6335"},{"taxonomy":"product_tag","embeddable":true,"href":"https:\/\/educaredigital.online\/loja\/wp-json\/wp\/v2\/product_tag?post=6335"}],"curies":[{"name":"wp","href":"https:\/\/api.w.org\/{rel}","templated":true}]}}