{"id":6333,"date":"2026-04-07T21:02:11","date_gmt":"2026-04-07T21:02:11","guid":{"rendered":"https:\/\/educaredigital.online\/loja\/produto\/dragon-ball-super-vol-6\/"},"modified":"2026-04-09T14:35:29","modified_gmt":"2026-04-09T14:35:29","slug":"dragon-ball-super-vol-6","status":"publish","type":"product","link":"https:\/\/educaredigital.online\/loja\/produto\/dragon-ball-super-vol-6\/","title":{"rendered":"Dragon Ball Super &#8211; Vol. 6"},"content":{"rendered":"<p><strong>Dragon Ball Super &#8211; Vol. 6<\/strong> d\u00e1 in\u00edcio ao Torneio do Poder, onde o universo vencedor ser\u00e1 salvo e os perdedores, exterminados. Goku precisa reunir os 10 guerreiros mais fortes do s\u00e9timo universo \u2014 e a \u00faltima escolha \u00e9 uma surpresa: Freeza.<\/p>\n<div class=\"details-table-wrapper\">\n<table class=\"product-details-table\">\n<tbody>\n<tr>\n<td>Autor<\/td>\n<td>Akira Toriyama<\/td>\n<\/tr>\n<tr>\n<td>ISBN<\/td>\n<td>9788542615548<\/td>\n<\/tr>\n<tr>\n<td>Editora<\/td>\n<td>Panini<\/td>\n<\/tr>\n<tr>\n<td>N\u00ba de p\u00e1ginas<\/td>\n<td>192<\/td>\n<\/tr>\n<\/tbody>\n<\/table>\n<\/div>\n","protected":false},"excerpt":{"rendered":"<p>Dragon Ball Super &#8211; Vol. 6 d\u00e1 in\u00edcio ao Torneio do Poder, onde o universo vencedor ser\u00e1 salvo e os perdedores, exterminados. Goku precisa reunir os 10 guerreiros mais fortes do s\u00e9timo universo \u2014 e a \u00faltima escolha \u00e9 uma<\/p>\n","protected":false},"featured_media":6332,"comment_status":"open","ping_status":"closed","template":"","meta":[],"product_brand":[],"product_cat":[216],"product_tag":[],"class_list":{"0":"post-6333","1":"product","2":"type-product","3":"status-publish","6":"product_cat-gibiteca-livros-projetos","8":"first","9":"instock","10":"shipping-taxable","11":"purchasable","12":"product-type-simple"},"_links":{"self":[{"href":"https:\/\/educaredigital.online\/loja\/wp-json\/wp\/v2\/product\/6333","targetHints":{"allow":["GET"]}}],"collection":[{"href":"https:\/\/educaredigital.online\/loja\/wp-json\/wp\/v2\/product"}],"about":[{"href":"https:\/\/educaredigital.online\/loja\/wp-json\/wp\/v2\/types\/product"}],"replies":[{"embeddable":true,"href":"https:\/\/educaredigital.online\/loja\/wp-json\/wp\/v2\/comments?post=6333"}],"wp:featuredmedia":[{"embeddable":true,"href":"https:\/\/educaredigital.online\/loja\/wp-json\/wp\/v2\/media\/6332"}],"wp:attachment":[{"href":"https:\/\/educaredigital.online\/loja\/wp-json\/wp\/v2\/media?parent=6333"}],"wp:term":[{"taxonomy":"product_brand","embeddable":true,"href":"https:\/\/educaredigital.online\/loja\/wp-json\/wp\/v2\/product_brand?post=6333"},{"taxonomy":"product_cat","embeddable":true,"href":"https:\/\/educaredigital.online\/loja\/wp-json\/wp\/v2\/product_cat?post=6333"},{"taxonomy":"product_tag","embeddable":true,"href":"https:\/\/educaredigital.online\/loja\/wp-json\/wp\/v2\/product_tag?post=6333"}],"curies":[{"name":"wp","href":"https:\/\/api.w.org\/{rel}","templated":true}]}}