{"id":6331,"date":"2026-04-07T21:02:10","date_gmt":"2026-04-07T21:02:10","guid":{"rendered":"https:\/\/educaredigital.online\/loja\/produto\/dragon-ball-super-vol-5\/"},"modified":"2026-04-09T14:34:44","modified_gmt":"2026-04-09T14:34:44","slug":"dragon-ball-super-vol-5","status":"publish","type":"product","link":"https:\/\/educaredigital.online\/loja\/produto\/dragon-ball-super-vol-5\/","title":{"rendered":"Dragon Ball Super &#8211; Vol. 5"},"content":{"rendered":"<p><strong>Dragon Ball Super &#8211; Vol. 5<\/strong> conclui o arco de &#8220;Goku Black&#8221; e j\u00e1 prepara o terreno para o Torneio do Poder. Com Vegeta ferido e a fus\u00e3o falhando, Goku precisa enfrentar sozinho o tem\u00edvel Zamasu fundido. A situa\u00e7\u00e3o fica t\u00e3o desesperadora que a \u00fanica sa\u00edda \u00e9 recorrer ao Rei Zeno, que simplesmente apaga todo o futuro da linha de Trunks do mapa.<\/p>\n<p>Al\u00e9m disso, o volume j\u00e1 apresenta o pontap\u00e9 inicial do pr\u00f3ximo arco: Goku, sempre ansioso por uma luta, lembra os Zenos da promessa de um grande torneio entre universos. Assim, o volume fecha uma saga e j\u00e1 come\u00e7a a construir a maior competi\u00e7\u00e3o de artes marciais de Dragon Ball, apresentando v\u00e1rios novos Deuses da Destrui\u00e7\u00e3o.<\/p>\n<div class=\"details-table-wrapper\">\n<table class=\"product-details-table\">\n<tbody>\n<tr>\n<td>Autor<\/td>\n<td>Akira Toriyama<\/td>\n<\/tr>\n<tr>\n<td>ISBN<\/td>\n<td>9788542615531<\/td>\n<\/tr>\n<tr>\n<td>Editora<\/td>\n<td>Panini<\/td>\n<\/tr>\n<tr>\n<td>N\u00ba de p\u00e1ginas<\/td>\n<td>192<\/td>\n<\/tr>\n<\/tbody>\n<\/table>\n<\/div>\n","protected":false},"excerpt":{"rendered":"<p>Dragon Ball Super &#8211; Vol. 5 conclui o arco de &#8220;Goku Black&#8221; e j\u00e1 prepara o terreno para o Torneio do Poder. Com Vegeta ferido e a fus\u00e3o falhando, Goku precisa enfrentar sozinho o tem\u00edvel Zamasu fundido. A situa\u00e7\u00e3o fica<\/p>\n","protected":false},"featured_media":6330,"comment_status":"open","ping_status":"closed","template":"","meta":[],"product_brand":[],"product_cat":[216],"product_tag":[],"class_list":{"0":"post-6331","1":"product","2":"type-product","3":"status-publish","6":"product_cat-gibiteca-livros-projetos","8":"first","9":"instock","10":"shipping-taxable","11":"purchasable","12":"product-type-simple"},"_links":{"self":[{"href":"https:\/\/educaredigital.online\/loja\/wp-json\/wp\/v2\/product\/6331","targetHints":{"allow":["GET"]}}],"collection":[{"href":"https:\/\/educaredigital.online\/loja\/wp-json\/wp\/v2\/product"}],"about":[{"href":"https:\/\/educaredigital.online\/loja\/wp-json\/wp\/v2\/types\/product"}],"replies":[{"embeddable":true,"href":"https:\/\/educaredigital.online\/loja\/wp-json\/wp\/v2\/comments?post=6331"}],"wp:featuredmedia":[{"embeddable":true,"href":"https:\/\/educaredigital.online\/loja\/wp-json\/wp\/v2\/media\/6330"}],"wp:attachment":[{"href":"https:\/\/educaredigital.online\/loja\/wp-json\/wp\/v2\/media?parent=6331"}],"wp:term":[{"taxonomy":"product_brand","embeddable":true,"href":"https:\/\/educaredigital.online\/loja\/wp-json\/wp\/v2\/product_brand?post=6331"},{"taxonomy":"product_cat","embeddable":true,"href":"https:\/\/educaredigital.online\/loja\/wp-json\/wp\/v2\/product_cat?post=6331"},{"taxonomy":"product_tag","embeddable":true,"href":"https:\/\/educaredigital.online\/loja\/wp-json\/wp\/v2\/product_tag?post=6331"}],"curies":[{"name":"wp","href":"https:\/\/api.w.org\/{rel}","templated":true}]}}