{"id":6329,"date":"2026-04-07T21:02:09","date_gmt":"2026-04-07T21:02:09","guid":{"rendered":"https:\/\/educaredigital.online\/loja\/produto\/dragon-ball-super-vol-2\/"},"modified":"2026-04-08T18:53:47","modified_gmt":"2026-04-08T18:53:47","slug":"dragon-ball-super-vol-2","status":"publish","type":"product","link":"https:\/\/educaredigital.online\/loja\/produto\/dragon-ball-super-vol-2\/","title":{"rendered":"Dragon Ball Super &#8211; Vol. 2"},"content":{"rendered":"<p><strong>Dragon Ball Super &#8211; Vol. 2<\/strong> continua o Torneio entre os Universos 6 e 7, com Goku enfrentando Frost e Vegeta ajudando o sayajin Cabbe a despertar o Super Sayajin. Ap\u00f3s o torneio, o futuro Trunks surge no presente com um alerta terr\u00edvel sobre &#8220;Goku Black&#8221;, um inimigo com a apar\u00eancia de Goku que amea\u00e7a dizimar a humanidade.<\/p>\n<div class=\"details-table-wrapper\">\n<table class=\"product-details-table\">\n<tbody>\n<tr>\n<td>Autor<\/td>\n<td>Akira Toriyama<\/td>\n<\/tr>\n<tr>\n<td>ISBN<\/td>\n<td>9788542612592<\/td>\n<\/tr>\n<tr>\n<td>Editora<\/td>\n<td>Panini<\/td>\n<\/tr>\n<tr>\n<td>N\u00ba de p\u00e1ginas<\/td>\n<td>212<\/td>\n<\/tr>\n<\/tbody>\n<\/table>\n<\/div>\n","protected":false},"excerpt":{"rendered":"<p>Dragon Ball Super &#8211; Vol. 2 continua o Torneio entre os Universos 6 e 7, com Goku enfrentando Frost e Vegeta ajudando o sayajin Cabbe a despertar o Super Sayajin. Ap\u00f3s o torneio, o futuro Trunks surge no presente com<\/p>\n","protected":false},"featured_media":6328,"comment_status":"open","ping_status":"closed","template":"","meta":[],"product_brand":[],"product_cat":[216],"product_tag":[],"class_list":{"0":"post-6329","1":"product","2":"type-product","3":"status-publish","6":"product_cat-gibiteca-livros-projetos","8":"first","9":"instock","10":"shipping-taxable","11":"purchasable","12":"product-type-simple"},"_links":{"self":[{"href":"https:\/\/educaredigital.online\/loja\/wp-json\/wp\/v2\/product\/6329","targetHints":{"allow":["GET"]}}],"collection":[{"href":"https:\/\/educaredigital.online\/loja\/wp-json\/wp\/v2\/product"}],"about":[{"href":"https:\/\/educaredigital.online\/loja\/wp-json\/wp\/v2\/types\/product"}],"replies":[{"embeddable":true,"href":"https:\/\/educaredigital.online\/loja\/wp-json\/wp\/v2\/comments?post=6329"}],"wp:featuredmedia":[{"embeddable":true,"href":"https:\/\/educaredigital.online\/loja\/wp-json\/wp\/v2\/media\/6328"}],"wp:attachment":[{"href":"https:\/\/educaredigital.online\/loja\/wp-json\/wp\/v2\/media?parent=6329"}],"wp:term":[{"taxonomy":"product_brand","embeddable":true,"href":"https:\/\/educaredigital.online\/loja\/wp-json\/wp\/v2\/product_brand?post=6329"},{"taxonomy":"product_cat","embeddable":true,"href":"https:\/\/educaredigital.online\/loja\/wp-json\/wp\/v2\/product_cat?post=6329"},{"taxonomy":"product_tag","embeddable":true,"href":"https:\/\/educaredigital.online\/loja\/wp-json\/wp\/v2\/product_tag?post=6329"}],"curies":[{"name":"wp","href":"https:\/\/api.w.org\/{rel}","templated":true}]}}