{"id":6327,"date":"2026-04-07T21:02:09","date_gmt":"2026-04-07T21:02:09","guid":{"rendered":"https:\/\/educaredigital.online\/loja\/produto\/a-droga-da-obediencia-nova-edicao\/"},"modified":"2026-04-08T18:47:27","modified_gmt":"2026-04-08T18:47:27","slug":"a-droga-da-obediencia-nova-edicao","status":"publish","type":"product","link":"https:\/\/educaredigital.online\/loja\/produto\/a-droga-da-obediencia-nova-edicao\/","title":{"rendered":"A Droga da Obedi\u00eancia"},"content":{"rendered":"<p><strong>A Droga da Obedi\u00eancia,<\/strong> de <em>Pedro<\/em> <em>Bandeira<\/em>, inaugura a s\u00e9rie Os Karas com a hist\u00f3ria de cinco adolescentes que investigam o desaparecimento de estudantes em S\u00e3o Paulo. Eles descobrem um plano maligno do Doutor Q.I., que usa uma droga para anular a vontade e garantir obedi\u00eancia cega aos jovens.<\/p>\n<p>Com suspense e a\u00e7\u00e3o, a nova edi\u00e7\u00e3o traz linguagem atualizada e reflex\u00f5es sobre liberdade e pensamento cr\u00edtico, temas que seguem mais atuais do que nunca.<\/p>\n<div class=\"details-table-wrapper\">\n<table class=\"product-details-table\">\n<tbody>\n<tr>\n<td>Autor<\/td>\n<td>Pedro Bandeira<\/td>\n<\/tr>\n<tr>\n<td>ISBN<\/td>\n<td>9788552734314<\/td>\n<\/tr>\n<tr>\n<td>Editora<\/td>\n<td>Moderna<\/td>\n<\/tr>\n<tr>\n<td>N\u00ba de p\u00e1ginas<\/td>\n<td>208<\/td>\n<\/tr>\n<\/tbody>\n<\/table>\n<\/div>\n","protected":false},"excerpt":{"rendered":"<p>Nova Edi\u00e7\u00e3o<\/p>\n","protected":false},"featured_media":6326,"comment_status":"open","ping_status":"closed","template":"","meta":[],"product_brand":[],"product_cat":[206],"product_tag":[],"class_list":{"0":"post-6327","1":"product","2":"type-product","3":"status-publish","6":"product_cat-fundamental-2-6o-ao-9o","8":"first","9":"instock","10":"shipping-taxable","11":"purchasable","12":"product-type-simple"},"_links":{"self":[{"href":"https:\/\/educaredigital.online\/loja\/wp-json\/wp\/v2\/product\/6327","targetHints":{"allow":["GET"]}}],"collection":[{"href":"https:\/\/educaredigital.online\/loja\/wp-json\/wp\/v2\/product"}],"about":[{"href":"https:\/\/educaredigital.online\/loja\/wp-json\/wp\/v2\/types\/product"}],"replies":[{"embeddable":true,"href":"https:\/\/educaredigital.online\/loja\/wp-json\/wp\/v2\/comments?post=6327"}],"wp:featuredmedia":[{"embeddable":true,"href":"https:\/\/educaredigital.online\/loja\/wp-json\/wp\/v2\/media\/6326"}],"wp:attachment":[{"href":"https:\/\/educaredigital.online\/loja\/wp-json\/wp\/v2\/media?parent=6327"}],"wp:term":[{"taxonomy":"product_brand","embeddable":true,"href":"https:\/\/educaredigital.online\/loja\/wp-json\/wp\/v2\/product_brand?post=6327"},{"taxonomy":"product_cat","embeddable":true,"href":"https:\/\/educaredigital.online\/loja\/wp-json\/wp\/v2\/product_cat?post=6327"},{"taxonomy":"product_tag","embeddable":true,"href":"https:\/\/educaredigital.online\/loja\/wp-json\/wp\/v2\/product_tag?post=6327"}],"curies":[{"name":"wp","href":"https:\/\/api.w.org\/{rel}","templated":true}]}}