{"id":6325,"date":"2026-04-07T21:02:07","date_gmt":"2026-04-07T21:02:07","guid":{"rendered":"https:\/\/educaredigital.online\/loja\/produto\/mulheres-enraizadas\/"},"modified":"2026-04-08T18:41:54","modified_gmt":"2026-04-08T18:41:54","slug":"mulheres-enraizadas","status":"publish","type":"product","link":"https:\/\/educaredigital.online\/loja\/produto\/mulheres-enraizadas\/","title":{"rendered":"Mulheres Enraizadas"},"content":{"rendered":"<p><strong>Mulheres Enraizadas<\/strong>, de <em>Viviane Martinello<\/em>, \u00e9 um devocional de oito semanas que convida a mulher crist\u00e3 a fortalecer sua rela\u00e7\u00e3o com Deus a partir da met\u00e1fora da \u00e1rvore. Inspirada na passagem de Lucas 13, a autora prop\u00f5e uma reflex\u00e3o sobre como as ra\u00edzes espirituais \u2014 aquilo que est\u00e1 escondido, mas sustenta a vida \u2014 determinam a qualidade dos frutos que se produz, ou seja, o car\u00e1ter e a forma de viver no dia a dia.<\/p>\n<p>Com linguagem acess\u00edvel e testemunhos pessoais, a obra aborda temas como medo, rejei\u00e7\u00e3o e des\u00e2nimo, oferecendo caminhos para que a leitora permita que Deus cure suas feridas mais profundas e viva um florescimento abundante. Lan\u00e7ado em 2023 pela Editora Vida, o livro rapidamente se tornou um best-seller e \u00e9 indicado para mulheres de todas as idades que buscam crescimento espiritual, autoconhecimento e restaura\u00e7\u00e3o interior.<\/p>\n<div class=\"details-table-wrapper\">\n<table class=\"product-details-table\">\n<tbody>\n<tr>\n<td>Autor<\/td>\n<td>Viviane Martinello<\/td>\n<\/tr>\n<tr>\n<td>ISBN<\/td>\n<td>9786555844382<\/td>\n<\/tr>\n<tr>\n<td>Editora<\/td>\n<td>Vida<\/td>\n<\/tr>\n<tr>\n<td>N\u00ba de p\u00e1ginas<\/td>\n<td>224<\/td>\n<\/tr>\n<\/tbody>\n<\/table>\n<\/div>\n","protected":false},"excerpt":{"rendered":"<p>Mulheres Enraizadas, de Viviane Martinello, \u00e9 um devocional de oito semanas que convida a mulher crist\u00e3 a fortalecer sua rela\u00e7\u00e3o com Deus a partir da met\u00e1fora da \u00e1rvore. Inspirada na passagem de Lucas 13, a autora prop\u00f5e uma reflex\u00e3o sobre<\/p>\n","protected":false},"featured_media":6324,"comment_status":"open","ping_status":"closed","template":"","meta":[],"product_brand":[],"product_cat":[215],"product_tag":[],"class_list":{"0":"post-6325","1":"product","2":"type-product","3":"status-publish","6":"product_cat-adulto-18","8":"first","9":"instock","10":"shipping-taxable","11":"purchasable","12":"product-type-simple"},"_links":{"self":[{"href":"https:\/\/educaredigital.online\/loja\/wp-json\/wp\/v2\/product\/6325","targetHints":{"allow":["GET"]}}],"collection":[{"href":"https:\/\/educaredigital.online\/loja\/wp-json\/wp\/v2\/product"}],"about":[{"href":"https:\/\/educaredigital.online\/loja\/wp-json\/wp\/v2\/types\/product"}],"replies":[{"embeddable":true,"href":"https:\/\/educaredigital.online\/loja\/wp-json\/wp\/v2\/comments?post=6325"}],"wp:featuredmedia":[{"embeddable":true,"href":"https:\/\/educaredigital.online\/loja\/wp-json\/wp\/v2\/media\/6324"}],"wp:attachment":[{"href":"https:\/\/educaredigital.online\/loja\/wp-json\/wp\/v2\/media?parent=6325"}],"wp:term":[{"taxonomy":"product_brand","embeddable":true,"href":"https:\/\/educaredigital.online\/loja\/wp-json\/wp\/v2\/product_brand?post=6325"},{"taxonomy":"product_cat","embeddable":true,"href":"https:\/\/educaredigital.online\/loja\/wp-json\/wp\/v2\/product_cat?post=6325"},{"taxonomy":"product_tag","embeddable":true,"href":"https:\/\/educaredigital.online\/loja\/wp-json\/wp\/v2\/product_tag?post=6325"}],"curies":[{"name":"wp","href":"https:\/\/api.w.org\/{rel}","templated":true}]}}