{"id":6321,"date":"2026-04-07T21:02:05","date_gmt":"2026-04-07T21:02:05","guid":{"rendered":"https:\/\/educaredigital.online\/loja\/produto\/experiencia-do-lar-edicao-memorial-como-tornar-sua-casa-um-lugar-de-amor-e-paz\/"},"modified":"2026-04-08T18:35:39","modified_gmt":"2026-04-08T18:35:39","slug":"experiencia-do-lar-edicao-memorial-como-tornar-sua-casa-um-lugar-de-amor-e-paz","status":"publish","type":"product","link":"https:\/\/educaredigital.online\/loja\/produto\/experiencia-do-lar-edicao-memorial-como-tornar-sua-casa-um-lugar-de-amor-e-paz\/","title":{"rendered":"Experi\u00eancia do Lar: Como Tornar Sua Casa um Lugar de Amor e Paz"},"content":{"rendered":"<p data-start=\"0\" data-end=\"158\"><strong><span class=\"hover:entity-accent entity-underline inline cursor-pointer align-baseline\"><span class=\"whitespace-normal\">Experi\u00eancia do Lar: Como Tornar Sua Casa um Lugar de Amor e Paz<\/span><\/span> <\/strong>apresenta reflex\u00f5es e orienta\u00e7\u00f5es para transformar o ambiente familiar em um espa\u00e7o mais harmonioso e acolhedor.<\/p>\n<p data-start=\"160\" data-end=\"410\" data-is-last-node=\"\" data-is-only-node=\"\">Com linguagem simples e inspiradora, a obra aborda temas como conviv\u00eancia, cuidado, organiza\u00e7\u00e3o e rela\u00e7\u00f5es afetivas. \u00c9 uma excelente op\u00e7\u00e3o para quem busca fortalecer os v\u00ednculos familiares e criar um lar mais leve, equilibrado e cheio de significado.<\/p>\n<div class=\"details-table-wrapper\">\n<table class=\"product-details-table\">\n<tbody>\n<tr>\n<td>Autor<\/td>\n<td>Devi Titus e Trina Lozano Titus<\/td>\n<\/tr>\n<tr>\n<td>Tradutor(a)<\/td>\n<td>Susana Klassen<\/td>\n<\/tr>\n<tr>\n<td>ISBN<\/td>\n<td>9786556896311<\/td>\n<\/tr>\n<tr>\n<td>Editora<\/td>\n<td>Vitrola<\/td>\n<\/tr>\n<tr>\n<td>N\u00ba de p\u00e1ginas<\/td>\n<td>320<\/td>\n<\/tr>\n<\/tbody>\n<\/table>\n<\/div>\n","protected":false},"excerpt":{"rendered":"<p>Edi\u00e7\u00e3o Memorial<\/p>\n","protected":false},"featured_media":6320,"comment_status":"open","ping_status":"closed","template":"","meta":[],"product_brand":[],"product_cat":[215],"product_tag":[],"class_list":{"0":"post-6321","1":"product","2":"type-product","3":"status-publish","6":"product_cat-adulto-18","8":"first","9":"instock","10":"shipping-taxable","11":"purchasable","12":"product-type-simple"},"_links":{"self":[{"href":"https:\/\/educaredigital.online\/loja\/wp-json\/wp\/v2\/product\/6321","targetHints":{"allow":["GET"]}}],"collection":[{"href":"https:\/\/educaredigital.online\/loja\/wp-json\/wp\/v2\/product"}],"about":[{"href":"https:\/\/educaredigital.online\/loja\/wp-json\/wp\/v2\/types\/product"}],"replies":[{"embeddable":true,"href":"https:\/\/educaredigital.online\/loja\/wp-json\/wp\/v2\/comments?post=6321"}],"wp:featuredmedia":[{"embeddable":true,"href":"https:\/\/educaredigital.online\/loja\/wp-json\/wp\/v2\/media\/6320"}],"wp:attachment":[{"href":"https:\/\/educaredigital.online\/loja\/wp-json\/wp\/v2\/media?parent=6321"}],"wp:term":[{"taxonomy":"product_brand","embeddable":true,"href":"https:\/\/educaredigital.online\/loja\/wp-json\/wp\/v2\/product_brand?post=6321"},{"taxonomy":"product_cat","embeddable":true,"href":"https:\/\/educaredigital.online\/loja\/wp-json\/wp\/v2\/product_cat?post=6321"},{"taxonomy":"product_tag","embeddable":true,"href":"https:\/\/educaredigital.online\/loja\/wp-json\/wp\/v2\/product_tag?post=6321"}],"curies":[{"name":"wp","href":"https:\/\/api.w.org\/{rel}","templated":true}]}}