{"id":6319,"date":"2026-04-07T21:02:05","date_gmt":"2026-04-07T21:02:05","guid":{"rendered":"https:\/\/educaredigital.online\/loja\/produto\/devocional-mulheres-2026\/"},"modified":"2026-04-08T18:39:17","modified_gmt":"2026-04-08T18:39:17","slug":"devocional-mulheres-2026","status":"publish","type":"product","link":"https:\/\/educaredigital.online\/loja\/produto\/devocional-mulheres-2026\/","title":{"rendered":"Devocional Mulheres &#8211; 2026"},"content":{"rendered":"<p><strong>Devocional Mulheres 2026,<\/strong> de Viviane Martinello, \u00e9 um devocional anual que convida a mulher crist\u00e3 a uma jornada de crescimento espiritual e reflex\u00e3o di\u00e1ria. Com 392 p\u00e1ginas em capa dura, a obra aborda temas como relacionamentos, perd\u00e3o, fam\u00edlia e chamado, sempre \u00e0 luz da Palavra de Deus, a partir de testemunhos pessoais e ensinamentos da pastora da Abba Pai Church.<\/p>\n<p>Mais do que um livro de medita\u00e7\u00f5es, a obra oferece identifica\u00e7\u00e3o e acolhimento para mulheres de todas as idades, servindo como inspira\u00e7\u00e3o para uma vida mais alinhada com os prop\u00f3sitos divinos e o fortalecimento da f\u00e9 em Cristo.<\/p>\n<div class=\"details-table-wrapper\">\n<table class=\"product-details-table\">\n<tbody>\n<tr>\n<td>Autor<\/td>\n<td>Viviane Martinello<\/td>\n<\/tr>\n<tr>\n<td>ISBN<\/td>\n<td>9786555848144<\/td>\n<\/tr>\n<tr>\n<td>Editora<\/td>\n<td>Vida<\/td>\n<\/tr>\n<tr>\n<td>N\u00ba de p\u00e1ginas<\/td>\n<td>400<\/td>\n<\/tr>\n<\/tbody>\n<\/table>\n<\/div>\n","protected":false},"excerpt":{"rendered":"<p>Devocional Mulheres 2026, de Viviane Martinello, \u00e9 um devocional anual que convida a mulher crist\u00e3 a uma jornada de crescimento espiritual e reflex\u00e3o di\u00e1ria. Com 392 p\u00e1ginas em capa dura, a obra aborda temas como relacionamentos, perd\u00e3o, fam\u00edlia e chamado,<\/p>\n","protected":false},"featured_media":6318,"comment_status":"open","ping_status":"closed","template":"","meta":[],"product_brand":[],"product_cat":[215],"product_tag":[],"class_list":{"0":"post-6319","1":"product","2":"type-product","3":"status-publish","6":"product_cat-adulto-18","8":"first","9":"instock","10":"shipping-taxable","11":"purchasable","12":"product-type-simple"},"_links":{"self":[{"href":"https:\/\/educaredigital.online\/loja\/wp-json\/wp\/v2\/product\/6319","targetHints":{"allow":["GET"]}}],"collection":[{"href":"https:\/\/educaredigital.online\/loja\/wp-json\/wp\/v2\/product"}],"about":[{"href":"https:\/\/educaredigital.online\/loja\/wp-json\/wp\/v2\/types\/product"}],"replies":[{"embeddable":true,"href":"https:\/\/educaredigital.online\/loja\/wp-json\/wp\/v2\/comments?post=6319"}],"wp:featuredmedia":[{"embeddable":true,"href":"https:\/\/educaredigital.online\/loja\/wp-json\/wp\/v2\/media\/6318"}],"wp:attachment":[{"href":"https:\/\/educaredigital.online\/loja\/wp-json\/wp\/v2\/media?parent=6319"}],"wp:term":[{"taxonomy":"product_brand","embeddable":true,"href":"https:\/\/educaredigital.online\/loja\/wp-json\/wp\/v2\/product_brand?post=6319"},{"taxonomy":"product_cat","embeddable":true,"href":"https:\/\/educaredigital.online\/loja\/wp-json\/wp\/v2\/product_cat?post=6319"},{"taxonomy":"product_tag","embeddable":true,"href":"https:\/\/educaredigital.online\/loja\/wp-json\/wp\/v2\/product_tag?post=6319"}],"curies":[{"name":"wp","href":"https:\/\/api.w.org\/{rel}","templated":true}]}}