{"id":6317,"date":"2026-04-07T21:02:04","date_gmt":"2026-04-07T21:02:04","guid":{"rendered":"https:\/\/educaredigital.online\/loja\/produto\/contos-de-grimm-vol-3\/"},"modified":"2026-04-08T18:31:23","modified_gmt":"2026-04-08T18:31:23","slug":"contos-de-grimm-vol-3","status":"publish","type":"product","link":"https:\/\/educaredigital.online\/loja\/produto\/contos-de-grimm-vol-3\/","title":{"rendered":"Contos de Grimm &#8211; Vol. 3"},"content":{"rendered":"<p><strong>Contos de Grimm &#8211; Vol. 3<\/strong> re\u00fane mais hist\u00f3rias encantadoras dos Irm\u00e3os Grimm, mantendo viva a tradi\u00e7\u00e3o dos contos que atravessam gera\u00e7\u00f5es.<\/p>\n<p>Com narrativas cheias de fantasia e ensinamentos, a obra estimula a imagina\u00e7\u00e3o e transmite valores importantes de forma l\u00fadica. \u00c9 uma excelente op\u00e7\u00e3o para crian\u00e7as e para quem aprecia os cl\u00e1ssicos da literatura infantil.<\/p>\n<div class=\"details-table-wrapper\">\n<table class=\"product-details-table\">\n<tbody>\n<tr>\n<td>Autor<\/td>\n<td>Irm\u00e3os Grimm<\/td>\n<\/tr>\n<tr>\n<td>ISBN<\/td>\n<td>9786589711605<\/td>\n<\/tr>\n<tr>\n<td>Editora<\/td>\n<td>Vitrola<\/td>\n<\/tr>\n<tr>\n<td>N\u00ba de p\u00e1ginas<\/td>\n<td>278<\/td>\n<\/tr>\n<\/tbody>\n<\/table>\n<\/div>\n","protected":false},"excerpt":{"rendered":"<p>Contos de Grimm &#8211; Vol. 3 re\u00fane mais hist\u00f3rias encantadoras dos Irm\u00e3os Grimm, mantendo viva a tradi\u00e7\u00e3o dos contos que atravessam gera\u00e7\u00f5es. Com narrativas cheias de fantasia e ensinamentos, a obra estimula a imagina\u00e7\u00e3o e transmite valores importantes de forma<\/p>\n","protected":false},"featured_media":6316,"comment_status":"open","ping_status":"closed","template":"","meta":[],"product_brand":[],"product_cat":[205],"product_tag":[],"class_list":{"0":"post-6317","1":"product","2":"type-product","3":"status-publish","6":"product_cat-fundamental-4-ao-5","8":"first","9":"instock","10":"shipping-taxable","11":"purchasable","12":"product-type-simple"},"_links":{"self":[{"href":"https:\/\/educaredigital.online\/loja\/wp-json\/wp\/v2\/product\/6317","targetHints":{"allow":["GET"]}}],"collection":[{"href":"https:\/\/educaredigital.online\/loja\/wp-json\/wp\/v2\/product"}],"about":[{"href":"https:\/\/educaredigital.online\/loja\/wp-json\/wp\/v2\/types\/product"}],"replies":[{"embeddable":true,"href":"https:\/\/educaredigital.online\/loja\/wp-json\/wp\/v2\/comments?post=6317"}],"wp:featuredmedia":[{"embeddable":true,"href":"https:\/\/educaredigital.online\/loja\/wp-json\/wp\/v2\/media\/6316"}],"wp:attachment":[{"href":"https:\/\/educaredigital.online\/loja\/wp-json\/wp\/v2\/media?parent=6317"}],"wp:term":[{"taxonomy":"product_brand","embeddable":true,"href":"https:\/\/educaredigital.online\/loja\/wp-json\/wp\/v2\/product_brand?post=6317"},{"taxonomy":"product_cat","embeddable":true,"href":"https:\/\/educaredigital.online\/loja\/wp-json\/wp\/v2\/product_cat?post=6317"},{"taxonomy":"product_tag","embeddable":true,"href":"https:\/\/educaredigital.online\/loja\/wp-json\/wp\/v2\/product_tag?post=6317"}],"curies":[{"name":"wp","href":"https:\/\/api.w.org\/{rel}","templated":true}]}}