{"id":6313,"date":"2026-04-07T21:01:59","date_gmt":"2026-04-07T21:01:59","guid":{"rendered":"https:\/\/educaredigital.online\/loja\/produto\/contos-de-grimm-vol-1\/"},"modified":"2026-04-08T18:28:20","modified_gmt":"2026-04-08T18:28:20","slug":"contos-de-grimm-vol-1","status":"publish","type":"product","link":"https:\/\/educaredigital.online\/loja\/produto\/contos-de-grimm-vol-1\/","title":{"rendered":"Contos de Grimm &#8211; Vol. 1"},"content":{"rendered":"<p><strong>Contos de Grimm &#8211; Vol. 1<\/strong> re\u00fane hist\u00f3rias tradicionais dos Irm\u00e3os Grimm, conhecidas por atravessarem gera\u00e7\u00f5es com narrativas cheias de fantasia e ensinamentos.<\/p>\n<p>Com linguagem acess\u00edvel e hist\u00f3rias marcantes, a obra apresenta contos que estimulam a imagina\u00e7\u00e3o e trazem li\u00e7\u00f5es sobre coragem, esperteza e valores. \u00c9 uma excelente op\u00e7\u00e3o para crian\u00e7as e para quem aprecia cl\u00e1ssicos da literatura infantil.<\/p>\n<div class=\"details-table-wrapper\">\n<table class=\"product-details-table\">\n<tbody>\n<tr>\n<td>Autor<\/td>\n<td>Irm\u00e3os Grimm<\/td>\n<\/tr>\n<tr>\n<td>ISBN<\/td>\n<td>9786589711551<\/td>\n<\/tr>\n<tr>\n<td>Editora<\/td>\n<td>Vitrola<\/td>\n<\/tr>\n<tr>\n<td>N\u00ba de p\u00e1ginas<\/td>\n<td>308<\/td>\n<\/tr>\n<\/tbody>\n<\/table>\n<\/div>\n","protected":false},"excerpt":{"rendered":"<p>Contos de Grimm &#8211; Vol. 1 re\u00fane hist\u00f3rias tradicionais dos Irm\u00e3os Grimm, conhecidas por atravessarem gera\u00e7\u00f5es com narrativas cheias de fantasia e ensinamentos. Com linguagem acess\u00edvel e hist\u00f3rias marcantes, a obra apresenta contos que estimulam a imagina\u00e7\u00e3o e trazem li\u00e7\u00f5es<\/p>\n","protected":false},"featured_media":6312,"comment_status":"open","ping_status":"closed","template":"","meta":[],"product_brand":[],"product_cat":[205],"product_tag":[],"class_list":{"0":"post-6313","1":"product","2":"type-product","3":"status-publish","6":"product_cat-fundamental-4-ao-5","8":"first","9":"instock","10":"shipping-taxable","11":"purchasable","12":"product-type-simple"},"_links":{"self":[{"href":"https:\/\/educaredigital.online\/loja\/wp-json\/wp\/v2\/product\/6313","targetHints":{"allow":["GET"]}}],"collection":[{"href":"https:\/\/educaredigital.online\/loja\/wp-json\/wp\/v2\/product"}],"about":[{"href":"https:\/\/educaredigital.online\/loja\/wp-json\/wp\/v2\/types\/product"}],"replies":[{"embeddable":true,"href":"https:\/\/educaredigital.online\/loja\/wp-json\/wp\/v2\/comments?post=6313"}],"wp:featuredmedia":[{"embeddable":true,"href":"https:\/\/educaredigital.online\/loja\/wp-json\/wp\/v2\/media\/6312"}],"wp:attachment":[{"href":"https:\/\/educaredigital.online\/loja\/wp-json\/wp\/v2\/media?parent=6313"}],"wp:term":[{"taxonomy":"product_brand","embeddable":true,"href":"https:\/\/educaredigital.online\/loja\/wp-json\/wp\/v2\/product_brand?post=6313"},{"taxonomy":"product_cat","embeddable":true,"href":"https:\/\/educaredigital.online\/loja\/wp-json\/wp\/v2\/product_cat?post=6313"},{"taxonomy":"product_tag","embeddable":true,"href":"https:\/\/educaredigital.online\/loja\/wp-json\/wp\/v2\/product_tag?post=6313"}],"curies":[{"name":"wp","href":"https:\/\/api.w.org\/{rel}","templated":true}]}}