{"id":6311,"date":"2026-04-07T21:01:58","date_gmt":"2026-04-07T21:01:58","guid":{"rendered":"https:\/\/educaredigital.online\/loja\/produto\/biblia-acf-peonias-rosadas\/"},"modified":"2026-04-08T18:25:12","modified_gmt":"2026-04-08T18:25:12","slug":"biblia-acf-peonias-rosadas","status":"publish","type":"product","link":"https:\/\/educaredigital.online\/loja\/produto\/biblia-acf-peonias-rosadas\/","title":{"rendered":"B\u00edblia ACF &#8211; Peonias Rosadas"},"content":{"rendered":"<p><strong>A B\u00edblia ACF &#8211; Pe\u00f4nias Rosadas<\/strong> \u00e9 uma edi\u00e7\u00e3o muito procurada por unir beleza e praticidade. Ela utiliza a tradu\u00e7\u00e3o Almeida Corrigida Fiel, conhecida por manter fidelidade ao texto cl\u00e1ssico.<\/p>\n<p>\u00c9 uma B\u00edblia completa, tradicional e resistente, com um diferencial est\u00e9tico forte \u2014 perfeita tanto para uso pessoal quanto para presentear.<\/p>\n<div class=\"details-table-wrapper\">\n<table class=\"product-details-table\">\n<tbody>\n<tr>\n<td>Autor<\/td>\n<td>Thomas Nelson Brasil<\/td>\n<\/tr>\n<tr>\n<td>ISBN<\/td>\n<td>9786556892061<\/td>\n<\/tr>\n<tr>\n<td>Editora<\/td>\n<td>Thomas Nelson Brasil<\/td>\n<\/tr>\n<tr>\n<td>N\u00ba de p\u00e1ginas<\/td>\n<td>1600<\/td>\n<\/tr>\n<\/tbody>\n<\/table>\n<\/div>\n","protected":false},"excerpt":{"rendered":"<p>A B\u00edblia ACF &#8211; Pe\u00f4nias Rosadas \u00e9 uma edi\u00e7\u00e3o muito procurada por unir beleza e praticidade. Ela utiliza a tradu\u00e7\u00e3o Almeida Corrigida Fiel, conhecida por manter fidelidade ao texto cl\u00e1ssico. \u00c9 uma B\u00edblia completa, tradicional e resistente, com um diferencial<\/p>\n","protected":false},"featured_media":6310,"comment_status":"open","ping_status":"closed","template":"","meta":[],"product_brand":[],"product_cat":[215],"product_tag":[],"class_list":{"0":"post-6311","1":"product","2":"type-product","3":"status-publish","6":"product_cat-adulto-18","8":"first","9":"instock","10":"shipping-taxable","11":"purchasable","12":"product-type-simple"},"_links":{"self":[{"href":"https:\/\/educaredigital.online\/loja\/wp-json\/wp\/v2\/product\/6311","targetHints":{"allow":["GET"]}}],"collection":[{"href":"https:\/\/educaredigital.online\/loja\/wp-json\/wp\/v2\/product"}],"about":[{"href":"https:\/\/educaredigital.online\/loja\/wp-json\/wp\/v2\/types\/product"}],"replies":[{"embeddable":true,"href":"https:\/\/educaredigital.online\/loja\/wp-json\/wp\/v2\/comments?post=6311"}],"wp:featuredmedia":[{"embeddable":true,"href":"https:\/\/educaredigital.online\/loja\/wp-json\/wp\/v2\/media\/6310"}],"wp:attachment":[{"href":"https:\/\/educaredigital.online\/loja\/wp-json\/wp\/v2\/media?parent=6311"}],"wp:term":[{"taxonomy":"product_brand","embeddable":true,"href":"https:\/\/educaredigital.online\/loja\/wp-json\/wp\/v2\/product_brand?post=6311"},{"taxonomy":"product_cat","embeddable":true,"href":"https:\/\/educaredigital.online\/loja\/wp-json\/wp\/v2\/product_cat?post=6311"},{"taxonomy":"product_tag","embeddable":true,"href":"https:\/\/educaredigital.online\/loja\/wp-json\/wp\/v2\/product_tag?post=6311"}],"curies":[{"name":"wp","href":"https:\/\/api.w.org\/{rel}","templated":true}]}}