{"id":6309,"date":"2026-04-07T21:01:58","date_gmt":"2026-04-07T21:01:58","guid":{"rendered":"https:\/\/educaredigital.online\/loja\/produto\/a-bolsa-amarela\/"},"modified":"2026-04-08T18:24:45","modified_gmt":"2026-04-08T18:24:45","slug":"a-bolsa-amarela","status":"publish","type":"product","link":"https:\/\/educaredigital.online\/loja\/produto\/a-bolsa-amarela\/","title":{"rendered":"A Bolsa Amarela"},"content":{"rendered":"<p><strong>A Bolsa Amarela<\/strong>, de <em>Lygia Bojunga<\/em>, conta a hist\u00f3ria de Raquel, uma menina cheia de vontades guardadas dentro de uma bolsa especial. Por meio de uma narrativa criativa e sens\u00edvel, a obra aborda desejos, sentimentos e a busca por identidade.<\/p>\n<p>Com linguagem leve e envolvente, o livro trata temas como autoconhecimento, liberdade de express\u00e3o e crescimento emocional. \u00c9 uma excelente op\u00e7\u00e3o para crian\u00e7as e jovens, trazendo reflex\u00f5es importantes de forma l\u00fadica e encantadora.<\/p>\n<div class=\"details-table-wrapper\">\n<table class=\"product-details-table\">\n<tbody>\n<tr>\n<td>Autor<\/td>\n<td>Lygia Bojunga<\/td>\n<\/tr>\n<tr>\n<td>ISBN<\/td>\n<td>9788589020039<\/td>\n<\/tr>\n<tr>\n<td>Editora<\/td>\n<td>Casa Lygia Bojunga<\/td>\n<\/tr>\n<tr>\n<td>N\u00ba de p\u00e1ginas<\/td>\n<td>104<\/td>\n<\/tr>\n<\/tbody>\n<\/table>\n<\/div>\n","protected":false},"excerpt":{"rendered":"<p>A Bolsa Amarela, de Lygia Bojunga, conta a hist\u00f3ria de Raquel, uma menina cheia de vontades guardadas dentro de uma bolsa especial. Por meio de uma narrativa criativa e sens\u00edvel, a obra aborda desejos, sentimentos e a busca por identidade.<\/p>\n","protected":false},"featured_media":6308,"comment_status":"open","ping_status":"closed","template":"","meta":[],"product_brand":[],"product_cat":[206],"product_tag":[],"class_list":{"0":"post-6309","1":"product","2":"type-product","3":"status-publish","6":"product_cat-fundamental-2-6o-ao-9o","8":"first","9":"instock","10":"shipping-taxable","11":"purchasable","12":"product-type-simple"},"_links":{"self":[{"href":"https:\/\/educaredigital.online\/loja\/wp-json\/wp\/v2\/product\/6309","targetHints":{"allow":["GET"]}}],"collection":[{"href":"https:\/\/educaredigital.online\/loja\/wp-json\/wp\/v2\/product"}],"about":[{"href":"https:\/\/educaredigital.online\/loja\/wp-json\/wp\/v2\/types\/product"}],"replies":[{"embeddable":true,"href":"https:\/\/educaredigital.online\/loja\/wp-json\/wp\/v2\/comments?post=6309"}],"wp:featuredmedia":[{"embeddable":true,"href":"https:\/\/educaredigital.online\/loja\/wp-json\/wp\/v2\/media\/6308"}],"wp:attachment":[{"href":"https:\/\/educaredigital.online\/loja\/wp-json\/wp\/v2\/media?parent=6309"}],"wp:term":[{"taxonomy":"product_brand","embeddable":true,"href":"https:\/\/educaredigital.online\/loja\/wp-json\/wp\/v2\/product_brand?post=6309"},{"taxonomy":"product_cat","embeddable":true,"href":"https:\/\/educaredigital.online\/loja\/wp-json\/wp\/v2\/product_cat?post=6309"},{"taxonomy":"product_tag","embeddable":true,"href":"https:\/\/educaredigital.online\/loja\/wp-json\/wp\/v2\/product_tag?post=6309"}],"curies":[{"name":"wp","href":"https:\/\/api.w.org\/{rel}","templated":true}]}}